{"id":2922,"date":"2023-02-28T14:30:28","date_gmt":"2023-02-28T14:30:28","guid":{"rendered":"https:\/\/rgmetalshaping.com\/politica-de-privacidad\/"},"modified":"2026-04-10T07:37:48","modified_gmt":"2026-04-10T07:37:48","slug":"politica-de-privadesa","status":"publish","type":"page","link":"https:\/\/rgmetalshaping.com\/ca\/politica-de-privacidad\/","title":{"rendered":"Pol\u00edtica de Privadesa"},"content":{"rendered":"<div data-elementor-type=\"wp-page\" data-elementor-id=\"2922\" class=\"elementor elementor-2922\">\n\t\t\t\t<div class=\"elementor-element elementor-element-d5768d2 e-flex e-con-boxed e-con e-parent\" data-id=\"d5768d2\" data-element_type=\"container\" data-e-type=\"container\">\n\t\t\t\t\t<div class=\"e-con-inner\">\n\t\t\t\t<div class=\"elementor-element elementor-element-79f5a9e elementor-widget elementor-widget-text-editor\" data-id=\"79f5a9e\" data-element_type=\"widget\" data-e-type=\"widget\" data-widget_type=\"text-editor.default\">\n\t\t\t\t<div class=\"elementor-widget-container\">\n\t\t\t\t\t\t\t\t\t<h3>Responsable del Tractament<\/h3><p>L'empresa responsable del tractament de les seves dades en virtut d'aquesta Pol\u00edtica de privadesa \u00e9s:<\/p><p>R&amp;G METAL SHAPING S.L.U.<br \/>NIF: B66381211<br \/>Adre\u00e7a: Pol. Ind. Malloles, C\/ Esquirol, 4, 08500, Vic, Espanya<br \/>Correu electr\u00f2nic: lopd@rgmetalshaping.com.<br \/>Web: rgmetalshaping.com\/<br \/>Tel\u00e8fon: +34 938 122 744<br \/>Inscrita en el Registre Mercantil de Barcelona, tom 44508, foli 125, full 458178, inscripci\u00f3 1\u00aa.<\/p><p>A R&amp;G METAL SHAPING S.L.U., reconeixem la import\u00e0ncia de protegir la seva informaci\u00f3 personal i estem compromesos a tractar-la amb responsabilitat i de conformitat amb les lleis de protecci\u00f3 de dades.<\/p><p>La present pol\u00edtica de privadesa pret\u00e9n regular tots els aspectes relatius al tractament de dades dels diferents usuaris que naveguen o faciliten les seves dades personals a trav\u00e9s dels diferents formularis situats al web.<\/p><h3>\u00a0<\/h3><h3>Dades Personals<\/h3><p>Una dada personal \u00e9s la informaci\u00f3 que t'identifica o et fa identificable. A trav\u00e9s del web, en les caselles establertes a l'efecte recollim les dades personals que l'usuari ens comunica: nom, cognoms, correu electr\u00f2nic, tel\u00e8fon, adre\u00e7a postal, poblaci\u00f3, etc., aix\u00ed com totes aquelles dades que volunt\u00e0riament ens proporcioni a trav\u00e9s de qualsevol de les xarxes socials de les quals l'usuari est\u00e0 registrat. En aquest cas, la privacitat dependr\u00e0 de la pr\u00f2pia configuraci\u00f3 establerta per l'usuari aix\u00ed com dels termes i condicions de la pr\u00f2pia xarxa social.<\/p><p>La visita de l'usuari al web no implica que hagi de facilitar cap informaci\u00f3 sobre les seves dades personals. No obstant aix\u00f2, en cas de facilitar-les, les dades seran tractades de forma l\u00edcita amb subjecci\u00f3 en tot moment als principis i drets recollits al RGPD 2016\/679 del 27 d'abril de 2016 i la LOPDGDD 3\/2018 del 5 de desembre.<\/p><h3>\u00a0<\/h3><h3>Finalitat, durada i legitimaci\u00f3 del tractament:<\/h3><p>Les dades que l'usuari ens proporcioni les tractarem amb les seg\u00fcents finalitats:<\/p><ul><li>Atendre la sol\u00b7licitud o petici\u00f3 realitzada per l'usuari a trav\u00e9s del formulari de contacte situat al web. Recopilem i tractem les dades personals de l'usuari per poder tramitar i gestionar la seva sol\u00b7licitud, una consulta o qualsevol petici\u00f3 que realitza a trav\u00e9s d'aquest formulari. Aquestes dades les conservarem durant el temps necessari per donar compliment a la seva petici\u00f3 i durant el temps establert per la llei amb una durada m\u00ednima de 3 anys.<\/li><\/ul><p style=\"padding-left: 40px;\">La base de legitimaci\u00f3 del tractament de les dades ser\u00e0 el consentiment que atorga l'usuari en seleccionar la casella d'acceptaci\u00f3 de la nostra pol\u00edtica de privacitat abans d'enviar la petici\u00f3. L'usuari t\u00e9 dret a revocar el seu consentiment en qualsevol moment sense que aix\u00f2 afecti la licitud del tractament basat en el consentiment previ a la seva retirada.<\/p><ul><li>Millorar la seva experi\u00e8ncia de navegaci\u00f3 web. Conservarem aquestes dades mentre l'usuari no revoqui el seu consentiment al tractament d'aquestes eliminant les galetes i durant el temps establert per la llei amb una durada m\u00ednima de 3 anys.<\/li><\/ul><p style=\"padding-left: 40px;\">La base de legitimaci\u00f3 per millorar la seva experi\u00e8ncia en navegar pel web \u00e9s el consentiment que atorga l'usuari en acceptar les cookies. L'usuari t\u00e9 dret a revocar el seu consentiment en qualsevol moment sense que aix\u00f2 afecti la licitud del tractament basat en el consentiment previ a la seva retirada.<\/p><ul><li>Gestionar les nostres<strong> xarxes socials<\/strong> i enviar-li informaci\u00f3 sobre les nostres activitats i productes. Aquestes dades les conservarem mentre l'usuari no revoqui el seu consentiment al tractament de les mateixes i durant el temps establert per la llei amb una durada m\u00ednima de 3 anys.<\/li><\/ul><p style=\"padding-left: 40px;\">La base leg\u00edtima per gestionar les nostres xarxes socials i enviar-li les nostres activitats i novetats \u00e9s el consentiment que ens atorga per a fer-ho. L'usuari t\u00e9 dret a revocar el seu consentiment en qualsevol moment sense que aix\u00f2 afecti a la licitud del tractament basat en el consentiment previ a la seva retirada.<\/p><ul><li>Gestionar les experi\u00e8ncies o opinions respecte als productes i\/o serveis mitjan\u00e7ant els <strong>Testimonis<\/strong> dels usuaris que seran publicats a la p\u00e0gina web i aix\u00ed poder ajudar altres usuaris. Les \u00faniques dades personals que es publicaran del testimoni seran el nom i la ciutat de l'usuari. Les dades facilitades les conservarem mentre l'usuari no sol\u00b7liciti la seva revocaci\u00f3 i durant el temps establert per la llei amb una durada m\u00ednima de 3 anys.<\/li><\/ul><p style=\"padding-left: 40px;\">La base de legitimaci\u00f3 del tractament de les dades ser\u00e0 el consentiment que atorga l'usuari en registrar-se a trav\u00e9s del formulari habilitat a aquest efecte al web i en seleccionar la casella d'acceptaci\u00f3 de la nostra pol\u00edtica de privacitat abans d'enviar la seva sol\u00b7licitud.<\/p><ul><li><strong>Enviar comunicacions, butlletins o newsletters<\/strong> sobre productes de R&amp;G METAL SHAPING S.L.U.. Sota el consentiment de l'usuari recollim i tractem les seves dades personals per poder enviar-li informaci\u00f3 sobre els nostres productes i serveis. Aquestes dades les conservarem mentre l'usuari no revoqui el seu consentiment al tractament de les mateixes i durant el temps establert per la llei amb una durada m\u00ednima de 3 anys.<\/li><\/ul><p style=\"padding-left: 40px;\">La base de legitimaci\u00f3 del tractament de les dades ser\u00e0 el consentiment que atorga l'usuari en seleccionar la casella d'acceptaci\u00f3 de la nostra pol\u00edtica de privacitat abans de subscriure's al butllet\u00ed en el formulari habilitat a aquest efecte a la web. L'usuari t\u00e9 dret a revocar el seu consentiment en qualsevol moment sense que aix\u00f2 afecti la licitud del tractament basat en el consentiment previ a la seva retirada.<\/p><ul><li>Gestioneu el <strong>curr\u00edculum<\/strong> rem\u00e8s per la persona interessada a trav\u00e9s del formulari habilitat per a aquest efecte i incloure'l a la base de dades de candidats de l'empresa. Aquestes dades es tractaran durant el termini m\u00e0xim d'un any, transcorregut el qual, es procedir\u00e0 al bloqueig de les dades durant el temps establert legalment, garantint-li un total respecte a la confidencialitat tant en el tractament com en la seva posterior destrucci\u00f3.<\/li><\/ul><p style=\"padding-left: 40px;\">La base leg\u00edtima per gestionar i tractar el curr\u00edculum de la persona interessada \u00e9s el seu consentiment, el qual manifesta en realitzar una acci\u00f3 afirmativa d'enviament del mateix i seleccionar la casella d'acceptaci\u00f3 de la nostra pol\u00edtica de privacitat pr\u00e8viament al seu enviament. L'usuari t\u00e9 dret a revocar el seu consentiment en qualsevol moment sense que aix\u00f2 afecti la licitud del tractament basat en el consentiment previ a la seva retirada.<\/p><ul><li>Gestionar les comunicacions presentades a trav\u00e9s del <strong>canal de den\u00fancies<\/strong> implementat pel Responsable. Tractarem les dades personals (en cas que la comunicaci\u00f3 no sigui an\u00f2nima) i informaci\u00f3 aportada per la persona interessada amb la finalitat de gestionar i resoldre la den\u00fancia efectuada a trav\u00e9s del canal i al qual s'accedeix a trav\u00e9s del web.<\/li><\/ul><p style=\"padding-left: 40px;\">La base jur\u00eddica per al tractament d'aquestes dades \u00e9s l'execuci\u00f3 d'una tasca realitzada en inter\u00e8s p\u00fablic, aix\u00ed com el compliment d'una obligaci\u00f3 legal. Les dades es conservaran nom\u00e9s durant el temps estrictament necessari per determinar si s'obre una investigaci\u00f3 sobre els incidents comunicats. En qualsevol cas, tres mesos despr\u00e9s de l'entrada de les dades, si la queixa no ha estat estimada, es podran conservar \u00fanicament amb la finalitat de proporcionar proves dins del sistema, de manera anonimitzada. Si la queixa ha estat estimada, les dades s'eliminaran i es bloquejaran del sistema intern de queixes, i es conservaran durant un per\u00edode no superior a deu anys. Les dades podran continuar sent tractades per l'autoritat i l'organisme competents en cas d'una investigaci\u00f3 sobre els fets denunciats. Les dades nom\u00e9s es comunicaran a tercers quan sigui necessari per a l'adopci\u00f3 de mesures disciplin\u00e0ries o per a la tramitaci\u00f3 de qualsevol procediment judicial pertinent, sense perjudici de la notificaci\u00f3 a l'autoritat competent de fets que constitueixin un delicte o una infracci\u00f3 administrativa.<\/p><h3>Cessi\u00f3 o comunicaci\u00f3 de dades personals i transfer\u00e8ncies internacionals<\/h3><p>Les seves dades no es comunicaran ni seran cedides a tercers, llevat que hi hagi alguna obligaci\u00f3 legal o aquells prestadors vinculats al Responsable que actu\u00efn com a encarregats del tractament.<\/p><p>Els nostres servidors es troben a la Uni\u00f3 Europea, i amb car\u00e0cter general, contractem prestadors de serveis ubicats tamb\u00e9 dins de l'Espai Econ\u00f2mic Europeu o en pa\u00efsos que han estat declarats amb un nivell adequat de protecci\u00f3.<\/p><p>Si necessitem utilitzar prove\u00efdors de serveis externs que requereixin la transmissi\u00f3 de dades personals fora de la Uni\u00f3 Europea o en pa\u00efsos que no han estat declarats amb un nivell adequat de protecci\u00f3, ens assegurarem de garantir la seguretat i la legitimaci\u00f3 del tractament de les seves dades mitjan\u00e7ant decisions d'adopci\u00f3, cl\u00e0usules tipus, normes corporatives vinculants, excepcions o qualsevol altre instrument aprovat per l'autoritat de control que ofereixi les garanties adequades per a la realitzaci\u00f3 de la transfer\u00e8ncia internacional de dades.<\/p><h3>\u00a0<\/h3><h3>Actualitzaci\u00f3 de dades<\/h3><p>\u00c9s important que, perqu\u00e8 puguem mantenir les dades personals actualitzades, l'usuari ens informi sempre que hi hagi hagut alguna modificaci\u00f3 en elles, en cas contrari, no responem de la veracitat de les mateixes.<\/p><p>L'usuari garanteix que les dades personals facilitades s\u00f3n veraces, garantint que tota la informaci\u00f3 facilitada correspon a la situaci\u00f3 real, que est\u00e0 actualitzada i \u00e9s exacta, quedant obligat a comunicar qualsevol modificaci\u00f3.<\/p><h3>Dades de tercers<\/h3><p>Si l'usuari facilita dades de terceres persones per a qualsevol finalitat a R&amp;G METAL SHAPING S.L.U., garanteix que ha obtingut aquestes dades de forma l\u00edcita, que ha informat pr\u00e8viament els afectats, obtenint el seu consentiment per comunicar-les i que la informaci\u00f3 facilitada \u00e9s exacta i vera\u00e7.<\/p><h3>Car\u00e0cter obligatori de la informaci\u00f3 sol\u00b7licitada<\/h3><p>Tots els nostres formularis compten amb un asterisc (*) a les dades obligat\u00f2ries. Si l'usuari no facilita aquests camps, o no marca la casella d'acceptaci\u00f3 de la pol\u00edtica de privadesa, no es permetr\u00e0 l'enviament de la informaci\u00f3.<\/p><h3>Drets de les persones interessades<\/h3><p>Teniu dret a accedir a les vostres dades i a obtenir confirmaci\u00f3 sobre el seu tractament, aix\u00ed com una c\u00f2pia de les dades personals objecte de tractament. Teniu dret a actualitzar-les i sol\u00b7licitar la rectificaci\u00f3 de les dades que siguin inexactes o sol\u00b7licitar la supressi\u00f3 quan les dades no siguin necess\u00e0ries per a les finalitats per a les quals van ser recaptades. Podeu sol\u00b7licitar la limitaci\u00f3 en el tractament de les vostres dades i oposar-vos al tractament de les mateixes revocant el vostre consentiment, aix\u00ed com exercir el dret a la portabilitat de les dades. De la mateixa manera, teniu dret a no ser objecte de decisions basades \u00fanicament en el tractament automatitzat de les vostres dades personals. Podeu exercir els vostres drets contactant amb nosaltres a gemma@rgmetalshaping.com. Si considereu que els vostres drets no s'han at\u00e8s degudament, teniu dret a presentar una reclamaci\u00f3 davant l'autoritat de control a www.aepd.es.<\/p><h3>Tractament de dades de menors d'edat<\/h3><p>Qui facilita les dades a trav\u00e9s dels formularis d'aquesta web i accepta el seu tractament declara ser major de 14 anys, quedant prohibit l'acc\u00e9s i \u00fas del portal a menors de dita edat. Si en algun moment, el Responsable detecta que un menor de 14 anys ha proporcionat dades de car\u00e0cter personal, procedirem a la cancel\u00b7laci\u00f3 dels mateixos. Aix\u00ed mateix, els pares o tutors podran en qualsevol cas adre\u00e7ar-se a R&amp;G METAL SHAPING S.L.U. per bloquejar el compte d'acc\u00e9s dels menors al seu c\u00e0rrec que s'haguessin registrat falsejant la seva identitat.<\/p><h3>Xarxes socials<\/h3><p>L'objectiu de les eines com Facebook, Twitter, Instagram, etc. o altres xarxes socials \u00e9s donar visibilitat i difusi\u00f3 a les activitats que desenvolupa la nostra organitzaci\u00f3. Aquestes eines emmagatzemen dades personals als servidors dels serveis respectius i es regeixen per la seva pr\u00f2pia pol\u00edtica de privacitat. Es recomana la revisi\u00f3 i la lectura de les condicions d'\u00fas i pol\u00edtica de privacitat de la xarxa social en el moment de registrar-se, tenint en compte les diferents possibilitats de configuraci\u00f3 en relaci\u00f3 al grau de privacitat del perfil d'usuari a la xarxa social.<\/p><p>Aix\u00ed mateix, el Responsable es reserva el dret d'eliminar de les seves xarxes socials qualsevol informaci\u00f3 publicada per tercers que vulgueri la legalitat, inciti a fer-ho o contingui missatges que attentin contra la dignitat de persones o institucions. Aix\u00ed com tamb\u00e9 el dret a bloquejar o denunciar el perfil autor d'aquests missatges.<\/p><h3>Tractament de Cookies<\/h3><p>Una cookie \u00e9s un petit fitxer que es descarrega i s'emmagatzema a l'ordinador de l'usuari quan aquest accedeix a una p\u00e0gina web. Les cookies permeten al lloc web, entre altres coses, emmagatzemar i recuperar informaci\u00f3 sobre els h\u00e0bits de navegaci\u00f3 de l'usuari o del seu equip i, depenent de la informaci\u00f3 que continguin i de la manera com utilitzi el seu equip, es poden utilitzar per recon\u00e8ixer l'usuari.<\/p><p>L'usuari t\u00e9 l'opci\u00f3 d'impedir la generaci\u00f3 de cookies, mitjan\u00e7ant la selecci\u00f3 de la corresponent opci\u00f3 en el seu programa de navegador. Pot obtenir m\u00e9s informaci\u00f3 llegint la nostra <a href=\"https:\/\/rgmetalshaping.com\/ca\/politica-de-cookies\/\">Pol\u00edtica de Cookies<\/a>.<\/p><p><em>Data d'actualitzaci\u00f3: 09\/03\/2026<\/em><\/p>\t\t\t\t\t\t\t\t<\/div>\n\t\t\t\t<\/div>\n\t\t\t\t<div class=\"elementor-element elementor-element-6f8b6c4 elementor-widget elementor-widget-spacer\" data-id=\"6f8b6c4\" data-element_type=\"widget\" data-e-type=\"widget\" data-widget_type=\"spacer.default\">\n\t\t\t\t<div class=\"elementor-widget-container\">\n\t\t\t\t\t\t\t<div class=\"elementor-spacer\">\n\t\t\t<div class=\"elementor-spacer-inner\"><\/div>\n\t\t<\/div>\n\t\t\t\t\t\t<\/div>\n\t\t\t\t<\/div>\n\t\t\t\t\t<\/div>\n\t\t\t\t<\/div>\n\t\t\t\t<\/div>","protected":false},"excerpt":{"rendered":"<p>Responsable del Tratamiento La empresa responsable del tratamiento de sus datos en virtud de esta Pol\u00edtica de privacidad es: R&amp;G METAL SHAPING S.L.U.NIF: B66381211Domicilio: Pol. Ind. Malloles, C\/ Esquirol, 4, 08500, Vic, Espa\u00f1aDirecci\u00f3n de correo electr\u00f3nico: lopd@rgmetalshaping.com.Web: rgmetalshaping.com\/Tel\u00e9fono: +34 938 122 744Inscrita en el Registro Mercantil de Barcelona, tomo 44508, folio 125, hoja 458178, inscripci\u00f3n [&hellip;]<\/p>\n","protected":false},"author":3,"featured_media":0,"parent":0,"menu_order":0,"comment_status":"closed","ping_status":"closed","template":"","meta":{"footnotes":""},"class_list":["post-2922","page","type-page","status-publish","hentry"],"yoast_head":"<!-- This site is optimized with the Yoast SEO plugin v27.3 - https:\/\/yoast.com\/product\/yoast-seo-wordpress\/ -->\n<title>Pol\u00edtica de Privacidad &#8226; R&amp;G Metal Shaping<\/title>\n<meta name=\"robots\" content=\"index, follow, max-snippet:-1, max-image-preview:large, max-video-preview:-1\" \/>\n<link rel=\"canonical\" href=\"https:\/\/rgmetalshaping.com\/ca\/politica-de-privadesa\/\" \/>\n<meta property=\"og:locale\" content=\"ca_ES\" \/>\n<meta property=\"og:type\" content=\"article\" \/>\n<meta property=\"og:title\" content=\"Pol\u00edtica de Privacidad &#8226; R&amp;G Metal Shaping\" \/>\n<meta property=\"og:description\" content=\"Responsable del Tratamiento La empresa responsable del tratamiento de sus datos en virtud de esta Pol\u00edtica de privacidad es: R&amp;G METAL SHAPING S.L.U.NIF: B66381211Domicilio: Pol. Ind. Malloles, C\/ Esquirol, 4, 08500, Vic, Espa\u00f1aDirecci\u00f3n de correo electr\u00f3nico: lopd@rgmetalshaping.com.Web: rgmetalshaping.com\/Tel\u00e9fono: +34 938 122 744Inscrita en el Registro Mercantil de Barcelona, tomo 44508, folio 125, hoja 458178, inscripci\u00f3n [&hellip;]\" \/>\n<meta property=\"og:url\" content=\"https:\/\/rgmetalshaping.com\/ca\/politica-de-privadesa\/\" \/>\n<meta property=\"og:site_name\" content=\"R&amp;G Metal Shaping\" \/>\n<meta property=\"article:publisher\" content=\"https:\/\/www.facebook.com\/rgmetalshaping\" \/>\n<meta property=\"article:modified_time\" content=\"2026-04-10T07:37:48+00:00\" \/>\n<meta name=\"twitter:card\" content=\"summary_large_image\" \/>\n<script type=\"application\/ld+json\" class=\"yoast-schema-graph\">{\"@context\":\"https:\\\/\\\/schema.org\",\"@graph\":[{\"@type\":\"WebPage\",\"@id\":\"https:\\\/\\\/rgmetalshaping.com\\\/politica-de-privacidad\\\/\",\"url\":\"https:\\\/\\\/rgmetalshaping.com\\\/politica-de-privacidad\\\/\",\"name\":\"Pol\u00edtica de Privacidad &#8226; R&amp;G Metal Shaping\",\"isPartOf\":{\"@id\":\"https:\\\/\\\/rgmetalshaping.com\\\/#website\"},\"datePublished\":\"2023-02-28T14:30:28+00:00\",\"dateModified\":\"2026-04-10T07:37:48+00:00\",\"breadcrumb\":{\"@id\":\"https:\\\/\\\/rgmetalshaping.com\\\/politica-de-privacidad\\\/#breadcrumb\"},\"inLanguage\":\"ca\",\"potentialAction\":[{\"@type\":\"ReadAction\",\"target\":[\"https:\\\/\\\/rgmetalshaping.com\\\/politica-de-privacidad\\\/\"]}]},{\"@type\":\"BreadcrumbList\",\"@id\":\"https:\\\/\\\/rgmetalshaping.com\\\/politica-de-privacidad\\\/#breadcrumb\",\"itemListElement\":[{\"@type\":\"ListItem\",\"position\":1,\"name\":\"Inici\",\"item\":\"https:\\\/\\\/rgmetalshaping.com\\\/\"},{\"@type\":\"ListItem\",\"position\":2,\"name\":\"Pol\u00edtica de Privacidad\"}]},{\"@type\":\"WebSite\",\"@id\":\"https:\\\/\\\/rgmetalshaping.com\\\/#website\",\"url\":\"https:\\\/\\\/rgmetalshaping.com\\\/\",\"name\":\"R&G Metal Shaping\",\"description\":\"Planchisteria industrial de precisi\u00f3n\",\"publisher\":{\"@id\":\"https:\\\/\\\/rgmetalshaping.com\\\/#organization\"},\"alternateName\":\"RG Metal Shaping\",\"potentialAction\":[{\"@type\":\"SearchAction\",\"target\":{\"@type\":\"EntryPoint\",\"urlTemplate\":\"https:\\\/\\\/rgmetalshaping.com\\\/?s={search_term_string}\"},\"query-input\":{\"@type\":\"PropertyValueSpecification\",\"valueRequired\":true,\"valueName\":\"search_term_string\"}}],\"inLanguage\":\"ca\"},{\"@type\":\"Organization\",\"@id\":\"https:\\\/\\\/rgmetalshaping.com\\\/#organization\",\"name\":\"R&G Metal Shaping\",\"alternateName\":\"R&G Metal Shaping\",\"url\":\"https:\\\/\\\/rgmetalshaping.com\\\/\",\"logo\":{\"@type\":\"ImageObject\",\"inLanguage\":\"ca\",\"@id\":\"https:\\\/\\\/rgmetalshaping.com\\\/#\\\/schema\\\/logo\\\/image\\\/\",\"url\":\"https:\\\/\\\/rgmetalshaping.com\\\/wp-content\\\/uploads\\\/2023\\\/01\\\/RG-Logo-Dark.svg\",\"contentUrl\":\"https:\\\/\\\/rgmetalshaping.com\\\/wp-content\\\/uploads\\\/2023\\\/01\\\/RG-Logo-Dark.svg\",\"width\":101,\"height\":54,\"caption\":\"R&G Metal Shaping\"},\"image\":{\"@id\":\"https:\\\/\\\/rgmetalshaping.com\\\/#\\\/schema\\\/logo\\\/image\\\/\"},\"sameAs\":[\"https:\\\/\\\/www.facebook.com\\\/rgmetalshaping\",\"https:\\\/\\\/www.linkedin.com\\\/company\\\/r&g-metal-shaping-sl\\\/\",\"https:\\\/\\\/www.instagram.com\\\/rgmetalshaping\\\/\"]}]}<\/script>\n<!-- \/ Yoast SEO plugin. -->","yoast_head_json":{"title":"Pol\u00edtica de Privadesa \u2022 R&amp;G Metal Shaping","robots":{"index":"index","follow":"follow","max-snippet":"max-snippet:-1","max-image-preview":"max-image-preview:large","max-video-preview":"max-video-preview:-1"},"canonical":"https:\/\/rgmetalshaping.com\/ca\/politica-de-privadesa\/","og_locale":"ca_ES","og_type":"article","og_title":"Pol\u00edtica de Privacidad &#8226; R&amp;G Metal Shaping","og_description":"Responsable del Tratamiento La empresa responsable del tratamiento de sus datos en virtud de esta Pol\u00edtica de privacidad es: R&amp;G METAL SHAPING S.L.U.NIF: B66381211Domicilio: Pol. Ind. Malloles, C\/ Esquirol, 4, 08500, Vic, Espa\u00f1aDirecci\u00f3n de correo electr\u00f3nico: lopd@rgmetalshaping.com.Web: rgmetalshaping.com\/Tel\u00e9fono: +34 938 122 744Inscrita en el Registro Mercantil de Barcelona, tomo 44508, folio 125, hoja 458178, inscripci\u00f3n [&hellip;]","og_url":"https:\/\/rgmetalshaping.com\/ca\/politica-de-privadesa\/","og_site_name":"R&amp;G Metal Shaping","article_publisher":"https:\/\/www.facebook.com\/rgmetalshaping","article_modified_time":"2026-04-10T07:37:48+00:00","twitter_card":"summary_large_image","schema":{"@context":"https:\/\/schema.org","@graph":[{"@type":"WebPage","@id":"https:\/\/rgmetalshaping.com\/politica-de-privacidad\/","url":"https:\/\/rgmetalshaping.com\/politica-de-privacidad\/","name":"Pol\u00edtica de Privadesa \u2022 R&amp;G Metal Shaping","isPartOf":{"@id":"https:\/\/rgmetalshaping.com\/#website"},"datePublished":"2023-02-28T14:30:28+00:00","dateModified":"2026-04-10T07:37:48+00:00","breadcrumb":{"@id":"https:\/\/rgmetalshaping.com\/politica-de-privacidad\/#breadcrumb"},"inLanguage":"ca","potentialAction":[{"@type":"ReadAction","target":["https:\/\/rgmetalshaping.com\/politica-de-privacidad\/"]}]},{"@type":"BreadcrumbList","@id":"https:\/\/rgmetalshaping.com\/politica-de-privacidad\/#breadcrumb","itemListElement":[{"@type":"ListItem","position":1,"name":"Inici","item":"https:\/\/rgmetalshaping.com\/"},{"@type":"ListItem","position":2,"name":"Pol\u00edtica de Privacidad"}]},{"@type":"WebSite","@id":"https:\/\/rgmetalshaping.com\/#website","url":"https:\/\/rgmetalshaping.com\/","name":"R&amp;G Metal Shaping","description":"Planxisteria industrial de precisi\u00f3","publisher":{"@id":"https:\/\/rgmetalshaping.com\/#organization"},"alternateName":"RG Metal Shaping","potentialAction":[{"@type":"SearchAction","target":{"@type":"EntryPoint","urlTemplate":"https:\/\/rgmetalshaping.com\/?s={search_term_string}"},"query-input":{"@type":"PropertyValueSpecification","valueRequired":true,"valueName":"search_term_string"}}],"inLanguage":"ca"},{"@type":"Organization","@id":"https:\/\/rgmetalshaping.com\/#organization","name":"R&amp;G Metal Shaping","alternateName":"R&G Metal Shaping","url":"https:\/\/rgmetalshaping.com\/","logo":{"@type":"ImageObject","inLanguage":"ca","@id":"https:\/\/rgmetalshaping.com\/#\/schema\/logo\/image\/","url":"https:\/\/rgmetalshaping.com\/wp-content\/uploads\/2023\/01\/RG-Logo-Dark.svg","contentUrl":"https:\/\/rgmetalshaping.com\/wp-content\/uploads\/2023\/01\/RG-Logo-Dark.svg","width":101,"height":54,"caption":"R&G Metal Shaping"},"image":{"@id":"https:\/\/rgmetalshaping.com\/#\/schema\/logo\/image\/"},"sameAs":["https:\/\/www.facebook.com\/rgmetalshaping","https:\/\/www.linkedin.com\/company\/r&g-metal-shaping-sl\/","https:\/\/www.instagram.com\/rgmetalshaping\/"]}]}},"_links":{"self":[{"href":"https:\/\/rgmetalshaping.com\/ca\/wp-json\/wp\/v2\/pages\/2922","targetHints":{"allow":["GET"]}}],"collection":[{"href":"https:\/\/rgmetalshaping.com\/ca\/wp-json\/wp\/v2\/pages"}],"about":[{"href":"https:\/\/rgmetalshaping.com\/ca\/wp-json\/wp\/v2\/types\/page"}],"author":[{"embeddable":true,"href":"https:\/\/rgmetalshaping.com\/ca\/wp-json\/wp\/v2\/users\/3"}],"replies":[{"embeddable":true,"href":"https:\/\/rgmetalshaping.com\/ca\/wp-json\/wp\/v2\/comments?post=2922"}],"version-history":[{"count":30,"href":"https:\/\/rgmetalshaping.com\/ca\/wp-json\/wp\/v2\/pages\/2922\/revisions"}],"predecessor-version":[{"id":9163,"href":"https:\/\/rgmetalshaping.com\/ca\/wp-json\/wp\/v2\/pages\/2922\/revisions\/9163"}],"wp:attachment":[{"href":"https:\/\/rgmetalshaping.com\/ca\/wp-json\/wp\/v2\/media?parent=2922"}],"curies":[{"name":"wp","href":"https:\/\/api.w.org\/{rel}","templated":true}]}}