{"id":3820,"date":"2023-05-08T09:29:15","date_gmt":"2023-05-08T09:29:15","guid":{"rendered":"https:\/\/rgmetalshaping.com\/?page_id=3820"},"modified":"2023-05-09T08:36:53","modified_gmt":"2023-05-09T08:36:53","slug":"gracies-per-contactar-nos","status":"publish","type":"page","link":"https:\/\/rgmetalshaping.com\/ca\/gracias-por-contactarnos\/","title":{"rendered":"Gr\u00e0cies per contactar-nos"},"content":{"rendered":"<div data-elementor-type=\"wp-page\" data-elementor-id=\"3820\" class=\"elementor elementor-3820\">\n\t\t\t\t\t\t<section class=\"elementor-section elementor-top-section elementor-element elementor-element-21d7615f elementor-section-boxed elementor-section-height-default elementor-section-height-default\" data-id=\"21d7615f\" data-element_type=\"section\" data-e-type=\"section\">\n\t\t\t\t\t\t<div class=\"elementor-container elementor-column-gap-default\">\n\t\t\t\t\t<div class=\"elementor-column elementor-col-100 elementor-top-column elementor-element elementor-element-7967f344\" data-id=\"7967f344\" data-element_type=\"column\" data-e-type=\"column\">\n\t\t\t<div class=\"elementor-widget-wrap elementor-element-populated\">\n\t\t\t\t\t\t<div class=\"elementor-element elementor-element-02db43c elementor-widget elementor-widget-spacer\" data-id=\"02db43c\" data-element_type=\"widget\" data-e-type=\"widget\" data-widget_type=\"spacer.default\">\n\t\t\t\t<div class=\"elementor-widget-container\">\n\t\t\t\t\t\t\t<div class=\"elementor-spacer\">\n\t\t\t<div class=\"elementor-spacer-inner\"><\/div>\n\t\t<\/div>\n\t\t\t\t\t\t<\/div>\n\t\t\t\t<\/div>\n\t\t\t\t<div class=\"elementor-element elementor-element-61cbb4d elementor-widget elementor-widget-heading\" data-id=\"61cbb4d\" data-element_type=\"widget\" data-e-type=\"widget\" data-widget_type=\"heading.default\">\n\t\t\t\t<div class=\"elementor-widget-container\">\n\t\t\t\t\t<h1 class=\"elementor-heading-title elementor-size-default\">Gr\u00e0cies per contactar-nos<\/h1>\t\t\t\t<\/div>\n\t\t\t\t<\/div>\n\t\t\t\t<div class=\"elementor-element elementor-element-7bc5aae4 elementor-widget elementor-widget-text-editor\" data-id=\"7bc5aae4\" data-element_type=\"widget\" data-e-type=\"widget\" data-widget_type=\"text-editor.default\">\n\t\t\t\t<div class=\"elementor-widget-container\">\n\t\t\t\t\t\t\t\t\t\n<p>Moltes gr\u00e0cies per emplenar el formulari de contacte i enviar-nos el vostre missatge. Agra\u00efm el vostre inter\u00e8s en els nostres serveis i productes.<\/p>\n<p>Ens agradaria fer-li saber que hem rebut el vostre missatge i que l&#039;estem revisant acuradament per poder respondre totes les vostres preguntes i comentaris de la manera m\u00e9s completa i precisa possible. Li assegurem que farem tot el possible per posar-nos en contacte amb vost\u00e8 el m\u00e9s aviat possible.<\/p>\n<p>A R&amp;G Metal Shaping, ens prenem molt seriosament la satisfacci\u00f3 dels nostres clients i estem compromesos a brindar-li un servei excepcional. Per tant, podeu estar segurs que el vostre missatge ser\u00e0 at\u00e8s amb latenci\u00f3 i la cura que es mereix.<\/p>\n<p>Novament, moltes gr\u00e0cies pel vostre inter\u00e8s en els nostres productes i serveis. Esperem tenir loportunitat de treballar amb vost\u00e8 aviat.<\/p>\n\t\t\t\t\t\t\t\t<\/div>\n\t\t\t\t<\/div>\n\t\t\t\t<div class=\"elementor-element elementor-element-52613b0 elementor-widget elementor-widget-image\" data-id=\"52613b0\" data-element_type=\"widget\" data-e-type=\"widget\" data-widget_type=\"image.default\">\n\t\t\t\t<div class=\"elementor-widget-container\">\n\t\t\t\t\t\t\t\t\t\t\t\t\t\t\t<img fetchpriority=\"high\" decoding=\"async\" width=\"800\" height=\"605\" src=\"https:\/\/rgmetalshaping.com\/wp-content\/uploads\/2019\/01\/A036323-1024x775.jpg\" class=\"attachment-large size-large wp-image-1687\" alt=\"R&amp;G Metal Shaping\" srcset=\"https:\/\/rgmetalshaping.com\/wp-content\/uploads\/2019\/01\/A036323-1024x775.jpg 1024w, https:\/\/rgmetalshaping.com\/wp-content\/uploads\/2019\/01\/A036323-300x227.jpg 300w, https:\/\/rgmetalshaping.com\/wp-content\/uploads\/2019\/01\/A036323-780x590.jpg 780w, https:\/\/rgmetalshaping.com\/wp-content\/uploads\/2019\/01\/A036323-1120x847.jpg 1120w\" sizes=\"(max-width: 800px) 100vw, 800px\" \/>\t\t\t\t\t\t\t\t\t\t\t\t\t\t\t<\/div>\n\t\t\t\t<\/div>\n\t\t\t\t\t<\/div>\n\t\t<\/div>\n\t\t\t\t\t<\/div>\n\t\t<\/section>\n\t\t\t\t<\/div>","protected":false},"excerpt":{"rendered":"<p>Gracias por contactarnos Muchas gracias por rellenar el formulario de contacto y enviarnos su mensaje. Agradecemos su inter\u00e9s en nuestros servicios y productos. Nos gustar\u00eda hacerle saber que hemos recibido su mensaje y que lo estamos revisando cuidadosamente para poder responder a todas sus preguntas y comentarios de la manera m\u00e1s completa y precisa posible. [&hellip;]<\/p>\n","protected":false},"author":4,"featured_media":0,"parent":0,"menu_order":0,"comment_status":"closed","ping_status":"closed","template":"","meta":{"footnotes":""},"class_list":["post-3820","page","type-page","status-publish","hentry"],"yoast_head":"<!-- This site is optimized with the Yoast SEO plugin v27.3 - https:\/\/yoast.com\/product\/yoast-seo-wordpress\/ -->\n<title>Gracias por contactarnos &#8226; R&amp;G Metal Shaping<\/title>\n<meta name=\"robots\" content=\"index, follow, max-snippet:-1, max-image-preview:large, max-video-preview:-1\" \/>\n<link rel=\"canonical\" href=\"https:\/\/rgmetalshaping.com\/ca\/gracies-per-contactar-nos\/\" \/>\n<meta property=\"og:locale\" content=\"ca_ES\" \/>\n<meta property=\"og:type\" content=\"article\" \/>\n<meta property=\"og:title\" content=\"Gracias por contactarnos &#8226; R&amp;G Metal Shaping\" \/>\n<meta property=\"og:description\" content=\"Gracias por contactarnos Muchas gracias por rellenar el formulario de contacto y enviarnos su mensaje. Agradecemos su inter\u00e9s en nuestros servicios y productos. Nos gustar\u00eda hacerle saber que hemos recibido su mensaje y que lo estamos revisando cuidadosamente para poder responder a todas sus preguntas y comentarios de la manera m\u00e1s completa y precisa posible. [&hellip;]\" \/>\n<meta property=\"og:url\" content=\"https:\/\/rgmetalshaping.com\/ca\/gracies-per-contactar-nos\/\" \/>\n<meta property=\"og:site_name\" content=\"R&amp;G Metal Shaping\" \/>\n<meta property=\"article:publisher\" content=\"https:\/\/www.facebook.com\/rgmetalshaping\" \/>\n<meta property=\"article:modified_time\" content=\"2023-05-09T08:36:53+00:00\" \/>\n<meta property=\"og:image\" content=\"https:\/\/rgmetalshaping.com\/wp-content\/uploads\/2019\/01\/A036323-1024x775.jpg\" \/>\n<meta name=\"twitter:card\" content=\"summary_large_image\" \/>\n<script type=\"application\/ld+json\" class=\"yoast-schema-graph\">{\"@context\":\"https:\\\/\\\/schema.org\",\"@graph\":[{\"@type\":\"WebPage\",\"@id\":\"https:\\\/\\\/rgmetalshaping.com\\\/gracias-por-contactarnos\\\/\",\"url\":\"https:\\\/\\\/rgmetalshaping.com\\\/gracias-por-contactarnos\\\/\",\"name\":\"Gracias por contactarnos &#8226; R&amp;G Metal Shaping\",\"isPartOf\":{\"@id\":\"https:\\\/\\\/rgmetalshaping.com\\\/#website\"},\"primaryImageOfPage\":{\"@id\":\"https:\\\/\\\/rgmetalshaping.com\\\/gracias-por-contactarnos\\\/#primaryimage\"},\"image\":{\"@id\":\"https:\\\/\\\/rgmetalshaping.com\\\/gracias-por-contactarnos\\\/#primaryimage\"},\"thumbnailUrl\":\"https:\\\/\\\/rgmetalshaping.com\\\/wp-content\\\/uploads\\\/2019\\\/01\\\/A036323-1024x775.jpg\",\"datePublished\":\"2023-05-08T09:29:15+00:00\",\"dateModified\":\"2023-05-09T08:36:53+00:00\",\"breadcrumb\":{\"@id\":\"https:\\\/\\\/rgmetalshaping.com\\\/gracias-por-contactarnos\\\/#breadcrumb\"},\"inLanguage\":\"ca\",\"potentialAction\":[{\"@type\":\"ReadAction\",\"target\":[\"https:\\\/\\\/rgmetalshaping.com\\\/gracias-por-contactarnos\\\/\"]}]},{\"@type\":\"ImageObject\",\"inLanguage\":\"ca\",\"@id\":\"https:\\\/\\\/rgmetalshaping.com\\\/gracias-por-contactarnos\\\/#primaryimage\",\"url\":\"https:\\\/\\\/rgmetalshaping.com\\\/wp-content\\\/uploads\\\/2019\\\/01\\\/A036323-1024x775.jpg\",\"contentUrl\":\"https:\\\/\\\/rgmetalshaping.com\\\/wp-content\\\/uploads\\\/2019\\\/01\\\/A036323-1024x775.jpg\"},{\"@type\":\"BreadcrumbList\",\"@id\":\"https:\\\/\\\/rgmetalshaping.com\\\/gracias-por-contactarnos\\\/#breadcrumb\",\"itemListElement\":[{\"@type\":\"ListItem\",\"position\":1,\"name\":\"Inici\",\"item\":\"https:\\\/\\\/rgmetalshaping.com\\\/\"},{\"@type\":\"ListItem\",\"position\":2,\"name\":\"Gracias por contactarnos\"}]},{\"@type\":\"WebSite\",\"@id\":\"https:\\\/\\\/rgmetalshaping.com\\\/#website\",\"url\":\"https:\\\/\\\/rgmetalshaping.com\\\/\",\"name\":\"R&G Metal Shaping\",\"description\":\"Planchisteria industrial de precisi\u00f3n\",\"publisher\":{\"@id\":\"https:\\\/\\\/rgmetalshaping.com\\\/#organization\"},\"alternateName\":\"RG Metal Shaping\",\"potentialAction\":[{\"@type\":\"SearchAction\",\"target\":{\"@type\":\"EntryPoint\",\"urlTemplate\":\"https:\\\/\\\/rgmetalshaping.com\\\/?s={search_term_string}\"},\"query-input\":{\"@type\":\"PropertyValueSpecification\",\"valueRequired\":true,\"valueName\":\"search_term_string\"}}],\"inLanguage\":\"ca\"},{\"@type\":\"Organization\",\"@id\":\"https:\\\/\\\/rgmetalshaping.com\\\/#organization\",\"name\":\"R&G Metal Shaping\",\"alternateName\":\"R&G Metal Shaping\",\"url\":\"https:\\\/\\\/rgmetalshaping.com\\\/\",\"logo\":{\"@type\":\"ImageObject\",\"inLanguage\":\"ca\",\"@id\":\"https:\\\/\\\/rgmetalshaping.com\\\/#\\\/schema\\\/logo\\\/image\\\/\",\"url\":\"https:\\\/\\\/rgmetalshaping.com\\\/wp-content\\\/uploads\\\/2023\\\/01\\\/RG-Logo-Dark.svg\",\"contentUrl\":\"https:\\\/\\\/rgmetalshaping.com\\\/wp-content\\\/uploads\\\/2023\\\/01\\\/RG-Logo-Dark.svg\",\"width\":101,\"height\":54,\"caption\":\"R&G Metal Shaping\"},\"image\":{\"@id\":\"https:\\\/\\\/rgmetalshaping.com\\\/#\\\/schema\\\/logo\\\/image\\\/\"},\"sameAs\":[\"https:\\\/\\\/www.facebook.com\\\/rgmetalshaping\",\"https:\\\/\\\/www.linkedin.com\\\/company\\\/r&g-metal-shaping-sl\\\/\",\"https:\\\/\\\/www.instagram.com\\\/rgmetalshaping\\\/\"]}]}<\/script>\n<!-- \/ Yoast SEO plugin. -->","yoast_head_json":{"title":"Gr\u00e0cies per contactar-nos \u2022 R&amp;G Metal Shaping","robots":{"index":"index","follow":"follow","max-snippet":"max-snippet:-1","max-image-preview":"max-image-preview:large","max-video-preview":"max-video-preview:-1"},"canonical":"https:\/\/rgmetalshaping.com\/ca\/gracies-per-contactar-nos\/","og_locale":"ca_ES","og_type":"article","og_title":"Gracias por contactarnos &#8226; R&amp;G Metal Shaping","og_description":"Gracias por contactarnos Muchas gracias por rellenar el formulario de contacto y enviarnos su mensaje. Agradecemos su inter\u00e9s en nuestros servicios y productos. Nos gustar\u00eda hacerle saber que hemos recibido su mensaje y que lo estamos revisando cuidadosamente para poder responder a todas sus preguntas y comentarios de la manera m\u00e1s completa y precisa posible. [&hellip;]","og_url":"https:\/\/rgmetalshaping.com\/ca\/gracies-per-contactar-nos\/","og_site_name":"R&amp;G Metal Shaping","article_publisher":"https:\/\/www.facebook.com\/rgmetalshaping","article_modified_time":"2023-05-09T08:36:53+00:00","og_image":[{"url":"https:\/\/rgmetalshaping.com\/wp-content\/uploads\/2019\/01\/A036323-1024x775.jpg","type":"","width":"","height":""}],"twitter_card":"summary_large_image","schema":{"@context":"https:\/\/schema.org","@graph":[{"@type":"WebPage","@id":"https:\/\/rgmetalshaping.com\/gracias-por-contactarnos\/","url":"https:\/\/rgmetalshaping.com\/gracias-por-contactarnos\/","name":"Gr\u00e0cies per contactar-nos \u2022 R&amp;G Metal Shaping","isPartOf":{"@id":"https:\/\/rgmetalshaping.com\/#website"},"primaryImageOfPage":{"@id":"https:\/\/rgmetalshaping.com\/gracias-por-contactarnos\/#primaryimage"},"image":{"@id":"https:\/\/rgmetalshaping.com\/gracias-por-contactarnos\/#primaryimage"},"thumbnailUrl":"https:\/\/rgmetalshaping.com\/wp-content\/uploads\/2019\/01\/A036323-1024x775.jpg","datePublished":"2023-05-08T09:29:15+00:00","dateModified":"2023-05-09T08:36:53+00:00","breadcrumb":{"@id":"https:\/\/rgmetalshaping.com\/gracias-por-contactarnos\/#breadcrumb"},"inLanguage":"ca","potentialAction":[{"@type":"ReadAction","target":["https:\/\/rgmetalshaping.com\/gracias-por-contactarnos\/"]}]},{"@type":"ImageObject","inLanguage":"ca","@id":"https:\/\/rgmetalshaping.com\/gracias-por-contactarnos\/#primaryimage","url":"https:\/\/rgmetalshaping.com\/wp-content\/uploads\/2019\/01\/A036323-1024x775.jpg","contentUrl":"https:\/\/rgmetalshaping.com\/wp-content\/uploads\/2019\/01\/A036323-1024x775.jpg"},{"@type":"BreadcrumbList","@id":"https:\/\/rgmetalshaping.com\/gracias-por-contactarnos\/#breadcrumb","itemListElement":[{"@type":"ListItem","position":1,"name":"Inici","item":"https:\/\/rgmetalshaping.com\/"},{"@type":"ListItem","position":2,"name":"Gracias por contactarnos"}]},{"@type":"WebSite","@id":"https:\/\/rgmetalshaping.com\/#website","url":"https:\/\/rgmetalshaping.com\/","name":"R&amp;G Metal Shaping","description":"Planxisteria industrial de precisi\u00f3","publisher":{"@id":"https:\/\/rgmetalshaping.com\/#organization"},"alternateName":"RG Metal Shaping","potentialAction":[{"@type":"SearchAction","target":{"@type":"EntryPoint","urlTemplate":"https:\/\/rgmetalshaping.com\/?s={search_term_string}"},"query-input":{"@type":"PropertyValueSpecification","valueRequired":true,"valueName":"search_term_string"}}],"inLanguage":"ca"},{"@type":"Organization","@id":"https:\/\/rgmetalshaping.com\/#organization","name":"R&amp;G Metal Shaping","alternateName":"R&G Metal Shaping","url":"https:\/\/rgmetalshaping.com\/","logo":{"@type":"ImageObject","inLanguage":"ca","@id":"https:\/\/rgmetalshaping.com\/#\/schema\/logo\/image\/","url":"https:\/\/rgmetalshaping.com\/wp-content\/uploads\/2023\/01\/RG-Logo-Dark.svg","contentUrl":"https:\/\/rgmetalshaping.com\/wp-content\/uploads\/2023\/01\/RG-Logo-Dark.svg","width":101,"height":54,"caption":"R&G Metal Shaping"},"image":{"@id":"https:\/\/rgmetalshaping.com\/#\/schema\/logo\/image\/"},"sameAs":["https:\/\/www.facebook.com\/rgmetalshaping","https:\/\/www.linkedin.com\/company\/r&g-metal-shaping-sl\/","https:\/\/www.instagram.com\/rgmetalshaping\/"]}]}},"_links":{"self":[{"href":"https:\/\/rgmetalshaping.com\/ca\/wp-json\/wp\/v2\/pages\/3820","targetHints":{"allow":["GET"]}}],"collection":[{"href":"https:\/\/rgmetalshaping.com\/ca\/wp-json\/wp\/v2\/pages"}],"about":[{"href":"https:\/\/rgmetalshaping.com\/ca\/wp-json\/wp\/v2\/types\/page"}],"author":[{"embeddable":true,"href":"https:\/\/rgmetalshaping.com\/ca\/wp-json\/wp\/v2\/users\/4"}],"replies":[{"embeddable":true,"href":"https:\/\/rgmetalshaping.com\/ca\/wp-json\/wp\/v2\/comments?post=3820"}],"version-history":[{"count":7,"href":"https:\/\/rgmetalshaping.com\/ca\/wp-json\/wp\/v2\/pages\/3820\/revisions"}],"predecessor-version":[{"id":3854,"href":"https:\/\/rgmetalshaping.com\/ca\/wp-json\/wp\/v2\/pages\/3820\/revisions\/3854"}],"wp:attachment":[{"href":"https:\/\/rgmetalshaping.com\/ca\/wp-json\/wp\/v2\/media?parent=3820"}],"curies":[{"name":"wp","href":"https:\/\/api.w.org\/{rel}","templated":true}]}}