{"id":572,"date":"2015-04-02T15:09:07","date_gmt":"2015-04-02T15:09:07","guid":{"rendered":"http:\/\/rgmetalshaping.com\/?page_id=572"},"modified":"2026-04-10T07:41:30","modified_gmt":"2026-04-10T07:41:30","slug":"politica-de-cookies","status":"publish","type":"page","link":"https:\/\/rgmetalshaping.com\/ca\/politica-de-cookies\/","title":{"rendered":"Pol\u00edtica de Cookies"},"content":{"rendered":"<div data-elementor-type=\"wp-page\" data-elementor-id=\"572\" class=\"elementor elementor-572\">\n\t\t\t\t<div class=\"elementor-element elementor-element-49a6e5b5 e-flex e-con-boxed e-con e-parent\" data-id=\"49a6e5b5\" data-element_type=\"container\" data-e-type=\"container\">\n\t\t\t\t\t<div class=\"e-con-inner\">\n\t\t\t\t<div class=\"elementor-element elementor-element-4f37054b elementor-widget elementor-widget-text-editor\" data-id=\"4f37054b\" data-element_type=\"widget\" data-e-type=\"widget\" data-widget_type=\"text-editor.default\">\n\t\t\t\t<div class=\"elementor-widget-container\">\n\t\t\t\t\t\t\t\t\t\n<p>Aquesta pol\u00edtica de cookies t\u00e9 com a finalitat informar de manera clara i precisa sobre les cookies que s'utilitzen al nostre web.<\/p>\n<p>Utilitzem cookies pr\u00f2pies i de tercers per millorar els nostres serveis, personalitzar el nostre lloc web, facilitar la navegaci\u00f3 dels nostres usuaris, proporcionar-te una millor experi\u00e8ncia en l'\u00fas del lloc web, identificar problemes per millorar-lo, fer mesures i estad\u00edstiques d'\u00fas i mostrar-te publicitat relacionada amb les teves prefer\u00e8ncies mitjan\u00e7ant l'an\u00e0lisi de l'\u00fas del lloc web.<\/p>\n<p>Us informem que podem utilitzar cookies al vostre equip a condici\u00f3 que l'usuari hagi donat el seu consentiment, excepte en els sup\u00f2sits en qu\u00e8 les cookies siguin necess\u00e0ries per a la navegaci\u00f3 pel nostre lloc web. En cas que presteu el vostre consentiment, podrem utilitzar cookies que ens permetran tenir m\u00e9s informaci\u00f3 sobre les vostres prefer\u00e8ncies i personalitzar el nostre lloc web de conformitat amb els vostres interessos individuals.<\/p>\n<div>\u00a0<\/div>\n<h4><strong>Qu\u00e8 s\u00f3n les galetes?<\/strong><\/h4>\n<div>Les cookies i altres tecnologies similars com ara els local shared objects, les flash cookies o els p\u00edxels, s\u00f3n eines utilitzades pels servidors web per emmagatzemar i recuperar informaci\u00f3 sobre els seus visitants, aix\u00ed com per oferir un funcionament correcte del lloc.<\/div>\n<div>\u00a0<\/div>\n<h4><strong>Tipus de galetes<\/strong><\/h4>\n<div>Tipus de cookies en funci\u00f3 de l'entitat que les gestioni:<\/div>\n<ul>\n<li><strong>Galetes pr\u00f2pies:<\/strong> s\u00f3n aquelles que s'envien a l'equip terminal de l'usuari des d'un equip o domini gestionat pel titular de la p\u00e0gina web i des del qual es presta el servei sol\u00b7licitat per l'usuari.<\/li>\n<li><strong>Galetes de tercers:<\/strong> s\u00f3n aquelles que s'envien a l'equip terminal de l'usuari des d'un equip o domini que no \u00e9s gestionat pel titular de la p\u00e0gina web des de la qual es presta el servei sol\u00b7licitat per l'usuari, sin\u00f3 per una altra entitat que tracta les dades obtingudes a trav\u00e9s de les cookies. Aix\u00ed mateix, en el cas que les cookies siguin instal\u00b7lades des d'un equip o domini gestionat pel propi titular del lloc web per\u00f2 la informaci\u00f3 que es reculli mitjan\u00e7ant aquestes sigui gestionada per un tercer, tamb\u00e9 seran considerades com a cookies de tercers.<\/li>\n<\/ul>\n<p>\u00a0<\/p>\n<h4><strong>Tipus de galetes segons la finalitat:<\/strong><\/h4>\n<ul>\n<li><strong>Galetes t\u00e8cniques:<\/strong> S\u00f3n les galetes que permeten a l'usuari navegar per un lloc web, una plataforma o una aplicaci\u00f3 i utilitzar les diverses opcions o serveis disponibles, inclosos els que utilitza l'editor per gestionar i operar el lloc web i habilitar-ne les funcions i serveis, com ara el monitoratge del tr\u00e0nsit i la comunicaci\u00f3 de dades, la identificaci\u00f3 de la sessi\u00f3, l'acc\u00e9s a zones restringides, recordar els articles inclosos en una comanda, completar el proc\u00e9s de compra d'una comanda, gestionar el pagament, supervisar el frau relacionat amb la seguretat del servei, enviar una sol\u00b7licitud d'inscripci\u00f3 o participaci\u00f3 en un esdeveniment, comptar les visites a efectes de facturaci\u00f3 de les llic\u00e8ncies del programari en qu\u00e8 opera el servei (lloc web, plataforma o aplicaci\u00f3), utilitzar les funcions de seguretat mentre es navega, emmagatzemar contingut per a la reproducci\u00f3 en continu de v\u00eddeos o \u00e0udio, habilitar contingut din\u00e0mic (per exemple, la c\u00e0rrega d'animacions per a text o imatges) o compartir contingut a trav\u00e9s de les xarxes socials.<\/li>\n<\/ul>\n<p style=\"padding-left: 40px;\">Tamb\u00e9 pertanyen a aquesta categoria, per la seva naturalesa t\u00e8cnica, aquelles galetes que permeten la gesti\u00f3, de la manera m\u00e9s efica\u00e7 possible, dels espais publicitaris que, com un element m\u00e9s de disseny o \u201cmaquetaci\u00f3\u201d del servei ofert a l'usuari, l'editor hagi incl\u00f2s en una p\u00e0gina web, aplicaci\u00f3 o plataforma sobre la base de criteris com el contingut editat, sense que es recopili informaci\u00f3 dels usuaris amb finalitats diferents, com pot ser personalitzar aquest contingut publicitari o altres continguts.<\/p>\n<ul>\n<li><strong>Galetes de prefer\u00e8ncies o personalitzaci\u00f3:<\/strong> s\u00f3n aquelles que permeten recordar informaci\u00f3 perqu\u00e8 l'usuari accedeixi al servei amb determinades caracter\u00edstiques que poden diferenciar la seva experi\u00e8ncia de la d'altres usuaris, com ara, per exemple, l'idioma, el nombre de resultats a mostrar quan l'usuari realitza una cerca, l'aspecte o contingut del servei en funci\u00f3 del tipus de navegador a trav\u00e9s del qual l'usuari accedeix al servei o de la regi\u00f3 des de la qual accedeix al servei, etc.<\/li>\n<li><strong>Galetes d'an\u00e0lisi o mesurament<\/strong>s\u00f3n aquelles que permeten al responsable de les mateixes el seguiment i an\u00e0lisi del comportament dels usuaris dels llocs web als quals estan vinculades, inclosa la quantificaci\u00f3 dels impactes dels anuncis. La informaci\u00f3 recollida mitjan\u00e7ant aquest tipus de cookies s'utilitza en el mesurament de l'activitat dels llocs web, aplicaci\u00f3 o plataforma, amb la finalitat d'introduir millores en funci\u00f3 de l'an\u00e0lisi de les dades d'\u00fas que fan els usuaris del servei.<\/li>\n<li><strong>Galetes de publicitat conductual:<\/strong> s\u00f3n aquelles que permeten la gesti\u00f3, de la forma m\u00e9s efica\u00e7 possible, dels espais publicitaris que hi ha a la p\u00e0gina web. Aquestes cookies emmagatzemen informaci\u00f3 del comportament dels usuaris obtinguda a trav\u00e9s de l'observaci\u00f3 continuada dels seus h\u00e0bits de navegaci\u00f3, cosa que permet desenvolupar un perfil espec\u00edfic per mostrar publicitat en funci\u00f3 del mateix.<\/li>\n<li><strong>Galetes de geolocalitzaci\u00f3:<\/strong> es fan servir per saber en quin lloc es troba un usuari quan sol\u00b7licita un servei. Aquesta cookie \u00e9s an\u00f2nima i s'utilitza, per exemple, per oferir-li la informaci\u00f3 adequada depenent del pa\u00eds en qu\u00e8 es trobi.<\/li>\n<\/ul>\n<div>\u00a0<\/div>\n<h4><strong>Tipus de galetes segons el termini de temps que romanen activades:<\/strong><\/h4>\n<ul>\n<li><strong>Galetes de sessi\u00f3:<\/strong> s\u00f3n aquelles dissenyades per recollir i emmagatzemar dades mentre l'usuari accedeix a una p\u00e0gina web. Se solen emprar per emmagatzemar informaci\u00f3 que nom\u00e9s interessa conservar per a la prestaci\u00f3 del servei sol\u00b7licitat per l'usuari en una sola ocasi\u00f3 (per exemple, una llista de productes adquirits) i desapareixen en acabar la sessi\u00f3.<\/li>\n<li><strong>Galetes persistents:<\/strong> s\u00f3n aquelles en les quals les dades segueixen emmagatzemades al terminal i poden ser accedides i tractades durant un per\u00edode definit pel responsable de la galeta, i que pot anar d'uns minuts a diversos anys.<\/li>\n<\/ul>\n<div>\u00a0<\/div>\n<div>\u00a0<\/div>\n<h4><strong>Galetes utilitzades a la nostra web<\/strong><\/h4>\n<div>\u00a0<\/div>\n\n<figure class=\"wp-block-table\">\n<table>\n<tbody>\n<tr>\n<td><strong>Denominaci\u00f3<\/strong><\/td>\n<td><strong>T\u00edtol<\/strong><\/td>\n<td><strong>Tipus<\/strong><\/td>\n<td><strong>Finalitats<\/strong><\/td>\n<td><strong>Durada<\/strong><\/td>\n<\/tr>\n<tr>\n<td>WordPress_sec_*<\/td>\n<td>WordPress<\/td>\n<td>Funcional<\/td>\n<td>Per protegir-se dels pirates inform\u00e0tics, emmagatzemar les dades dels comptes.<\/td>\n<td>15 dies<\/td>\n<\/tr>\n<tr>\n<td><br \/>WordPress_logged_in_<br \/><br \/><br \/>Wp-Settings<br \/><br \/><\/td>\n<td>WordPress<\/td>\n<td>T\u00e8cnica<\/td>\n<td>Permet que la p\u00e0gina web recordi<br \/>informaci\u00f3 escollida per l&#039;usuari perqu\u00e8 accedeixi al servei amb determinades caracter\u00edstiques que poden diferenciar la seva experi\u00e8ncia a altres usuaris.<\/td>\n<td>Persisteixen<\/td>\n<\/tr>\n<tr>\n<td><br \/>_clck<\/td>\n<td>Microsoft Clarity<\/td>\n<td>M\u00e0rqueting<\/td>\n<td>Microsoft Clarity estableix aquesta galeta per emmagatzemar un ID d&#039;usuari \u00fanic.<br \/>Aquest per\u00edode mostra la durada del per\u00edode en qu\u00e8 un servei pot emmagatzemar i\/o llegir certes dades del vostre ordinador utilitzant una galeta, un p\u00edxel, una API, seguiment sense galetes o altres recursos.<\/td>\n<td>1 any<\/td>\n<\/tr>\n<tr>\n<td><br \/>_clsk<\/td>\n<td>Microsoft Clarity<\/td>\n<td>Anal\u00edtica<\/td>\n<td>Microsoft Clarity estableix aquesta galeta per emmagatzemar informaci\u00f3 sobre com interactuen els visitants amb el lloc web. La galeta ajuda a proporcionar un informe dan\u00e0lisi. La col\u00b7lecci\u00f3 de dades inclou el nombre de visitants, on visiten el lloc web i les p\u00e0gines visitades.<\/td>\n<td>1 dia<\/td>\n<\/tr>\n<tr>\n<td>_ga<br \/><br \/><br \/>_ga_EETZB3LBR5<\/td>\n<td>Google Analytics<\/td>\n<td>Anal\u00edtica<\/td>\n<td>Permet con\u00e8ixer el nombre d&#039;usuaris que visiten la p\u00e0gina web.<br \/>Permeten tamb\u00e9 fer una an\u00e0lisi estad\u00edstica de l&#039;\u00fas que fan els usuaris del servei ofert a trav\u00e9s de la p\u00e0gina web. Les dades obtingudes en aquesta an\u00e0lisi<br \/>s&#039;utilitzaran per detectar millores potencials a l&#039;oferta de serveis inclosa en aquesta p\u00e0gina web.<\/td>\n<td>1 any<\/td>\n<\/tr>\n<\/tbody>\n<\/table>\n<\/figure>\n\n<p>\u00a0<\/p>\n<h4><strong>Com es deshabiliten les cookies als navegadors?<\/strong><\/h4>\n<p>L'usuari pot, en qualsevol moment, permetre, bloquejar o eliminar les galetes instal\u00b7lades al seu equip mitjan\u00e7ant la modificaci\u00f3 dels par\u00e0metres de configuraci\u00f3 del navegador instal\u00b7lat al seu ordinador:<\/p>\n<ul>\n<li><a href=\"https:\/\/support.google.com\/chrome\/answer\/95647?hl=es&amp;sc_ref_bbva=https%3A%2F%2Fwww.bbva.es%2Fsistema%2Fmeta%2Faviso-legal%2Findex.jsp\">Crom<\/a>Configuraci\u00f3 -&gt; Mostra opcions avan\u00e7ades -&gt; Privadesa -&gt; Configuraci\u00f3 del contingut.<br \/>Per a m\u00e9s informaci\u00f3, podeu consultar el <a href=\"https:\/\/support.google.com\/chrome\/answer\/95647?hl=es&amp;ref_topic=3434352\">suport de Google<\/a> o l'Ajuda del navegador.<\/li>\n<li><a href=\"https:\/\/www.microsoft.com\/es-es\/edge\/?form=MA13FJ\">Bord<\/a>Eines -&gt; Opcions d'Internet -&gt; Privadesa -&gt; Configuraci\u00f3.<br \/>Per a m\u00e9s informaci\u00f3, podeu consultar el <a href=\"https:\/\/support.microsoft.com\/es-ES\/internet-explorer\/internet-explorer-help#ie=ie-11\">Suport de Microsoft<\/a> o l'Ajuda del navegador.<\/li>\n<li><a href=\"https:\/\/support.mozilla.org\/es\/kb\/Protecci%C3%B3n-contra-el-rastreo-mejorada-en-Firefox-para-escritorio?sc_ref_bbva=https%3A%2F%2Fwww.bbva.es%2Fsistema%2Fmeta%2Faviso-legal%2Findex.jsp&amp;redirectslug=enable-and-disable-cookies-website-preferences&amp;redirectlocale=en-US\">Firefox<\/a>Eines -&gt; Opcions -&gt; Privadesa -&gt; Historial -&gt; Configuraci\u00f3 Personalitzada.<br \/>Per a m\u00e9s informaci\u00f3, podeu consultar el <a href=\"https:\/\/support.mozilla.org\/es\/\">suport de Mozilla<\/a> o l'Ajuda del navegador.<\/li>\n<li><a href=\"https:\/\/support.apple.com\/es-es\/guide\/safari\/sfri11471\/mac\">Safari<\/a>Prefer\u00e8ncies -&gt; Seguretat.<br \/>Per a m\u00e9s informaci\u00f3, podeu consultar el <a href=\"https:\/\/support.apple.com\/es-es\/105082\">suport d'Apple<\/a> o l'Ajuda del navegador.<\/li>\n<\/ul>\n<p>\u00a0<\/p>\n<p>La desactivaci\u00f3 de les cookies no impedeix la navegaci\u00f3 pel lloc web, encara que l'\u00fas d'alguns dels seus serveis podr\u00e0 ser limitat i, per tant, la vostra experi\u00e8ncia de navegaci\u00f3 podr\u00e0 ser menys satisfact\u00f2ria.<\/p>\n<p>\u00a0<\/p>\n<h4><strong>Retirar el consentiment<\/strong><\/h4>\n<p>L'usuari podr\u00e0 retirar en qualsevol moment el seu consentiment relacionat amb la Pol\u00edtica de Galetes, i podr\u00e0 eliminar les galetes emmagatzemades al seu equip a trav\u00e9s dels ajustos i configuracions del seu navegador d'Internet, indicats anteriorment, aix\u00ed com accedint al nostre panell de configuraci\u00f3: <a href=\"https:\/\/rgmetalshaping.com\/ca\/#cmplz-cookies-overview\">Tauler de configuraci\u00f3<\/a><\/p>\n<p>La present Pol\u00edtica de galetes es podr\u00e0 modificar quan aix\u00ed ho exigeixi la legislaci\u00f3 vigent a cada moment o quan hi hagu\u00e9s alguna variaci\u00f3 en el tipus de galetes utilitzades al lloc web. Per aix\u00f2, li recomanem revisar aquesta pol\u00edtica cada vegada que accedeixi al nostre lloc web amb l'objectiu d'estar adequadament informat sobre com i per a qu\u00e8 fem servir les galetes.<\/p>\n\t\t\t\t\t\t\t\t<\/div>\n\t\t\t\t<\/div>\n\t\t\t\t\t<\/div>\n\t\t\t\t<\/div>\n\t\t<div class=\"elementor-element elementor-element-7dcc856 e-flex e-con-boxed e-con e-parent\" data-id=\"7dcc856\" data-element_type=\"container\" data-e-type=\"container\">\n\t\t\t\t\t<div class=\"e-con-inner\">\n\t\t\t\t<div class=\"elementor-element elementor-element-d2f1f94 elementor-widget elementor-widget-spacer\" data-id=\"d2f1f94\" data-element_type=\"widget\" data-e-type=\"widget\" data-widget_type=\"spacer.default\">\n\t\t\t\t<div class=\"elementor-widget-container\">\n\t\t\t\t\t\t\t<div class=\"elementor-spacer\">\n\t\t\t<div class=\"elementor-spacer-inner\"><\/div>\n\t\t<\/div>\n\t\t\t\t\t\t<\/div>\n\t\t\t\t<\/div>\n\t\t\t\t\t<\/div>\n\t\t\t\t<\/div>\n\t\t\t\t<\/div>","protected":false},"excerpt":{"rendered":"","protected":false},"author":1,"featured_media":0,"parent":0,"menu_order":0,"comment_status":"closed","ping_status":"open","template":"","meta":{"footnotes":""},"class_list":["post-572","page","type-page","status-publish","hentry"],"yoast_head":"<!-- This site is optimized with the Yoast SEO plugin v27.3 - https:\/\/yoast.com\/product\/yoast-seo-wordpress\/ -->\n<title>Pol\u00edtica de Cookies &#8226; R&amp;G Metal Shaping<\/title>\n<meta name=\"robots\" content=\"index, follow, max-snippet:-1, max-image-preview:large, max-video-preview:-1\" \/>\n<link rel=\"canonical\" href=\"https:\/\/rgmetalshaping.com\/ca\/politica-de-cookies\/\" \/>\n<meta property=\"og:locale\" content=\"ca_ES\" \/>\n<meta property=\"og:type\" content=\"article\" \/>\n<meta property=\"og:title\" content=\"Pol\u00edtica de Cookies &#8226; R&amp;G Metal Shaping\" \/>\n<meta property=\"og:url\" content=\"https:\/\/rgmetalshaping.com\/ca\/politica-de-cookies\/\" \/>\n<meta property=\"og:site_name\" content=\"R&amp;G Metal Shaping\" \/>\n<meta property=\"article:publisher\" content=\"https:\/\/www.facebook.com\/rgmetalshaping\" \/>\n<meta property=\"article:modified_time\" content=\"2026-04-10T07:41:30+00:00\" \/>\n<meta name=\"twitter:card\" content=\"summary_large_image\" \/>\n<script type=\"application\/ld+json\" class=\"yoast-schema-graph\">{\"@context\":\"https:\\\/\\\/schema.org\",\"@graph\":[{\"@type\":\"WebPage\",\"@id\":\"https:\\\/\\\/rgmetalshaping.com\\\/politica-de-cookies\\\/\",\"url\":\"https:\\\/\\\/rgmetalshaping.com\\\/politica-de-cookies\\\/\",\"name\":\"Pol\u00edtica de Cookies &#8226; R&amp;G Metal Shaping\",\"isPartOf\":{\"@id\":\"https:\\\/\\\/rgmetalshaping.com\\\/#website\"},\"datePublished\":\"2015-04-02T15:09:07+00:00\",\"dateModified\":\"2026-04-10T07:41:30+00:00\",\"breadcrumb\":{\"@id\":\"https:\\\/\\\/rgmetalshaping.com\\\/politica-de-cookies\\\/#breadcrumb\"},\"inLanguage\":\"ca\",\"potentialAction\":[{\"@type\":\"ReadAction\",\"target\":[\"https:\\\/\\\/rgmetalshaping.com\\\/politica-de-cookies\\\/\"]}]},{\"@type\":\"BreadcrumbList\",\"@id\":\"https:\\\/\\\/rgmetalshaping.com\\\/politica-de-cookies\\\/#breadcrumb\",\"itemListElement\":[{\"@type\":\"ListItem\",\"position\":1,\"name\":\"Inici\",\"item\":\"https:\\\/\\\/rgmetalshaping.com\\\/\"},{\"@type\":\"ListItem\",\"position\":2,\"name\":\"Pol\u00edtica de Cookies\"}]},{\"@type\":\"WebSite\",\"@id\":\"https:\\\/\\\/rgmetalshaping.com\\\/#website\",\"url\":\"https:\\\/\\\/rgmetalshaping.com\\\/\",\"name\":\"R&G Metal Shaping\",\"description\":\"Planchisteria industrial de precisi\u00f3n\",\"publisher\":{\"@id\":\"https:\\\/\\\/rgmetalshaping.com\\\/#organization\"},\"alternateName\":\"RG Metal Shaping\",\"potentialAction\":[{\"@type\":\"SearchAction\",\"target\":{\"@type\":\"EntryPoint\",\"urlTemplate\":\"https:\\\/\\\/rgmetalshaping.com\\\/?s={search_term_string}\"},\"query-input\":{\"@type\":\"PropertyValueSpecification\",\"valueRequired\":true,\"valueName\":\"search_term_string\"}}],\"inLanguage\":\"ca\"},{\"@type\":\"Organization\",\"@id\":\"https:\\\/\\\/rgmetalshaping.com\\\/#organization\",\"name\":\"R&G Metal Shaping\",\"alternateName\":\"R&G Metal Shaping\",\"url\":\"https:\\\/\\\/rgmetalshaping.com\\\/\",\"logo\":{\"@type\":\"ImageObject\",\"inLanguage\":\"ca\",\"@id\":\"https:\\\/\\\/rgmetalshaping.com\\\/#\\\/schema\\\/logo\\\/image\\\/\",\"url\":\"https:\\\/\\\/rgmetalshaping.com\\\/wp-content\\\/uploads\\\/2023\\\/01\\\/RG-Logo-Dark.svg\",\"contentUrl\":\"https:\\\/\\\/rgmetalshaping.com\\\/wp-content\\\/uploads\\\/2023\\\/01\\\/RG-Logo-Dark.svg\",\"width\":101,\"height\":54,\"caption\":\"R&G Metal Shaping\"},\"image\":{\"@id\":\"https:\\\/\\\/rgmetalshaping.com\\\/#\\\/schema\\\/logo\\\/image\\\/\"},\"sameAs\":[\"https:\\\/\\\/www.facebook.com\\\/rgmetalshaping\",\"https:\\\/\\\/www.linkedin.com\\\/company\\\/r&g-metal-shaping-sl\\\/\",\"https:\\\/\\\/www.instagram.com\\\/rgmetalshaping\\\/\"]}]}<\/script>\n<!-- \/ Yoast SEO plugin. -->","yoast_head_json":{"title":"Pol\u00edtica de Cookies \u2022 R&amp;G Metal Shaping","robots":{"index":"index","follow":"follow","max-snippet":"max-snippet:-1","max-image-preview":"max-image-preview:large","max-video-preview":"max-video-preview:-1"},"canonical":"https:\/\/rgmetalshaping.com\/ca\/politica-de-cookies\/","og_locale":"ca_ES","og_type":"article","og_title":"Pol\u00edtica de Cookies &#8226; R&amp;G Metal Shaping","og_url":"https:\/\/rgmetalshaping.com\/ca\/politica-de-cookies\/","og_site_name":"R&amp;G Metal Shaping","article_publisher":"https:\/\/www.facebook.com\/rgmetalshaping","article_modified_time":"2026-04-10T07:41:30+00:00","twitter_card":"summary_large_image","schema":{"@context":"https:\/\/schema.org","@graph":[{"@type":"WebPage","@id":"https:\/\/rgmetalshaping.com\/politica-de-cookies\/","url":"https:\/\/rgmetalshaping.com\/politica-de-cookies\/","name":"Pol\u00edtica de Cookies \u2022 R&amp;G Metal Shaping","isPartOf":{"@id":"https:\/\/rgmetalshaping.com\/#website"},"datePublished":"2015-04-02T15:09:07+00:00","dateModified":"2026-04-10T07:41:30+00:00","breadcrumb":{"@id":"https:\/\/rgmetalshaping.com\/politica-de-cookies\/#breadcrumb"},"inLanguage":"ca","potentialAction":[{"@type":"ReadAction","target":["https:\/\/rgmetalshaping.com\/politica-de-cookies\/"]}]},{"@type":"BreadcrumbList","@id":"https:\/\/rgmetalshaping.com\/politica-de-cookies\/#breadcrumb","itemListElement":[{"@type":"ListItem","position":1,"name":"Inici","item":"https:\/\/rgmetalshaping.com\/"},{"@type":"ListItem","position":2,"name":"Pol\u00edtica de Cookies"}]},{"@type":"WebSite","@id":"https:\/\/rgmetalshaping.com\/#website","url":"https:\/\/rgmetalshaping.com\/","name":"R&amp;G Metal Shaping","description":"Planxisteria industrial de precisi\u00f3","publisher":{"@id":"https:\/\/rgmetalshaping.com\/#organization"},"alternateName":"RG Metal Shaping","potentialAction":[{"@type":"SearchAction","target":{"@type":"EntryPoint","urlTemplate":"https:\/\/rgmetalshaping.com\/?s={search_term_string}"},"query-input":{"@type":"PropertyValueSpecification","valueRequired":true,"valueName":"search_term_string"}}],"inLanguage":"ca"},{"@type":"Organization","@id":"https:\/\/rgmetalshaping.com\/#organization","name":"R&amp;G Metal Shaping","alternateName":"R&G Metal Shaping","url":"https:\/\/rgmetalshaping.com\/","logo":{"@type":"ImageObject","inLanguage":"ca","@id":"https:\/\/rgmetalshaping.com\/#\/schema\/logo\/image\/","url":"https:\/\/rgmetalshaping.com\/wp-content\/uploads\/2023\/01\/RG-Logo-Dark.svg","contentUrl":"https:\/\/rgmetalshaping.com\/wp-content\/uploads\/2023\/01\/RG-Logo-Dark.svg","width":101,"height":54,"caption":"R&G Metal Shaping"},"image":{"@id":"https:\/\/rgmetalshaping.com\/#\/schema\/logo\/image\/"},"sameAs":["https:\/\/www.facebook.com\/rgmetalshaping","https:\/\/www.linkedin.com\/company\/r&g-metal-shaping-sl\/","https:\/\/www.instagram.com\/rgmetalshaping\/"]}]}},"_links":{"self":[{"href":"https:\/\/rgmetalshaping.com\/ca\/wp-json\/wp\/v2\/pages\/572","targetHints":{"allow":["GET"]}}],"collection":[{"href":"https:\/\/rgmetalshaping.com\/ca\/wp-json\/wp\/v2\/pages"}],"about":[{"href":"https:\/\/rgmetalshaping.com\/ca\/wp-json\/wp\/v2\/types\/page"}],"author":[{"embeddable":true,"href":"https:\/\/rgmetalshaping.com\/ca\/wp-json\/wp\/v2\/users\/1"}],"replies":[{"embeddable":true,"href":"https:\/\/rgmetalshaping.com\/ca\/wp-json\/wp\/v2\/comments?post=572"}],"version-history":[{"count":23,"href":"https:\/\/rgmetalshaping.com\/ca\/wp-json\/wp\/v2\/pages\/572\/revisions"}],"predecessor-version":[{"id":9169,"href":"https:\/\/rgmetalshaping.com\/ca\/wp-json\/wp\/v2\/pages\/572\/revisions\/9169"}],"wp:attachment":[{"href":"https:\/\/rgmetalshaping.com\/ca\/wp-json\/wp\/v2\/media?parent=572"}],"curies":[{"name":"wp","href":"https:\/\/api.w.org\/{rel}","templated":true}]}}