{"id":7748,"date":"2024-02-14T10:55:40","date_gmt":"2024-02-14T10:55:40","guid":{"rendered":"https:\/\/rgmetalshaping.com\/?page_id=7748"},"modified":"2024-02-15T07:43:08","modified_gmt":"2024-02-15T07:43:08","slug":"canal-etic","status":"publish","type":"page","link":"https:\/\/rgmetalshaping.com\/ca\/canal-etico\/","title":{"rendered":"Canal \u00e8tic"},"content":{"rendered":"<div style=\"height:47px\" aria-hidden=\"true\" class=\"wp-block-spacer\"><\/div>\n\n\n\n<p><strong>I.- SISTEMA INTERN D&#039;INFORMACI\u00d3<\/strong><\/p>\n\n\n\n<p>En compliment de la Llei 2\/2023, de 20 de febrer, reguladora de la protecci\u00f3 de les persones que informin sobre infraccions normatives i de lluita contra la corrupci\u00f3 (d&#039;ara endavant, la \u201cLlei 2\/2023\u201d), <strong>R&amp;G METALL SHAPING, SL<\/strong>(d&#039;ara endavant, \u201cR&amp;G METAL SHAPING\u201d o \u201cl&#039;empresa\u201d) fa constar que compta amb un sistema intern d&#039;informaci\u00f3, i l&#039;empresa \u00e9s la responsable del tractament de les dades personals de conformitat amb el que disposa la legislaci\u00f3 vigent en aquest \u00e0mbit.<\/p>\n\n\n\n<p>Amb la finalitat d&#039;enfortir la cultura de la informaci\u00f3 i de les infraestructures d&#039;integritat de R&amp;G METAL SHAPING, i de fomentar la cultura de la comunicaci\u00f3 com a mecanisme de prevenci\u00f3 d&#039;activitats o omissions que puguin ser constitutives d&#039;infraccions en l&#039;\u00e0mbit del dret de la Uni\u00f3 Europea, infraccions penals o administratives greus o molt greus, aix\u00ed com infraccions laborals METALL SHAPING compta amb una persona Responsable de Compliment Penal (RCP), que \u00e9s, aix\u00ed mateix, Responsable del Sistema Intern d&#039;Informaci\u00f3 de l&#039;empresa (RSII) (d&#039;ara endavant, la persona \u201cRCP\/RSII\u201d). A aquest efecte, R&amp;G METALL SHAPING ha nomenat com a tal la persona que ocupa el c\u00e0rrec de Quality Manager de l&#039;empresa.<\/p>\n\n\n\n<p>Les informacions sobre infraccions relatives als \u00e0mbits assenyalats al par\u00e0graf anterior poden fer-se arribar a la persona RCP\/RSII per qualsevol dels seg\u00fcents mitjans de Canal \u00e8tic (Canal Intern d&#039;Informaci\u00f3):<\/p>\n\n\n\n<figure class=\"wp-block-table\"><table><tbody><tr><td>\u2013 Per correu electr\u00f2nic a la seg\u00fcent adre\u00e7a: <a href=\"mailto:canaletic@rgmetalshaping.com\">canaletic@rgmetalshaping.com<\/a><br><br>- Per correu ordinari a ladre\u00e7a de lempresa: Pol. Ind. Malloles, C. Esquirol, 4, 08500 Vic \u2013 a l&#039;atenci\u00f3 de la persona RCP\/RSII-.<br><br>\u2013 Mitjan\u00e7ant escrit lliurat a la persona RCP\/RSII.<\/td><\/tr><\/tbody><\/table><\/figure>\n\n\n\n<p>Les persones informants podran sol\u00b7licitar tamb\u00e9 visita presencial amb la persona RCP\/RSII en un termini m\u00e0xim de set dies.<\/p>\n\n\n\n<p>Les informacions comunicades verbalment a trav\u00e9s de reuni\u00f3 presencial amb la persona RCP\/RSII s&#039;han de documentar d&#039;alguna de les maneres seg\u00fcents, amb el consentiment previ de la persona informant:<\/p>\n\n\n\n<p>a) Mitjan\u00e7ant un enregistrament de la conversa en un format segur, durador i accessible.<\/p>\n\n\n\n<p><em>En aquest cas, s&#039;advertir\u00e0 a la persona informant que la comunicaci\u00f3 ser\u00e0 enregistrada i se li informar\u00e0 del tractament de les seves dades d&#039;acord amb el que estableix el Reglament (UE) 2016\/679 del Parlament Europeu i del Consell, de 27 d&#039;abril de 2016 (Reglament General de Protecci\u00f3 de Dades o RGPD).<\/em><\/p>\n\n\n\n<p>b) A trav\u00e9s d&#039;una transcripci\u00f3 completa i exacta de la conversa feta per la persona RCP\/RSII.<\/p>\n\n\n\n<p><em>Sense perjudici dels drets que li corresponen d&#039;acord amb la normativa sobre protecci\u00f3 de dades, s&#039;oferir\u00e0 a la persona informant l&#039;oportunitat de comprovar, rectificar i acceptar mitjan\u00e7ant la signatura la transcripci\u00f3 de la conversa.<\/em><\/p>\n\n\n\n<p>El Sistema Intern d&#039;Informaci\u00f3 de R&amp;G METALL SHAPING compleix els requisits de l&#039;article 5.2 de la Llei 2\/2023, \u00e9s a dir:<\/p>\n\n\n\n<p>a).- Permet que les persones a les quals aplica la Llei 2\/2023 puguin comunicar informacions, per diversos mitjans, sobre les infraccions previstes a l&#039;article 2.<\/p>\n\n\n\n<p>b).- Es gestiona de manera segura, garantint que les comunicacions puguin tractar-se de forma efectiva dins de l&#039;empresa, aix\u00ed com la confidencialitat de la identitat de la persona informant i de qualsevol tercera persona esmentada en la comunicaci\u00f3 i de les actuacions que es desenvolupin en la gesti\u00f3 i tramitaci\u00f3 d&#039;aquesta, aix\u00ed com la protecci\u00f3 de dades, impedint l&#039;acc\u00e9s de personal no autoritzat.<\/p>\n\n\n\n<p>c).- Compte amb un Protocol del Sistema Intern d&#039;Informaci\u00f3, d&#039;\u00fas del Canal \u00c8tic, i d&#039;actuaci\u00f3 de la persona Responsable de Compliment Penal i del Sistema Intern d&#039;Informaci\u00f3 que estableix garanties per a la protecci\u00f3 de les persones informants, essencialment:<\/p>\n\n\n\n<ul class=\"wp-block-list\">\n<li>Justificant de recepci\u00f3 en el termini de set dies naturals seg\u00fcents a la recepci\u00f3 de la informaci\u00f3.<\/li>\n\n\n\n<li>Termini m\u00e0xim ordinari de tres mesos per donar resposta a les actuacions de la investigaci\u00f3, en els termes de l&#039;article 9 de la Llei, emplenant i custodiant de forma diligent un Llibre registre d&#039;informacions.<\/li>\n\n\n\n<li>Possibilitat de mantenir la comunicaci\u00f3 amb la persona informant.<\/li>\n\n\n\n<li>Establiment del dret de la persona afectada a qu\u00e8 se li informi de les accions o omissions que se li atribueixen ia ser escoltada.<\/li>\n\n\n\n<li>Garantia de confidencialitat quan la comunicaci\u00f3 sigui remesa per canals de den\u00fancia que no siguin els establerts oa personal no responsable del seu tractament, aix\u00ed com l&#039;obligaci\u00f3 que la persona que la rebi, la remeti immediatament a la persona RCP\/RSII.<\/li>\n\n\n\n<li>Respecte per la presumpci\u00f3 d&#039;innoc\u00e8ncia i l&#039;honor de les persones afectades.<\/li>\n\n\n\n<li>Respecte a les disposicions sobre protecci\u00f3 de dades (t\u00edtol VI Llei 2\/2023).<\/li>\n\n\n\n<li>Comprom\u00eds de tramesa de la informaci\u00f3 al Ministeri Fiscal amb car\u00e0cter immediat, quan els fets puguin ser indici\u00e0riament constitutius de delicte.<\/li>\n<\/ul>\n\n\n\n<div style=\"height:24px\" aria-hidden=\"true\" class=\"wp-block-spacer\"><\/div>\n\n\n\n<p><strong>II.- TRACTAMENT DE DADES PERSONALS<\/strong><\/p>\n\n\n\n<p>R&amp;G METALL SHAPING tractar\u00e0 les dades personals incloses en les comunicacions que es rebin i quedin emparades per la Llei 2\/2023, com a responsable del tractament, amb la finalitat de poder gestionar-les i iniciar, si escau, el procediment de recerca corresponent i adoptar les mesures correctores que siguin procedents.<\/p>\n\n\n\n<p>La base jur\u00eddica del tractament ser\u00e0 el compliment de les obligacions imposades per la Llei 2\/2023. Si la comunicaci\u00f3 cont\u00e9 dades de car\u00e0cter especial, aquestes nom\u00e9s es tractaran quan resulti estrictament necessari per a l&#039;adopci\u00f3 de mesures correctores i\/o l&#039;inici del procediment de recerca corresponent i\/o la tramitaci\u00f3 dels procediments sancionadors o penals que, si escau, siguin procedents, de conformitat amb la legislaci\u00f3 vigent, i en aquests casos la base jur\u00eddica ser\u00e0 l&#039;inter\u00e8s p\u00fablic essencial. El tractament de les dades personals ser\u00e0 l&#039;indispensable, ja que sense aquestes no es pot complir els objectius i les obligacions que estipula la Llei 2\/2023.<\/p>\n\n\n\n<p>Aix\u00ed mateix, s&#039;informa que aquestes dades personals podran ser tractades pel personal autoritzat \u00fanicament quan sigui necessari per a la investigaci\u00f3 d&#039;incompliments de la normativa interna de l&#039;empresa, infraccions en l&#039;\u00e0mbit del dret de la Uni\u00f3 Europea, infraccions penals o administratives greus o molt greus, aix\u00ed com infraccions laborals en l&#039;\u00e0mbit de seguretat i salut en el treball, per a l&#039;adopci\u00f3 de mesures que, si escau, procedeixin. Aix\u00ed mateix, les dades personals poden ser comunicades a tercers en cas d&#039;obligaci\u00f3 legal, i poden ser comunicades a l&#039;autoritat judicial, al ministeri fiscal oa les autoritats administratives competents en el marc d&#039;aquesta investigaci\u00f3.<\/p>\n\n\n\n<p>Les dades personals es conservaran el temps imprescindible per decidir sobre la proced\u00e8ncia diniciar una investigaci\u00f3 sobre els fets informats. En cas que fos oport\u00fa adoptar mesures correctores, les dades es conservaran durant tot el termini que duri laplicaci\u00f3 daquestes mesures. D&#039;altra banda, en cas que fos necessari iniciar la tramitaci\u00f3 de procediments sancionadors o penals, les dades es conservaran durant tot el termini que duri el procediment sancionador o penal.<\/p>\n\n\n\n<p>En qualsevol cas, si la decisi\u00f3 sobre la proced\u00e8ncia d&#039;iniciar una investigaci\u00f3 sobre els fets informats no s&#039;adopt\u00e9s en un termini de tres mesos, les dades personals contingudes a la comunicaci\u00f3 se suprimiran, llevat de les que sigui estrictament necessari que es conservin bloquejades amb la finalitat de mantenir evid\u00e8ncia del funcionament del Sistema Intern d&#039;Informaci\u00f3 de l&#039;empresa de conformitat amb la Llei 2\/2023.<\/p>\n\n\n\n<p>Tamb\u00e9 seran suprimides aquelles dades personals que revelin conductes que no estiguin incloses en l&#039;\u00e0mbit d&#039;aplicaci\u00f3 de la Llei 2\/2023, aix\u00ed com aquelles dades personals no considerades vera\u00e7os, a excepci\u00f3 que aquesta manca de veracitat pugui constituir un il\u00b7l\u00edcit penal, cas en qu\u00e8 es guardar\u00e0 la informaci\u00f3 pel temps necessari durant el qual es tramiti el procediment judicial corresponent.<\/p>\n\n\n\n<p>Finalment, es fa constar que, en qualsevol moment, la persona comunicant podr\u00e0 sol\u00b7licitar al responsable del tractament l&#039;acc\u00e9s a les vostres dades personals, la seva rectificaci\u00f3 o supressi\u00f3, la limitaci\u00f3 del seu tractament, o oposar-s&#039;hi, aix\u00ed com el dret a la portabilitat de les dades, enviant un escrit al correu electr\u00f2nic info@rgmetalshaping.com. En cas de disconformitat amb el tractament de les vostres dades, podreu presentar una reclamaci\u00f3 davant l&#039;Ag\u00e8ncia Espanyola de Protecci\u00f3 de Dades, organisme que ostenta l&#039;autoritat de control en la mat\u00e8ria, ubicada al C\/ Jorge Juan, 6 (28001) Madrid (<a href=\"http:\/\/www.aepd.es\/\">www.aepd.es<\/a>).<\/p>\n\n\n\n<div style=\"height:24px\" aria-hidden=\"true\" class=\"wp-block-spacer\"><\/div>\n\n\n\n<p><strong>III.- NO REPRES\u00c0LIA<\/strong><\/p>\n\n\n\n<p>R&amp;G METAL SHAPING es compromet expressament a no dur a terme actes constitutius de repres\u00e0lia, incloses amenaces o temptatives de repres\u00e0lia, contra les persones que presentin una comunicaci\u00f3 conforme al que preveu la Llei 2\/2023, ia aplicar mesures de protecci\u00f3 durant la tramitaci\u00f3 d&#039;un expedient, respecte de les persones afectades per una possible comunicaci\u00f3.<\/p>\n\n\n\n<div style=\"height:24px\" aria-hidden=\"true\" class=\"wp-block-spacer\"><\/div>\n\n\n\n<p><strong>IV.- EXEMPCI\u00d3 I ATENUACI\u00d3 DE LA SANCI\u00d3<\/strong><\/p>\n\n\n\n<p>De conformitat amb el que preveu la Llei 2\/2023, quan una persona que hagi participat en la comissi\u00f3 de la infracci\u00f3 administrativa objecte de la informaci\u00f3 sigui la que informi de la seva exist\u00e8ncia mitjan\u00e7ant la presentaci\u00f3 de la informaci\u00f3, i sempre que aquesta hagi estat presentada amb anterioritat al fet que hagi estat notificada la incoaci\u00f3 del procediment d&#039;investigaci\u00f3 o sancionador, l&#039;\u00f2rgan administratiu competent per resoldre el procediment que li correspongui acreditats els extrems esmentats a l&#039;article 40 de la Llei 2\/2023.<\/p>\n\n\n\n<hr class=\"wp-block-separator has-alpha-channel-opacity\"\/>\n\n\n\n<p><em>(*) El Canal Intern d&#039;Informaci\u00f3 permet la presentaci\u00f3 de comunicacions an\u00f2nimes.<\/em><\/p>\n\n\n\n<p> (**) Si b\u00e9 sempre que sigui possible l&#039;\u00fas del canal intern ser\u00e0 preferent, segons les circumst\u00e0ncies i la gravetat de la informaci\u00f3, les comunicacions tamb\u00e9 es poden remetre, si s&#039;escau, a l&#039;Autoritat Independent de Protecci\u00f3 de l&#039;Informant (a la Comunitat Aut\u00f2noma de Catalunya, davant l&#039;Oficina Antifrau de Catalunya), oa les autoritats o \u00f2rgans auton\u00f2mics corresponents, al Ministeri Fiscal.<\/p>\n\n\n\n<p><\/p>\n\n\n\n<div style=\"height:78px\" aria-hidden=\"true\" class=\"wp-block-spacer\"><\/div>\n\n\n\n<p><\/p>","protected":false},"excerpt":{"rendered":"<p>I.- SISTEMA INTERNO DE INFORMACI\u00d3N En cumplimiento de la Ley 2\/2023, de 20 de febrero, reguladora de la protecci\u00f3n de las personas que informen sobre infracciones normativas y de lucha contra la corrupci\u00f3n (en adelante, la \u201cLey 2\/2023\u201d), R&amp;G METAL SHAPING, S.L.(en adelante, \u201cR&amp;G METAL SHAPING\u201d o \u201cla empresa\u201d) hace constar que cuenta con un [&hellip;]<\/p>\n","protected":false},"author":4,"featured_media":0,"parent":0,"menu_order":0,"comment_status":"closed","ping_status":"closed","template":"","meta":{"footnotes":""},"class_list":["post-7748","page","type-page","status-publish","hentry"],"yoast_head":"<!-- This site is optimized with the Yoast SEO plugin v27.3 - https:\/\/yoast.com\/product\/yoast-seo-wordpress\/ -->\n<title>Canal \u00e9tico &#8226; R&amp;G Metal Shaping<\/title>\n<meta name=\"robots\" content=\"index, follow, max-snippet:-1, max-image-preview:large, max-video-preview:-1\" \/>\n<link rel=\"canonical\" href=\"https:\/\/rgmetalshaping.com\/ca\/canal-etic\/\" \/>\n<meta property=\"og:locale\" content=\"ca_ES\" \/>\n<meta property=\"og:type\" content=\"article\" \/>\n<meta property=\"og:title\" content=\"Canal \u00e9tico &#8226; R&amp;G Metal Shaping\" \/>\n<meta property=\"og:description\" content=\"I.- SISTEMA INTERNO DE INFORMACI\u00d3N En cumplimiento de la Ley 2\/2023, de 20 de febrero, reguladora de la protecci\u00f3n de las personas que informen sobre infracciones normativas y de lucha contra la corrupci\u00f3n (en adelante, la \u201cLey 2\/2023\u201d), R&amp;G METAL SHAPING, S.L.(en adelante, \u201cR&amp;G METAL SHAPING\u201d o \u201cla empresa\u201d) hace constar que cuenta con un [&hellip;]\" \/>\n<meta property=\"og:url\" content=\"https:\/\/rgmetalshaping.com\/ca\/canal-etic\/\" \/>\n<meta property=\"og:site_name\" content=\"R&amp;G Metal Shaping\" \/>\n<meta property=\"article:publisher\" content=\"https:\/\/www.facebook.com\/rgmetalshaping\" \/>\n<meta property=\"article:modified_time\" content=\"2024-02-15T07:43:08+00:00\" \/>\n<meta name=\"twitter:card\" content=\"summary_large_image\" \/>\n<script type=\"application\/ld+json\" class=\"yoast-schema-graph\">{\"@context\":\"https:\\\/\\\/schema.org\",\"@graph\":[{\"@type\":\"WebPage\",\"@id\":\"https:\\\/\\\/rgmetalshaping.com\\\/canal-etico\\\/\",\"url\":\"https:\\\/\\\/rgmetalshaping.com\\\/canal-etico\\\/\",\"name\":\"Canal \u00e9tico &#8226; R&amp;G Metal Shaping\",\"isPartOf\":{\"@id\":\"https:\\\/\\\/rgmetalshaping.com\\\/#website\"},\"datePublished\":\"2024-02-14T10:55:40+00:00\",\"dateModified\":\"2024-02-15T07:43:08+00:00\",\"breadcrumb\":{\"@id\":\"https:\\\/\\\/rgmetalshaping.com\\\/canal-etico\\\/#breadcrumb\"},\"inLanguage\":\"ca\",\"potentialAction\":[{\"@type\":\"ReadAction\",\"target\":[\"https:\\\/\\\/rgmetalshaping.com\\\/canal-etico\\\/\"]}]},{\"@type\":\"BreadcrumbList\",\"@id\":\"https:\\\/\\\/rgmetalshaping.com\\\/canal-etico\\\/#breadcrumb\",\"itemListElement\":[{\"@type\":\"ListItem\",\"position\":1,\"name\":\"Inici\",\"item\":\"https:\\\/\\\/rgmetalshaping.com\\\/\"},{\"@type\":\"ListItem\",\"position\":2,\"name\":\"Canal \u00e9tico\"}]},{\"@type\":\"WebSite\",\"@id\":\"https:\\\/\\\/rgmetalshaping.com\\\/#website\",\"url\":\"https:\\\/\\\/rgmetalshaping.com\\\/\",\"name\":\"R&G Metal Shaping\",\"description\":\"Planchisteria industrial de precisi\u00f3n\",\"publisher\":{\"@id\":\"https:\\\/\\\/rgmetalshaping.com\\\/#organization\"},\"alternateName\":\"RG Metal Shaping\",\"potentialAction\":[{\"@type\":\"SearchAction\",\"target\":{\"@type\":\"EntryPoint\",\"urlTemplate\":\"https:\\\/\\\/rgmetalshaping.com\\\/?s={search_term_string}\"},\"query-input\":{\"@type\":\"PropertyValueSpecification\",\"valueRequired\":true,\"valueName\":\"search_term_string\"}}],\"inLanguage\":\"ca\"},{\"@type\":\"Organization\",\"@id\":\"https:\\\/\\\/rgmetalshaping.com\\\/#organization\",\"name\":\"R&G Metal Shaping\",\"alternateName\":\"R&G Metal Shaping\",\"url\":\"https:\\\/\\\/rgmetalshaping.com\\\/\",\"logo\":{\"@type\":\"ImageObject\",\"inLanguage\":\"ca\",\"@id\":\"https:\\\/\\\/rgmetalshaping.com\\\/#\\\/schema\\\/logo\\\/image\\\/\",\"url\":\"https:\\\/\\\/rgmetalshaping.com\\\/wp-content\\\/uploads\\\/2023\\\/01\\\/RG-Logo-Dark.svg\",\"contentUrl\":\"https:\\\/\\\/rgmetalshaping.com\\\/wp-content\\\/uploads\\\/2023\\\/01\\\/RG-Logo-Dark.svg\",\"width\":101,\"height\":54,\"caption\":\"R&G Metal Shaping\"},\"image\":{\"@id\":\"https:\\\/\\\/rgmetalshaping.com\\\/#\\\/schema\\\/logo\\\/image\\\/\"},\"sameAs\":[\"https:\\\/\\\/www.facebook.com\\\/rgmetalshaping\",\"https:\\\/\\\/www.linkedin.com\\\/company\\\/r&g-metal-shaping-sl\\\/\",\"https:\\\/\\\/www.instagram.com\\\/rgmetalshaping\\\/\"]}]}<\/script>\n<!-- \/ Yoast SEO plugin. -->","yoast_head_json":{"title":"Canal \u00e8tic \u2022 R&amp;G Metal Shaping","robots":{"index":"index","follow":"follow","max-snippet":"max-snippet:-1","max-image-preview":"max-image-preview:large","max-video-preview":"max-video-preview:-1"},"canonical":"https:\/\/rgmetalshaping.com\/ca\/canal-etic\/","og_locale":"ca_ES","og_type":"article","og_title":"Canal \u00e9tico &#8226; R&amp;G Metal Shaping","og_description":"I.- SISTEMA INTERNO DE INFORMACI\u00d3N En cumplimiento de la Ley 2\/2023, de 20 de febrero, reguladora de la protecci\u00f3n de las personas que informen sobre infracciones normativas y de lucha contra la corrupci\u00f3n (en adelante, la \u201cLey 2\/2023\u201d), R&amp;G METAL SHAPING, S.L.(en adelante, \u201cR&amp;G METAL SHAPING\u201d o \u201cla empresa\u201d) hace constar que cuenta con un [&hellip;]","og_url":"https:\/\/rgmetalshaping.com\/ca\/canal-etic\/","og_site_name":"R&amp;G Metal Shaping","article_publisher":"https:\/\/www.facebook.com\/rgmetalshaping","article_modified_time":"2024-02-15T07:43:08+00:00","twitter_card":"summary_large_image","schema":{"@context":"https:\/\/schema.org","@graph":[{"@type":"WebPage","@id":"https:\/\/rgmetalshaping.com\/canal-etico\/","url":"https:\/\/rgmetalshaping.com\/canal-etico\/","name":"Canal \u00e8tic \u2022 R&amp;G Metal Shaping","isPartOf":{"@id":"https:\/\/rgmetalshaping.com\/#website"},"datePublished":"2024-02-14T10:55:40+00:00","dateModified":"2024-02-15T07:43:08+00:00","breadcrumb":{"@id":"https:\/\/rgmetalshaping.com\/canal-etico\/#breadcrumb"},"inLanguage":"ca","potentialAction":[{"@type":"ReadAction","target":["https:\/\/rgmetalshaping.com\/canal-etico\/"]}]},{"@type":"BreadcrumbList","@id":"https:\/\/rgmetalshaping.com\/canal-etico\/#breadcrumb","itemListElement":[{"@type":"ListItem","position":1,"name":"Inici","item":"https:\/\/rgmetalshaping.com\/"},{"@type":"ListItem","position":2,"name":"Canal \u00e9tico"}]},{"@type":"WebSite","@id":"https:\/\/rgmetalshaping.com\/#website","url":"https:\/\/rgmetalshaping.com\/","name":"R&amp;G Metal Shaping","description":"Planxisteria industrial de precisi\u00f3","publisher":{"@id":"https:\/\/rgmetalshaping.com\/#organization"},"alternateName":"RG Metal Shaping","potentialAction":[{"@type":"SearchAction","target":{"@type":"EntryPoint","urlTemplate":"https:\/\/rgmetalshaping.com\/?s={search_term_string}"},"query-input":{"@type":"PropertyValueSpecification","valueRequired":true,"valueName":"search_term_string"}}],"inLanguage":"ca"},{"@type":"Organization","@id":"https:\/\/rgmetalshaping.com\/#organization","name":"R&amp;G Metal Shaping","alternateName":"R&G Metal Shaping","url":"https:\/\/rgmetalshaping.com\/","logo":{"@type":"ImageObject","inLanguage":"ca","@id":"https:\/\/rgmetalshaping.com\/#\/schema\/logo\/image\/","url":"https:\/\/rgmetalshaping.com\/wp-content\/uploads\/2023\/01\/RG-Logo-Dark.svg","contentUrl":"https:\/\/rgmetalshaping.com\/wp-content\/uploads\/2023\/01\/RG-Logo-Dark.svg","width":101,"height":54,"caption":"R&G Metal Shaping"},"image":{"@id":"https:\/\/rgmetalshaping.com\/#\/schema\/logo\/image\/"},"sameAs":["https:\/\/www.facebook.com\/rgmetalshaping","https:\/\/www.linkedin.com\/company\/r&g-metal-shaping-sl\/","https:\/\/www.instagram.com\/rgmetalshaping\/"]}]}},"_links":{"self":[{"href":"https:\/\/rgmetalshaping.com\/ca\/wp-json\/wp\/v2\/pages\/7748","targetHints":{"allow":["GET"]}}],"collection":[{"href":"https:\/\/rgmetalshaping.com\/ca\/wp-json\/wp\/v2\/pages"}],"about":[{"href":"https:\/\/rgmetalshaping.com\/ca\/wp-json\/wp\/v2\/types\/page"}],"author":[{"embeddable":true,"href":"https:\/\/rgmetalshaping.com\/ca\/wp-json\/wp\/v2\/users\/4"}],"replies":[{"embeddable":true,"href":"https:\/\/rgmetalshaping.com\/ca\/wp-json\/wp\/v2\/comments?post=7748"}],"version-history":[{"count":4,"href":"https:\/\/rgmetalshaping.com\/ca\/wp-json\/wp\/v2\/pages\/7748\/revisions"}],"predecessor-version":[{"id":7760,"href":"https:\/\/rgmetalshaping.com\/ca\/wp-json\/wp\/v2\/pages\/7748\/revisions\/7760"}],"wp:attachment":[{"href":"https:\/\/rgmetalshaping.com\/ca\/wp-json\/wp\/v2\/media?parent=7748"}],"curies":[{"name":"wp","href":"https:\/\/api.w.org\/{rel}","templated":true}]}}