{"id":8879,"date":"2025-04-24T08:08:35","date_gmt":"2025-04-24T08:08:35","guid":{"rendered":"https:\/\/rgmetalshaping.com\/terms-and-conditions\/"},"modified":"2025-04-24T08:08:35","modified_gmt":"2025-04-24T08:08:35","slug":"terms-and-conditions","status":"publish","type":"page","link":"https:\/\/rgmetalshaping.com\/ca\/terms-and-conditions\/","title":{"rendered":"Terms and Conditions"},"content":{"rendered":"<!-- This legal document was generated by Complianz Terms &amp; Conditions https:\/\/wordpress.org\/plugins\/complianz-terms-conditions -->\n<div id=\"cmplz-document\" class=\"cmplz-document cmplz-terms-conditions\"><p><i>Els Termes i condicions es van actualitzar per darrera vegada el 27 de maig de 2025<\/i><\/p><h2>1. Introducci\u00f3<\/h2><p>Aquests Termes i condicions s&#039;apliquin a aquest lloc web ia les transaccions relacionades amb els nostres productes i serveis. \u00c9s possible que estigui vinculat per contractes addicionals relacionats amb la seva relaci\u00f3 amb nosaltres o amb qualsevol producte o servei que rebeu de nosaltres. Si alguna disposici\u00f3 dels contractes addicionals entra en conflicte amb qualsevol daquestes Condicions, les disposicions daquests contractes addicionals controlaran i prevaldran.<\/p><h2>2. Vinculaci\u00f3<\/h2><p>En registrar-se, accedir o utilitzar d&#039;una altra manera aquest lloc web, vost\u00e8 accepta estar subjecte a aquests Termes i condicions que s&#039;indiquin a continuaci\u00f3. El sol \u00fas d&#039;aquest lloc web implica el coneixement i l&#039;acceptaci\u00f3 d&#039;aquests termes i condicions. En alguns casos particulars, tamb\u00e9 podem demanar-vos que accepteu expl\u00edcitament.<\/p><h2>3. Comunicaci\u00f3 electr\u00f2nica<\/h2><p>En utilitzar aquest lloc web o en comunicar-se amb nosaltres per mitjans electr\u00f2nics, accepteu i reconeixeu que ens podem comunicar amb vosaltres electr\u00f2nicament al nostre lloc web o enviant-vos un correu electr\u00f2nic, i accepteu que tots els acords, avisos, revelacions i altres comunicacions que fem proporcionar-li electr\u00f2nicament satisfer qualsevol requisit legal, incl\u00f2s, entre d&#039;altres, el requisit.<\/p><h2>4. Propietat intel\u00b7lectual<\/h2><p>Nosaltres o els nostres llicenciants posse\u00efm i controlem tots els drets d&#039;autor i altres drets de propietat intel\u00b7lectual del lloc web i les dades, informaci\u00f3 i altres recursos que es mostren o accessibles al lloc web.<\/p><p class=\"cmplz-subtitle\">4.1 Tots els drets estan reservats<\/p><p>Tret que el contingut espec\u00edfic indiqui el contrari, no se us concedeix cap llic\u00e8ncia ni cap altre dret en virtut de drets d&#039;autor, marques comercials, patents o altres drets de propietat intel\u00b7lectual. Aix\u00f2 vol dir que no utilitzar\u00e0, copiar\u00e0, reproduir\u00e0, executar\u00e0, mostrar\u00e0, distribuir\u00e0, incrustar\u00e0 a cap mitj\u00e0 electr\u00f2nic, alterar\u00e0, realitzar\u00e0 enginyeria inversa, descompilar\u00e0, transferir\u00e0, descarregar\u00e0, transmetr\u00e0, monetitzar\u00e0, vendre, comercialitzar o comercialitzar cap recurs d&#039;aquest lloc web. de qualsevol manera, sense el nostre perm\u00eds previ per escrit, excepte i nom\u00e9s en la mesura que s&#039;estipuli el contrari a les normes de llei imperativa (com ara el dret a cotitzaci\u00f3).<\/p><h2>5. Butllet\u00ed informatiu<\/h2><p>No obstant l&#039;anterior, podeu reenviar el nostre butllet\u00ed en forma electr\u00f2nica a altres persones que puguin estar interessades a visitar el nostre lloc web.<\/p><h2>6. Propietat de tercers<\/h2><p>El nostre lloc web pot incloure hipervincles u altres refer\u00e8ncies a llocs web d&#039;altres parts. No controlem ni revisem el contingut dels llocs web daltres parts als quals senlla\u00e7a des daquest lloc web. Els productes o serveis oferts per altres llocs web estaran subjectes als termes i condicions aplicables d&#039;aquests tercers. Les opinions expressades o el material que apareix en aquests llocs web no \u00e9s necess\u00e0riament compartit ni avalat per nosaltres.<\/p><p>No serem responsables de cap pr\u00e0ctica de privadesa o contingut d&#039;aquests llocs. Us assumiu tots els cingles associats amb l&#039;\u00fas d&#039;aquests llocs web i qualsevol servei de tercers relacionat. No acceptarem cap responsabilitat per cap p\u00e8rdua o dany de qualsevol manera, sigui quina sigui la causa, que resulti de la seva divulgaci\u00f3 a tercers d&#039;informaci\u00f3 personal.<\/p><h2>7. \u00das responsable<\/h2><p>En visitar el nostre lloc web, accepteu utilitzar-lo nom\u00e9s per als prop\u00f2sits previstos i tal com ho permetin aquestes Condicions, qualsevol contracte addicional amb nosaltres i les lleis, regulacions i pr\u00e0ctiques en l\u00ednia generalment acceptades i directrius del sector. No heu d&#039;utilitzar el nostre lloc web o serveis per utilitzar, publicar o distribuir cap material que consisteixi (o estigui vinculat a) programari inform\u00e0tic malicios; utilitzar les dades recollides del nostre lloc web per a qualsevol activitat de m\u00e0rqueting directe o realitzar activitats de recollida de dades sistem\u00e0tica o automatitzada al nostre lloc web o en relaci\u00f3 amb ell.<\/p><p>Queda totalment prohibit participar a qualsevol activitat que causi o pugui causar danys al lloc web o que interfereixi amb el rendiment, la disponibilitat o l&#039;accessibilitat del lloc web.<\/p><h2>8. Inscripci\u00f3<\/h2><p>Podeu registrar-vos per obtenir una compte al nostre lloc web. Durant aquest proc\u00e9s, \u00e9s possible que se us demani que escolliu una contrasenya. Sou responsable de mantenir la confidencialitat de les contrasenyes i la informaci\u00f3 de la compte i accepteu no compartir les vostres contrasenyes, la informaci\u00f3 de la compte o l&#039;acc\u00e9s segur al nostre lloc web o serveis amb cap altra persona. No heu de permetre que cap altra persona utilitzi la vostra compte per accedir al lloc web perqu\u00e8 sou responsable de totes les activitats que es produeixin mitjan\u00e7ant l&#039;\u00fas de les vostres contrasenyes o comptes. Ens heu de notificar immediatament si teniu coneixement de qualsevol revelaci\u00f3 de la vostra contrasenya.<\/p><p>Despr\u00e9s de la cancel\u00b7laci\u00f3 de la compte, no intentareu registrar una compte nou sense el nostre perm\u00eds.<\/p><h2>9. Presentaci\u00f3 d&#039;idees<\/h2><p>No envieu idees, invencions, obres d&#039;autoria o altra informaci\u00f3 que es pugui considerar propietat intelectual pr\u00f2pia que ens agradaria presentar, tret que primer h\u00e0gim signat un acord sobre la propietat intelectual o un acord de no divulgaci\u00f3. Si ens ho reveles sense aquest acord per escrit, ens atorgues una llic\u00e8ncia mundial, irrevocable, no exclusiva i lliure de drets d&#039;autor per utilitzar, reproduir, emmagatzemar, adaptar, publicar, traduir i distribuir el teu contingut en qualsevol mitj\u00e0 existent o futur. .<\/p><h2>10. Finalitzaci\u00f3 de l&#039;\u00fas<\/h2><p>Podem, a la nostra discreci\u00f3, modificar o interrompre l&#039;acc\u00e9s, de manera temporal o permanent, en qualsevol moment al lloc web oa qualsevol servei que hi hagi. Accepteu que no serem responsables davant vostre o cap tercer per qualsevol modificaci\u00f3, suspensi\u00f3 o interrupci\u00f3 del vostre acc\u00e9s o \u00fas del lloc web o qualsevol contingut que pugueu haver compartit al lloc web. No tindreu dret a cap compensaci\u00f3 ni cap altre pagament, fins i tot si determinades caracter\u00edstiques, configuraci\u00f3 i\/o qualsevol contingut amb qu\u00e8 h\u00e0giu contribu\u00eft o en qu\u00e8 us heu confiat, es perdin permanentment. No heu d&#039;eludir ni eludir, ni intentar eludir o eludir cap mesura de restricci\u00f3 d&#039;acc\u00e9s al nostre lloc web.<\/p><h2>11. Garanties i responsabilitat<\/h2><p>Res d&#039;aquesta secci\u00f3 limitar\u00e0 o excluir\u00e0 cap garantia impl\u00edcita per la llei que seria il\u00b7legal limitar o excluir. Aquest lloc web i tot el contingut del lloc web es proporcionen &quot;tal qual&quot; i &quot;segons estiguin disponibles&quot; i poden incloure inexactituds o errors tipogr\u00e0fics. Declinem expressament totes les garanties de qualsevol tipus, ja siguin expl\u00edcits o impl\u00edcits, quant a la disponibilitat, exactitud o integritat del contingut. No donem cap garantia que:<\/p><p><ul>\n                    <li>aquest lloc web o el nostre contingut satisfar\u00e0 els vostres requisits;<\/li>\n                    <li>aquest lloc web estar\u00e0 disponible de manera ininterrompuda, oportuna, segura o sense errors.<\/li>\n        <\/ul><\/p><p>Res d&#039;aquest lloc web no constitueix ni pret\u00e9n constituir un assessorament legal, financer o m\u00e8dic de cap tipus. Si necessites assessorament, cal consultar un professional adequat.<\/p><p>Les disposicions seg\u00fcents d&#039;aquesta secci\u00f3 s&#039;aplicaran en la mesura m\u00e0xima permesa per la llei aplicable i no limitaran ni excluuran la nostra responsabilitat respecte a cap assumpte que seria il\u00b7legal o il\u00b7legal per a nosaltres limitar o excluir la nostra responsabilitat. En cap cas seran responsables dels danys directes o indirectes (inclosos els danys per p\u00e8rdua de beneficis o ingressos, p\u00e8rdua o corrupci\u00f3 de dades, programari o base de dades, o p\u00e8rdua o dany a la propietat o les dades) incorregut per vost\u00e8 o qualsevol tercer. part, derivada del vostre acc\u00e9s o \u00fas del nostre lloc web.<\/p><p>Llevat que qualsevol contracte addicional estableixi expressament el contrari, la nostra m\u00e0xima responsabilitat envers vost\u00e8 per tots els danys derivats o relacionats amb el lloc web o qualsevol producte i servei comercialitzat o venut a trav\u00e9s del lloc web, independentment de la forma d&#039;acci\u00f3 legal que imposa la responsabilitat ( ja sigui per contracte, equitat, neglig\u00e8ncia, conducta intencionada, dany o d&#039;una altra manera) web. Aquest l\u00edmit s&#039;aplicar\u00e0 en conjunt a totes les reclamacions, accions i causes d&#039;acci\u00f3 de qualsevol tipus i naturalesa.<\/p><h2>12. Privadesa<\/h2><p>Per accedir al nostre lloc web i\/o serveis, \u00e9s possible que se us demani que proporcioneu certa informaci\u00f3 sobre vosaltres mateixos com a part del proc\u00e9s de registre. Accepteu que qualsevol informaci\u00f3 que proporcioneu ser\u00e0 sempre precisa, correcta i actualitzada.<\/p><p>Hem desenvolupat una pol\u00edtica per resoldre qualsevol problema de privadesa que pugui tenir. Per a m\u00e9s informaci\u00f3, si us plau, consulteu la nostra <a href=\"#?cmplz_region_redirect=true\">Privacy Statement<\/a> and our <a href=\"https:\/\/rgmetalshaping.com\/ca\/politica-de-cookies\/\">Cookie Policy<\/a>.<\/p><h2>13. Restriccions d&#039;exportaci\u00f3 \/ Compliment legal<\/h2><p>Est\u00e0 prohibit l&#039;acc\u00e9s al lloc web des de territoris o pa\u00efsos on el contingut o la compra dels productes o serveis venuts al lloc web \u00e9s il\u00b7legal. No podeu utilitzar aquest lloc web infringint les lleis i regulacions d&#039;exportaci\u00f3 d&#039;Espanya.<\/p><h2>14. Enc\u00e0rrec<\/h2><p>No podeu cedir, transferir o subcontractar cap dels vostres drets i\/o obligacions en virtut d&#039;aquests Termes i condicions, totalment o parcialment, a cap tercer sense el nostre consentiment previ per escrit. Qualsevol presumpta cessi\u00f3 que infringeixi aquesta Secci\u00f3 ser\u00e0 nul\u00b7la de ple dret.<\/p><h2>15. Incompliments d&#039;aquests Termes i condicions<\/h2><p>Sense perjudici dels nostres altres drets en virtut d&#039;aquests Termes i Condicions, si incompleixes aquests Termes i Condicions d&#039;alguna manera, podrem prendre les mesures que considerem oportunes per fer front a l&#039;incompliment, inclosa la suspensi\u00f3 temporal o permanent del teu acc\u00e9s al lloc web, posant-nos en contacte. el vostre prove\u00efdor de serveis d&#039;Internet per demanar que bloquegi el vostre acc\u00e9s al lloc web i\/o iniciar accions legals contra v\u00f3s.<\/p><h2>16. Indemnitzaci\u00f3<\/h2><p>Accepteu indemnitzar-nos, defensar-nos i mantenir-nos indemnes de qualsevol reclamaci\u00f3, responsabilitat, dany, p\u00e8rdues i despeses relacionades amb la vostra violaci\u00f3 d&#039;aquests Termes i condicions i de les lleis aplicables, inclosos els drets de propietat intelectual i els drets de privadesa. Ens reembolsar\u00e0 immediatament els nostres danys, p\u00e8rdues, costos i despeses relacionades o derivats d&#039;aquestes reclamacions.<\/p><h2>17. Ren\u00fancia<\/h2><p>L&#039;incompliment de qualsevol de les disposicions establertes en aquests termes i condicions i qualsevol acord, o la falta d&#039;exercir qualsevol opci\u00f3 de rescissi\u00f3, no s&#039;interpretar\u00e0 com una renuncia a aquestes disposicions i no afectar\u00e0 la validesa d&#039;aquests termes i condicions ni de cap acord o qualsevol part d&#039;aquest, o el dret posterior a fer complir totes i cada una de les disposicions.<\/p><h2>18. Llengua<\/h2><p>Aquests Termes i Condicions s&#039;interpretaran i interpretaran exclusivament a Espanyol; Castell\u00e0. Tots els avisos i correspond\u00e8ncia es redactaran exclusivament en aquest idioma.<\/p><h2>19. Acord complet<\/h2><p>These Terms and Conditions, together with our <a href=\"#?cmplz_region_redirect=true\">privacy statement<\/a> and <a href=\"https:\/\/rgmetalshaping.com\/ca\/politica-de-cookies\/\">cookie policy<\/a>, constitute l&#039;entitat agreement entre vost\u00e8 i R&amp;G Metal Shaping SL en relaci\u00f3 amb la seva utilitzaci\u00f3 d&#039;aquest lloc web.<\/p><h2>20. Actualitzaci\u00f3 d&#039;aquests Termes i condicions<\/h2><p>Podem actualitzar aquests Termes i Condicions de tant en tant. La data indicada a l&#039;inici d&#039;aquests Termes i Condicions \u00e9s la data de la darrera revisi\u00f3. Us enviarem un avis per escrit de qualsevol canvi o actualitzaci\u00f3, i els Termes i condicions revisats entraran en vigor a partir de la data en qu\u00e8 us donem aquest avis. El vostre \u00fas continuat d&#039;aquest lloc web despr\u00e9s de la publicaci\u00f3 de canvis o actualitzacions es considerar\u00e0 un avis de la vostra acceptaci\u00f3 de complir i estar vinculat per aquests Termes i Condicions. Per sol\u00b7licitar una versi\u00f3 pr\u00e8via d&#039;aquests Termes i condicions, poseu-vos en contacte amb nosaltres.<\/p><h2>21. Elecci\u00f3 de la llei i jurisdicci\u00f3<\/h2><p>Aquests Termes i Condicions es regiran per les lleis dEspanya. Qualsevol controv\u00e8rsia relacionada amb aquests Termes i Condicions estar\u00e0 sotmesa a la jurisdicci\u00f3 dels tribunals dEspanya. Si un tribunal o una altra autoritat considera que alguna part o disposici\u00f3 d&#039;aquests Termes i Condicions \u00e9s inv\u00e0lida i\/o inaplicable d&#039;acord amb la llei aplicable, aquesta part o disposici\u00f3 es modificar\u00e0, esborrar\u00e0 i\/o s&#039;aplicar\u00e0 en la mesura m\u00e0xima permissible per tal de donar efecte a la intenci\u00f3 d&#039;aquests Termes i Condicions. La resta de disposicions no es veuran afectades.<\/p><h2>22. Informaci\u00f3 de contacte<\/h2><p>Aquest lloc web \u00e9s propietat i est\u00e0 gestionat per R&amp;G Metal Shaping SL.<\/p><p>You may contact us regarding these Terms and Conditions by writing or emailing us at the following address: lopd&#064;rgmetal&#115;&#104;a&#112;&#105;&#110;&#103;.co&#109;<br>Pol. Ind. Malloles \u00b7 C\/ Esquirol, 4 \u00b7 08500 VIC <\/p><h2>23. Baixa<\/h2><p>You can also <a href=\"https:\/\/rgmetalshaping.com\/wp-content\/plugins\/complianz-terms-conditions\/download.php\">download<\/a> our Terms and Conditions as a PDF.<\/p><\/div>","protected":false},"excerpt":{"rendered":"","protected":false},"author":4,"featured_media":0,"parent":0,"menu_order":0,"comment_status":"closed","ping_status":"closed","template":"","meta":{"footnotes":""},"class_list":["post-8879","page","type-page","status-publish","hentry"],"yoast_head":"<!-- This site is optimized with the Yoast SEO plugin v27.3 - https:\/\/yoast.com\/product\/yoast-seo-wordpress\/ -->\n<title>Terms and Conditions &#8226; R&amp;G Metal Shaping<\/title>\n<meta name=\"robots\" content=\"index, follow, max-snippet:-1, max-image-preview:large, max-video-preview:-1\" \/>\n<link rel=\"canonical\" href=\"https:\/\/rgmetalshaping.com\/ca\/terms-and-conditions\/\" \/>\n<meta property=\"og:locale\" content=\"ca_ES\" \/>\n<meta property=\"og:type\" content=\"article\" \/>\n<meta property=\"og:title\" content=\"Terms and Conditions &#8226; R&amp;G Metal Shaping\" \/>\n<meta property=\"og:url\" content=\"https:\/\/rgmetalshaping.com\/ca\/terms-and-conditions\/\" \/>\n<meta property=\"og:site_name\" content=\"R&amp;G Metal Shaping\" \/>\n<meta property=\"article:publisher\" content=\"https:\/\/www.facebook.com\/rgmetalshaping\" \/>\n<meta name=\"twitter:card\" content=\"summary_large_image\" \/>\n<script type=\"application\/ld+json\" class=\"yoast-schema-graph\">{\"@context\":\"https:\\\/\\\/schema.org\",\"@graph\":[{\"@type\":\"WebPage\",\"@id\":\"https:\\\/\\\/rgmetalshaping.com\\\/terms-and-conditions\\\/\",\"url\":\"https:\\\/\\\/rgmetalshaping.com\\\/terms-and-conditions\\\/\",\"name\":\"Terms and Conditions &#8226; R&amp;G Metal Shaping\",\"isPartOf\":{\"@id\":\"https:\\\/\\\/rgmetalshaping.com\\\/#website\"},\"datePublished\":\"2025-04-24T08:08:35+00:00\",\"breadcrumb\":{\"@id\":\"https:\\\/\\\/rgmetalshaping.com\\\/terms-and-conditions\\\/#breadcrumb\"},\"inLanguage\":\"ca\",\"potentialAction\":[{\"@type\":\"ReadAction\",\"target\":[\"https:\\\/\\\/rgmetalshaping.com\\\/terms-and-conditions\\\/\"]}]},{\"@type\":\"BreadcrumbList\",\"@id\":\"https:\\\/\\\/rgmetalshaping.com\\\/terms-and-conditions\\\/#breadcrumb\",\"itemListElement\":[{\"@type\":\"ListItem\",\"position\":1,\"name\":\"Inici\",\"item\":\"https:\\\/\\\/rgmetalshaping.com\\\/\"},{\"@type\":\"ListItem\",\"position\":2,\"name\":\"Terms and Conditions\"}]},{\"@type\":\"WebSite\",\"@id\":\"https:\\\/\\\/rgmetalshaping.com\\\/#website\",\"url\":\"https:\\\/\\\/rgmetalshaping.com\\\/\",\"name\":\"R&G Metal Shaping\",\"description\":\"Planchisteria industrial de precisi\u00f3n\",\"publisher\":{\"@id\":\"https:\\\/\\\/rgmetalshaping.com\\\/#organization\"},\"alternateName\":\"RG Metal Shaping\",\"potentialAction\":[{\"@type\":\"SearchAction\",\"target\":{\"@type\":\"EntryPoint\",\"urlTemplate\":\"https:\\\/\\\/rgmetalshaping.com\\\/?s={search_term_string}\"},\"query-input\":{\"@type\":\"PropertyValueSpecification\",\"valueRequired\":true,\"valueName\":\"search_term_string\"}}],\"inLanguage\":\"ca\"},{\"@type\":\"Organization\",\"@id\":\"https:\\\/\\\/rgmetalshaping.com\\\/#organization\",\"name\":\"R&G Metal Shaping\",\"alternateName\":\"R&G Metal Shaping\",\"url\":\"https:\\\/\\\/rgmetalshaping.com\\\/\",\"logo\":{\"@type\":\"ImageObject\",\"inLanguage\":\"ca\",\"@id\":\"https:\\\/\\\/rgmetalshaping.com\\\/#\\\/schema\\\/logo\\\/image\\\/\",\"url\":\"https:\\\/\\\/rgmetalshaping.com\\\/wp-content\\\/uploads\\\/2023\\\/01\\\/RG-Logo-Dark.svg\",\"contentUrl\":\"https:\\\/\\\/rgmetalshaping.com\\\/wp-content\\\/uploads\\\/2023\\\/01\\\/RG-Logo-Dark.svg\",\"width\":101,\"height\":54,\"caption\":\"R&G Metal Shaping\"},\"image\":{\"@id\":\"https:\\\/\\\/rgmetalshaping.com\\\/#\\\/schema\\\/logo\\\/image\\\/\"},\"sameAs\":[\"https:\\\/\\\/www.facebook.com\\\/rgmetalshaping\",\"https:\\\/\\\/www.linkedin.com\\\/company\\\/r&g-metal-shaping-sl\\\/\",\"https:\\\/\\\/www.instagram.com\\\/rgmetalshaping\\\/\"]}]}<\/script>\n<!-- \/ Yoast SEO plugin. -->","yoast_head_json":{"title":"Terms and Conditions \u2022 R&amp;G Metal Shaping","robots":{"index":"index","follow":"follow","max-snippet":"max-snippet:-1","max-image-preview":"max-image-preview:large","max-video-preview":"max-video-preview:-1"},"canonical":"https:\/\/rgmetalshaping.com\/ca\/terms-and-conditions\/","og_locale":"ca_ES","og_type":"article","og_title":"Terms and Conditions &#8226; R&amp;G Metal Shaping","og_url":"https:\/\/rgmetalshaping.com\/ca\/terms-and-conditions\/","og_site_name":"R&amp;G Metal Shaping","article_publisher":"https:\/\/www.facebook.com\/rgmetalshaping","twitter_card":"summary_large_image","schema":{"@context":"https:\/\/schema.org","@graph":[{"@type":"WebPage","@id":"https:\/\/rgmetalshaping.com\/terms-and-conditions\/","url":"https:\/\/rgmetalshaping.com\/terms-and-conditions\/","name":"Terms and Conditions \u2022 R&amp;G Metal Shaping","isPartOf":{"@id":"https:\/\/rgmetalshaping.com\/#website"},"datePublished":"2025-04-24T08:08:35+00:00","breadcrumb":{"@id":"https:\/\/rgmetalshaping.com\/terms-and-conditions\/#breadcrumb"},"inLanguage":"ca","potentialAction":[{"@type":"ReadAction","target":["https:\/\/rgmetalshaping.com\/terms-and-conditions\/"]}]},{"@type":"BreadcrumbList","@id":"https:\/\/rgmetalshaping.com\/terms-and-conditions\/#breadcrumb","itemListElement":[{"@type":"ListItem","position":1,"name":"Inici","item":"https:\/\/rgmetalshaping.com\/"},{"@type":"ListItem","position":2,"name":"Terms and Conditions"}]},{"@type":"WebSite","@id":"https:\/\/rgmetalshaping.com\/#website","url":"https:\/\/rgmetalshaping.com\/","name":"R&amp;G Metal Shaping","description":"Planxisteria industrial de precisi\u00f3","publisher":{"@id":"https:\/\/rgmetalshaping.com\/#organization"},"alternateName":"RG Metal Shaping","potentialAction":[{"@type":"SearchAction","target":{"@type":"EntryPoint","urlTemplate":"https:\/\/rgmetalshaping.com\/?s={search_term_string}"},"query-input":{"@type":"PropertyValueSpecification","valueRequired":true,"valueName":"search_term_string"}}],"inLanguage":"ca"},{"@type":"Organization","@id":"https:\/\/rgmetalshaping.com\/#organization","name":"R&amp;G Metal Shaping","alternateName":"R&G Metal Shaping","url":"https:\/\/rgmetalshaping.com\/","logo":{"@type":"ImageObject","inLanguage":"ca","@id":"https:\/\/rgmetalshaping.com\/#\/schema\/logo\/image\/","url":"https:\/\/rgmetalshaping.com\/wp-content\/uploads\/2023\/01\/RG-Logo-Dark.svg","contentUrl":"https:\/\/rgmetalshaping.com\/wp-content\/uploads\/2023\/01\/RG-Logo-Dark.svg","width":101,"height":54,"caption":"R&G Metal Shaping"},"image":{"@id":"https:\/\/rgmetalshaping.com\/#\/schema\/logo\/image\/"},"sameAs":["https:\/\/www.facebook.com\/rgmetalshaping","https:\/\/www.linkedin.com\/company\/r&g-metal-shaping-sl\/","https:\/\/www.instagram.com\/rgmetalshaping\/"]}]}},"_links":{"self":[{"href":"https:\/\/rgmetalshaping.com\/ca\/wp-json\/wp\/v2\/pages\/8879","targetHints":{"allow":["GET"]}}],"collection":[{"href":"https:\/\/rgmetalshaping.com\/ca\/wp-json\/wp\/v2\/pages"}],"about":[{"href":"https:\/\/rgmetalshaping.com\/ca\/wp-json\/wp\/v2\/types\/page"}],"author":[{"embeddable":true,"href":"https:\/\/rgmetalshaping.com\/ca\/wp-json\/wp\/v2\/users\/4"}],"replies":[{"embeddable":true,"href":"https:\/\/rgmetalshaping.com\/ca\/wp-json\/wp\/v2\/comments?post=8879"}],"version-history":[{"count":0,"href":"https:\/\/rgmetalshaping.com\/ca\/wp-json\/wp\/v2\/pages\/8879\/revisions"}],"wp:attachment":[{"href":"https:\/\/rgmetalshaping.com\/ca\/wp-json\/wp\/v2\/media?parent=8879"}],"curies":[{"name":"wp","href":"https:\/\/api.w.org\/{rel}","templated":true}]}}