{"id":2921,"date":"2023-02-28T14:30:28","date_gmt":"2023-02-28T14:30:28","guid":{"rendered":"https:\/\/rgmetalshaping.com\/aviso-legal\/"},"modified":"2026-04-10T07:38:55","modified_gmt":"2026-04-10T07:38:55","slug":"mentions-legales","status":"publish","type":"page","link":"https:\/\/rgmetalshaping.com\/fr\/aviso-legal\/","title":{"rendered":"Avis juridique"},"content":{"rendered":"<div data-elementor-type=\"wp-page\" data-elementor-id=\"2921\" class=\"elementor elementor-2921\">\n\t\t\t\t<div class=\"elementor-element elementor-element-36ba2a1 e-flex e-con-boxed e-con e-parent\" data-id=\"36ba2a1\" data-element_type=\"container\" data-e-type=\"container\">\n\t\t\t\t\t<div class=\"e-con-inner\">\n\t\t\t\t<div class=\"elementor-element elementor-element-5abd2b3 elementor-widget elementor-widget-spacer\" data-id=\"5abd2b3\" data-element_type=\"widget\" data-e-type=\"widget\" data-widget_type=\"spacer.default\">\n\t\t\t\t<div class=\"elementor-widget-container\">\n\t\t\t\t\t\t\t<div class=\"elementor-spacer\">\n\t\t\t<div class=\"elementor-spacer-inner\"><\/div>\n\t\t<\/div>\n\t\t\t\t\t\t<\/div>\n\t\t\t\t<\/div>\n\t\t\t\t\t<\/div>\n\t\t\t\t<\/div>\n\t\t<div class=\"elementor-element elementor-element-d92de42 e-flex e-con-boxed e-con e-parent\" data-id=\"d92de42\" data-element_type=\"container\" data-e-type=\"container\">\n\t\t\t\t\t<div class=\"e-con-inner\">\n\t\t\t\t<div class=\"elementor-element elementor-element-ba5cc60 elementor-widget elementor-widget-text-editor\" data-id=\"ba5cc60\" data-element_type=\"widget\" data-e-type=\"widget\" data-widget_type=\"text-editor.default\">\n\t\t\t\t<div class=\"elementor-widget-container\">\n\t\t\t\t\t\t\t\t\t<h1><strong>Mentions l\u00e9gales<\/strong><\/h1><h2><strong>Loi sur les services de la soci\u00e9t\u00e9 de l'information (LSSI)<\/strong><\/h2><p>R&amp;G METAL SHAPING S.L.U., responsable du site web, ci-apr\u00e8s RESPONSABLE, met \u00e0 disposition des utilisateurs le pr\u00e9sent document, par lequel il entend respecter les obligations pr\u00e9vues par la loi 34\/2002, du 11 juillet, sur les services de la soci\u00e9t\u00e9 de l'information et du commerce \u00e9lectronique (LSSICE), BOE n\u00b0 166, ainsi qu'informer tous les utilisateurs du site web des conditions d'utilisation.<\/p><p>Toute personne acc\u00e9dant \u00e0 ce site web assume le r\u00f4le d'utilisateur, s'engageant \u00e0 observer et \u00e0 respecter scrupuleusement les dispositions ici \u00e9nonc\u00e9es, ainsi que toute autre disposition l\u00e9gale applicable.<\/p><p>R&amp;G METAL SHAPING S.L.U. se r\u00e9serve le droit de modifier tout type d'information susceptible d'appara\u00eetre sur le site web, sans qu'il y ait obligation de pr\u00e9avis ou d'informer les utilisateurs de ces obligations, la publication sur le site web de R&amp;G METAL SHAPING S.L.U. \u00e9tant consid\u00e9r\u00e9e comme suffisante.<\/p><h2>\u00a0<\/h2><h3>1. Donn\u00e9es d'identification<\/h3><ul><li><b>Nom de domaine :<\/b> rgmetalshaping.com\/<\/li><li><strong>D\u00e9nomination sociale :<\/strong> R&amp;G METAL SHAPING S.L.U.<\/li><li><strong>NIF\u00a0:<\/strong> B66381211<\/li><li><strong>Si\u00e8ge social :<\/strong> Pol. Ind. Malloles, C\/ Esquirol, 4, 08500, Vic, Espagne<\/li><li><strong>T\u00e9l\u00e9phone :<\/strong> +34 938 122 744<\/li><li><strong>Courriel<\/strong>: lopd@rgmetalshaping.com<\/li><li><strong>Inscrita en el Registro (Mercantil \/ P\u00fablico)<\/strong> Barcelone, tome 44508, folio 125, feuille 458178, inscription 1\u00e8re.<\/li><\/ul><div data-elementor-type=\"wp-page\" data-elementor-id=\"2921\"><div data-id=\"36ba2a1\" data-element_type=\"container\"><div data-id=\"5abd2b3\" data-element_type=\"widget\" data-widget_type=\"spacer.default\"><div><h2>\u00a0<\/h2><h3>2. Droits de propri\u00e9t\u00e9 intellectuelle et industrielle<\/h3><p>Le site web, y compris, sans s'y limiter, sa programmation, son \u00e9dition, sa compilation et les autres \u00e9l\u00e9ments n\u00e9cessaires \u00e0 son fonctionnement, ainsi que sa conception, ses logos, son texte et\/ou ses graphiques, sont la propri\u00e9t\u00e9 du RESPONSABLE ou, le cas \u00e9ch\u00e9ant, il dispose d'une licence ou d'une autorisation expresse des auteurs. Tous les contenus du site web sont d\u00fbment prot\u00e9g\u00e9s par la r\u00e9glementation en mati\u00e8re de propri\u00e9t\u00e9 intellectuelle et industrielle, ainsi qu'enregistr\u00e9s dans les registres publics correspondants.<\/p><p>Ind\u00e9pendamment de l'usage auquel ils seraient destin\u00e9s, la reproduction totale ou partielle, l'utilisation, l'exploitation, la distribution et la commercialisation, requi\u00e8rent en tout cas l'autorisation \u00e9crite pr\u00e9alable du RESPONSABLE. Toute utilisation non autoris\u00e9e pr\u00e9alablement est consid\u00e9r\u00e9e comme une violation grave des droits de propri\u00e9t\u00e9 intellectuelle ou industrielle de l'auteur.<\/p><p>Les conceptions, logos, textes et\/ou graphiques n'appartenant pas au RESPONSABLE et susceptibles d'appara\u00eetre sur le site Web, appartiennent \u00e0 leurs propri\u00e9taires respectifs, qui sont eux-m\u00eames responsables de tout litige \u00e9ventuel qui pourrait survenir \u00e0 leur sujet. Le RESPONSABLE autorise express\u00e9ment les tiers \u00e0 rediriger directement vers les contenus sp\u00e9cifiques du site Web, et dans tous les cas \u00e0 rediriger vers le site Web principal de rgmetalshaping.com\/.<\/p><p>Le RESPONSABLE reconna\u00eet au profit de ses titulaires les droits de propri\u00e9t\u00e9 intellectuelle et industrielle correspondants, sans que leur seule mention ou apparition sur le site web n'implique l'existence de droits ou de responsabilit\u00e9s les concernant, ni un soutien, un parrainage ou une recommandation de sa part.\u00a0<\/p><p>Pour toute observation concernant d'\u00e9ventuelles violations des droits de propri\u00e9t\u00e9 intellectuelle ou industrielle, ainsi que sur tout contenu du site web, vous pouvez nous contacter par e-mail \u00e0 l'adresse lopd@rgmetalshaping.com.<\/p><\/div><h2>\u00a0<\/h2><h3>3. Ex\u00e9cution des responsabilit\u00e9s<\/h3><p>Le RESPONSABLE d\u00e9cline toute responsabilit\u00e9 d\u00e9coulant des informations publi\u00e9es sur son site web dans la mesure o\u00f9 ces informations ont \u00e9t\u00e9 manipul\u00e9es ou introduites par un tiers ext\u00e9rieur \u00e0 celui-ci.<\/p><h4>\u00a0<\/h4><h4>Utilisation des cookies<\/h4><p>Ce site web peut utiliser des cookies techniques (petits fichiers d'information que le serveur envoie \u00e0 l'ordinateur de celui qui acc\u00e8de \u00e0 la page) pour r\u00e9aliser certaines fonctions consid\u00e9r\u00e9es comme indispensables au bon fonctionnement et \u00e0 la visualisation du site. Les cookies utilis\u00e9s ont, en tout \u00e9tat de cause, un caract\u00e8re temporaire, dans le seul but de rendre la navigation plus efficace, et disparaissent \u00e0 la fin de la session de l'utilisateur. En aucun cas, ces cookies ne permettent de recueillir des donn\u00e9es personnelles et ne seront utilis\u00e9s \u00e0 cette fin.<\/p><p>Gr\u00e2ce \u00e0 l'utilisation de cookies, il est \u00e9galement possible que le serveur o\u00f9 se trouve le site web reconnaisse le navigateur utilis\u00e9 par l'utilisateur afin de simplifier la navigation, en permettant par exemple l'acc\u00e8s aux utilisateurs qui se sont pr\u00e9alablement enregistr\u00e9s aux zones, services, promotions ou concours qui leur sont exclusivement r\u00e9serv\u00e9s, sans avoir \u00e0 s'enregistrer \u00e0 chaque visite. Ils peuvent \u00e9galement \u00eatre utilis\u00e9s pour mesurer l'audience, les param\u00e8tres de trafic, contr\u00f4ler la progression et le nombre d'entr\u00e9es, etc., ces cookies \u00e9tant techniquement facultatifs mais b\u00e9n\u00e9fiques pour l'utilisateur. Ce site web n'installera pas de cookies facultatifs sans le consentement pr\u00e9alable de l'utilisateur.<\/p><p>L'utilisateur a la possibilit\u00e9 de configurer son navigateur pour \u00eatre alert\u00e9 de la r\u00e9ception de cookies et pour emp\u00eacher leur installation sur son \u00e9quipement. Veuillez consulter les instructions de votre navigateur pour plus d'informations.<\/p><h4>\u00a0<\/h4><h4>Politique de liens<\/h4><p>Depuis le site web, il est possible que vous soyez redirig\u00e9 vers des contenus de sites web tiers. Dans la mesure o\u00f9 le RESPONSABLE ne peut pas toujours contr\u00f4ler les contenus introduits par des tiers sur leurs sites web respectifs, il n'assume aucune responsabilit\u00e9 quant \u00e0 ces contenus. En tout \u00e9tat de cause, il proc\u00e9dera au retrait imm\u00e9diat de tout contenu susceptible de contrevenir \u00e0 la l\u00e9gislation nationale ou internationale, \u00e0 la morale ou \u00e0 l'ordre public, en proc\u00e9dant au retrait imm\u00e9diat de la redirection vers ledit site web, en informant les autorit\u00e9s comp\u00e9tentes du contenu en question.<\/p><p>LE RESPONSABLE ne sera pas tenu responsable des informations et contenus stock\u00e9s, \u00e0 titre indicatif mais non exhaustif, sur les forums, chats, g\u00e9n\u00e9rateurs de blogs, commentaires, r\u00e9seaux sociaux ou tout autre moyen permettant \u00e0 des tiers de publier ind\u00e9pendamment du contenu sur le site web du RESPONSABLE. Cependant, et conform\u00e9ment aux dispositions des articles 11 et 16 de la LSSICE, tous les utilisateurs, autorit\u00e9s et forces de s\u00e9curit\u00e9 sont mis \u00e0 disposition, collaborant activement au retrait ou, le cas \u00e9ch\u00e9ant, au blocage de tous les contenus susceptibles d'affecter ou de contrevenir \u00e0 la l\u00e9gislation nationale ou internationale, aux droits de tiers ou \u00e0 la morale et \u00e0 l'ordre public. Si un utilisateur estime qu'un contenu sur le site web rel\u00e8ve de cette classification, il est pri\u00e9 de le signaler imm\u00e9diatement \u00e0 l'administrateur du site web.<\/p><p>Ce site web a \u00e9t\u00e9 revu et test\u00e9 pour garantir son bon fonctionnement. En principe, le bon fonctionnement peut \u00eatre garanti 365 jours par an, 24 heures sur 24. Cependant, le RESPONSABLE n'exclut pas la possibilit\u00e9 d'erreurs de programmation, ou de survenance de cas de force majeure, de catastrophes naturelles, de gr\u00e8ves ou de circonstances similaires rendant l'acc\u00e8s \u00e0 la page web impossible.<\/p><h4>\u00a0<\/h4><h4>Adresses IP<\/h4><p>Les serveurs du site web pourront d\u00e9tecter automatiquement l'adresse IP et le nom de domaine utilis\u00e9s par l'utilisateur. Une adresse IP est un num\u00e9ro attribu\u00e9 automatiquement \u00e0 un ordinateur lorsqu'il se connecte \u00e0 Internet. Toutes ces informations sont enregistr\u00e9es dans un fichier d'activit\u00e9 du serveur d\u00fbment inscrit qui permet le traitement ult\u00e9rieur des donn\u00e9es en vue d'obtenir des mesures uniquement statistiques permettant de conna\u00eetre le nombre d'impressions de pages, le nombre de visites effectu\u00e9es sur les serveurs web, l'ordre des visites, le point d'acc\u00e8s, etc.<\/p><h2>\u00a0<\/h2><h3>4. Droit applicable et juridiction<\/h3><p>La loi applicable en cas de litige ou de conflit d'interpr\u00e9tation des termes qui composent les textes l\u00e9gaux, ainsi que toute question li\u00e9e aux services du pr\u00e9sent site web, sera la loi espagnole.<\/p><p><em>Derni\u00e8re mise \u00e0 jour : 07\/04\/2026<\/em><\/p><\/div><\/div><\/div>\t\t\t\t\t\t\t\t<\/div>\n\t\t\t\t<\/div>\n\t\t\t\t<div class=\"elementor-element elementor-element-b80c2ce elementor-widget elementor-widget-spacer\" data-id=\"b80c2ce\" data-element_type=\"widget\" data-e-type=\"widget\" data-widget_type=\"spacer.default\">\n\t\t\t\t<div class=\"elementor-widget-container\">\n\t\t\t\t\t\t\t<div class=\"elementor-spacer\">\n\t\t\t<div class=\"elementor-spacer-inner\"><\/div>\n\t\t<\/div>\n\t\t\t\t\t\t<\/div>\n\t\t\t\t<\/div>\n\t\t\t\t\t<\/div>\n\t\t\t\t<\/div>\n\t\t\t\t<\/div>","protected":false},"excerpt":{"rendered":"<p>Aviso legal Ley de los servicios de la sociedad de la informaci\u00f3n (LSSI) R&amp;G METAL SHAPING S.L.U., responsable del sitio web, en adelante RESPONSABLE, pone a disposici\u00f3n de los usuarios el presente documento, con el que pretende dar cumplimiento a las obligaciones dispuestas en la Ley 34\/2002, de 11 de julio, de Servicios de la [&hellip;]<\/p>\n","protected":false},"author":3,"featured_media":0,"parent":0,"menu_order":0,"comment_status":"closed","ping_status":"closed","template":"elementor_canvas","meta":{"footnotes":""},"class_list":["post-2921","page","type-page","status-publish","hentry"],"yoast_head":"<!-- This site is optimized with the Yoast SEO plugin v27.3 - https:\/\/yoast.com\/product\/yoast-seo-wordpress\/ -->\n<title>Aviso Legal &#8226; R&amp;G Metal Shaping<\/title>\n<meta name=\"robots\" content=\"index, follow, max-snippet:-1, max-image-preview:large, max-video-preview:-1\" \/>\n<link rel=\"canonical\" href=\"https:\/\/rgmetalshaping.com\/fr\/mentions-legales\/\" \/>\n<meta property=\"og:locale\" content=\"fr_FR\" \/>\n<meta property=\"og:type\" content=\"article\" \/>\n<meta property=\"og:title\" content=\"Aviso Legal &#8226; R&amp;G Metal Shaping\" \/>\n<meta property=\"og:description\" content=\"Aviso legal Ley de los servicios de la sociedad de la informaci\u00f3n (LSSI) R&amp;G METAL SHAPING S.L.U., responsable del sitio web, en adelante RESPONSABLE, pone a disposici\u00f3n de los usuarios el presente documento, con el que pretende dar cumplimiento a las obligaciones dispuestas en la Ley 34\/2002, de 11 de julio, de Servicios de la [&hellip;]\" \/>\n<meta property=\"og:url\" content=\"https:\/\/rgmetalshaping.com\/fr\/mentions-legales\/\" \/>\n<meta property=\"og:site_name\" content=\"R&amp;G Metal Shaping\" \/>\n<meta property=\"article:publisher\" content=\"https:\/\/www.facebook.com\/rgmetalshaping\" \/>\n<meta property=\"article:modified_time\" content=\"2026-04-10T07:38:55+00:00\" \/>\n<meta name=\"twitter:card\" content=\"summary_large_image\" \/>\n<script type=\"application\/ld+json\" class=\"yoast-schema-graph\">{\"@context\":\"https:\\\/\\\/schema.org\",\"@graph\":[{\"@type\":\"WebPage\",\"@id\":\"https:\\\/\\\/rgmetalshaping.com\\\/aviso-legal\\\/\",\"url\":\"https:\\\/\\\/rgmetalshaping.com\\\/aviso-legal\\\/\",\"name\":\"Aviso Legal &#8226; R&amp;G Metal Shaping\",\"isPartOf\":{\"@id\":\"https:\\\/\\\/rgmetalshaping.com\\\/#website\"},\"datePublished\":\"2023-02-28T14:30:28+00:00\",\"dateModified\":\"2026-04-10T07:38:55+00:00\",\"breadcrumb\":{\"@id\":\"https:\\\/\\\/rgmetalshaping.com\\\/aviso-legal\\\/#breadcrumb\"},\"inLanguage\":\"fr-FR\",\"potentialAction\":[{\"@type\":\"ReadAction\",\"target\":[\"https:\\\/\\\/rgmetalshaping.com\\\/aviso-legal\\\/\"]}]},{\"@type\":\"BreadcrumbList\",\"@id\":\"https:\\\/\\\/rgmetalshaping.com\\\/aviso-legal\\\/#breadcrumb\",\"itemListElement\":[{\"@type\":\"ListItem\",\"position\":1,\"name\":\"Inici\",\"item\":\"https:\\\/\\\/rgmetalshaping.com\\\/\"},{\"@type\":\"ListItem\",\"position\":2,\"name\":\"Aviso Legal\"}]},{\"@type\":\"WebSite\",\"@id\":\"https:\\\/\\\/rgmetalshaping.com\\\/#website\",\"url\":\"https:\\\/\\\/rgmetalshaping.com\\\/\",\"name\":\"R&G Metal Shaping\",\"description\":\"Planchisteria industrial de precisi\u00f3n\",\"publisher\":{\"@id\":\"https:\\\/\\\/rgmetalshaping.com\\\/#organization\"},\"alternateName\":\"RG Metal Shaping\",\"potentialAction\":[{\"@type\":\"SearchAction\",\"target\":{\"@type\":\"EntryPoint\",\"urlTemplate\":\"https:\\\/\\\/rgmetalshaping.com\\\/?s={search_term_string}\"},\"query-input\":{\"@type\":\"PropertyValueSpecification\",\"valueRequired\":true,\"valueName\":\"search_term_string\"}}],\"inLanguage\":\"fr-FR\"},{\"@type\":\"Organization\",\"@id\":\"https:\\\/\\\/rgmetalshaping.com\\\/#organization\",\"name\":\"R&G Metal Shaping\",\"alternateName\":\"R&G Metal Shaping\",\"url\":\"https:\\\/\\\/rgmetalshaping.com\\\/\",\"logo\":{\"@type\":\"ImageObject\",\"inLanguage\":\"fr-FR\",\"@id\":\"https:\\\/\\\/rgmetalshaping.com\\\/#\\\/schema\\\/logo\\\/image\\\/\",\"url\":\"https:\\\/\\\/rgmetalshaping.com\\\/wp-content\\\/uploads\\\/2023\\\/01\\\/RG-Logo-Dark.svg\",\"contentUrl\":\"https:\\\/\\\/rgmetalshaping.com\\\/wp-content\\\/uploads\\\/2023\\\/01\\\/RG-Logo-Dark.svg\",\"width\":101,\"height\":54,\"caption\":\"R&G Metal Shaping\"},\"image\":{\"@id\":\"https:\\\/\\\/rgmetalshaping.com\\\/#\\\/schema\\\/logo\\\/image\\\/\"},\"sameAs\":[\"https:\\\/\\\/www.facebook.com\\\/rgmetalshaping\",\"https:\\\/\\\/www.linkedin.com\\\/company\\\/r&g-metal-shaping-sl\\\/\",\"https:\\\/\\\/www.instagram.com\\\/rgmetalshaping\\\/\"]}]}<\/script>\n<!-- \/ Yoast SEO plugin. -->","yoast_head_json":{"title":"Avis juridique - R&amp;G Metal Shaping","robots":{"index":"index","follow":"follow","max-snippet":"max-snippet:-1","max-image-preview":"max-image-preview:large","max-video-preview":"max-video-preview:-1"},"canonical":"https:\/\/rgmetalshaping.com\/fr\/mentions-legales\/","og_locale":"fr_FR","og_type":"article","og_title":"Aviso Legal &#8226; R&amp;G Metal Shaping","og_description":"Aviso legal Ley de los servicios de la sociedad de la informaci\u00f3n (LSSI) R&amp;G METAL SHAPING S.L.U., responsable del sitio web, en adelante RESPONSABLE, pone a disposici\u00f3n de los usuarios el presente documento, con el que pretende dar cumplimiento a las obligaciones dispuestas en la Ley 34\/2002, de 11 de julio, de Servicios de la [&hellip;]","og_url":"https:\/\/rgmetalshaping.com\/fr\/mentions-legales\/","og_site_name":"R&amp;G Metal Shaping","article_publisher":"https:\/\/www.facebook.com\/rgmetalshaping","article_modified_time":"2026-04-10T07:38:55+00:00","twitter_card":"summary_large_image","schema":{"@context":"https:\/\/schema.org","@graph":[{"@type":"WebPage","@id":"https:\/\/rgmetalshaping.com\/aviso-legal\/","url":"https:\/\/rgmetalshaping.com\/aviso-legal\/","name":"Avis juridique - R&amp;G Metal Shaping","isPartOf":{"@id":"https:\/\/rgmetalshaping.com\/#website"},"datePublished":"2023-02-28T14:30:28+00:00","dateModified":"2026-04-10T07:38:55+00:00","breadcrumb":{"@id":"https:\/\/rgmetalshaping.com\/aviso-legal\/#breadcrumb"},"inLanguage":"fr-FR","potentialAction":[{"@type":"ReadAction","target":["https:\/\/rgmetalshaping.com\/aviso-legal\/"]}]},{"@type":"BreadcrumbList","@id":"https:\/\/rgmetalshaping.com\/aviso-legal\/#breadcrumb","itemListElement":[{"@type":"ListItem","position":1,"name":"Inici","item":"https:\/\/rgmetalshaping.com\/"},{"@type":"ListItem","position":2,"name":"Aviso Legal"}]},{"@type":"WebSite","@id":"https:\/\/rgmetalshaping.com\/#website","url":"https:\/\/rgmetalshaping.com\/","name":"R&amp;G Metal Shaping","description":"Ferronnerie industrielle de pr\u00e9cision","publisher":{"@id":"https:\/\/rgmetalshaping.com\/#organization"},"alternateName":"RG Metal Shaping","potentialAction":[{"@type":"SearchAction","target":{"@type":"EntryPoint","urlTemplate":"https:\/\/rgmetalshaping.com\/?s={search_term_string}"},"query-input":{"@type":"PropertyValueSpecification","valueRequired":true,"valueName":"search_term_string"}}],"inLanguage":"fr-FR"},{"@type":"Organization","@id":"https:\/\/rgmetalshaping.com\/#organization","name":"R&amp;G Metal Shaping","alternateName":"R&G Metal Shaping","url":"https:\/\/rgmetalshaping.com\/","logo":{"@type":"ImageObject","inLanguage":"fr-FR","@id":"https:\/\/rgmetalshaping.com\/#\/schema\/logo\/image\/","url":"https:\/\/rgmetalshaping.com\/wp-content\/uploads\/2023\/01\/RG-Logo-Dark.svg","contentUrl":"https:\/\/rgmetalshaping.com\/wp-content\/uploads\/2023\/01\/RG-Logo-Dark.svg","width":101,"height":54,"caption":"R&G Metal Shaping"},"image":{"@id":"https:\/\/rgmetalshaping.com\/#\/schema\/logo\/image\/"},"sameAs":["https:\/\/www.facebook.com\/rgmetalshaping","https:\/\/www.linkedin.com\/company\/r&g-metal-shaping-sl\/","https:\/\/www.instagram.com\/rgmetalshaping\/"]}]}},"_links":{"self":[{"href":"https:\/\/rgmetalshaping.com\/fr\/wp-json\/wp\/v2\/pages\/2921","targetHints":{"allow":["GET"]}}],"collection":[{"href":"https:\/\/rgmetalshaping.com\/fr\/wp-json\/wp\/v2\/pages"}],"about":[{"href":"https:\/\/rgmetalshaping.com\/fr\/wp-json\/wp\/v2\/types\/page"}],"author":[{"embeddable":true,"href":"https:\/\/rgmetalshaping.com\/fr\/wp-json\/wp\/v2\/users\/3"}],"replies":[{"embeddable":true,"href":"https:\/\/rgmetalshaping.com\/fr\/wp-json\/wp\/v2\/comments?post=2921"}],"version-history":[{"count":36,"href":"https:\/\/rgmetalshaping.com\/fr\/wp-json\/wp\/v2\/pages\/2921\/revisions"}],"predecessor-version":[{"id":9166,"href":"https:\/\/rgmetalshaping.com\/fr\/wp-json\/wp\/v2\/pages\/2921\/revisions\/9166"}],"wp:attachment":[{"href":"https:\/\/rgmetalshaping.com\/fr\/wp-json\/wp\/v2\/media?parent=2921"}],"curies":[{"name":"wp","href":"https:\/\/api.w.org\/{rel}","templated":true}]}}