{"id":2922,"date":"2023-02-28T14:30:28","date_gmt":"2023-02-28T14:30:28","guid":{"rendered":"https:\/\/rgmetalshaping.com\/politica-de-privacidad\/"},"modified":"2026-04-10T07:37:48","modified_gmt":"2026-04-10T07:37:48","slug":"politique-de-confidentialite","status":"publish","type":"page","link":"https:\/\/rgmetalshaping.com\/fr\/politica-de-privacidad\/","title":{"rendered":"Politique de confidentialit\u00e9"},"content":{"rendered":"<div data-elementor-type=\"wp-page\" data-elementor-id=\"2922\" class=\"elementor elementor-2922\">\n\t\t\t\t<div class=\"elementor-element elementor-element-d5768d2 e-flex e-con-boxed e-con e-parent\" data-id=\"d5768d2\" data-element_type=\"container\" data-e-type=\"container\">\n\t\t\t\t\t<div class=\"e-con-inner\">\n\t\t\t\t<div class=\"elementor-element elementor-element-79f5a9e elementor-widget elementor-widget-text-editor\" data-id=\"79f5a9e\" data-element_type=\"widget\" data-e-type=\"widget\" data-widget_type=\"text-editor.default\">\n\t\t\t\t<div class=\"elementor-widget-container\">\n\t\t\t\t\t\t\t\t\t<h3>Responsable du traitement<\/h3><p>L'entreprise responsable du traitement de vos donn\u00e9es en vertu de la pr\u00e9sente politique de confidentialit\u00e9 est :<\/p><p>R&amp;G METAL SHAPING S.L.U.<br \/>NIF : B66381211<br \/>Domicile : Pol. Ind. Malloles, C\/ Esquirol, 4, 08500, Vic, Espagne<br \/>Adresse e-mail : lopd@rgmetalshaping.com.<br \/>Web : rgmetalshaping.com\/<br \/>T\u00e9l\u00e9phone : +34 938 122 744<br \/>Inscrite au Registre du commerce de Barcelone, tome 44508, folio 125, feuille 458178, inscription 1\u00e8re.<\/p><p>Chez R&amp;G METAL SHAPING S.L.U., nous reconnaissons l'importance de prot\u00e9ger vos informations personnelles et nous nous engageons \u00e0 les traiter de mani\u00e8re responsable et conform\u00e9ment aux lois sur la protection des donn\u00e9es.<\/p><p>La pr\u00e9sente politique de confidentialit\u00e9 vise \u00e0 r\u00e9gir tous les aspects relatifs au traitement des donn\u00e9es des diff\u00e9rents utilisateurs qui naviguent ou fournissent leurs donn\u00e9es personnelles via les diff\u00e9rents formulaires pr\u00e9sents sur le site web.<\/p><h3>\u00a0<\/h3><h3>Donn\u00e9es personnelles<\/h3><p>Une donn\u00e9e personnelle est une information qui permet de vous identifier ou de vous rendre identifiable. Via le web, nous collectons dans les champs pr\u00e9vus \u00e0 cet effet les donn\u00e9es personnelles que l'utilisateur nous communique : nom, pr\u00e9nom, adresse e-mail, t\u00e9l\u00e9phone, adresse postale, ville, etc., ainsi que toutes les donn\u00e9es que vous nous fournirez volontairement via l'un quelconque des r\u00e9seaux sociaux sur lesquels l'utilisateur est inscrit. Dans ce cas, la confidentialit\u00e9 d\u00e9pendra de la configuration propre que vous aurez \u00e9tablie ainsi que des conditions g\u00e9n\u00e9rales du r\u00e9seau social lui-m\u00eame.<\/p><p>La visite de l'utilisateur sur le site web n'implique pas qu'il soit tenu de fournir des informations sur ses donn\u00e9es personnelles. N\u00e9anmoins, en cas de fourniture de ces derni\u00e8res, les donn\u00e9es seront trait\u00e9es de mani\u00e8re licite, dans le respect permanent des principes et droits \u00e9nonc\u00e9s dans le RGPD 2016\/679 du 27 avril 2016 et la LOPDGDD 3\/2018 du 5 d\u00e9cembre.<\/p><h3>\u00a0<\/h3><h3>Objectif, dur\u00e9e et base juridique du traitement :<\/h3><p>Les donn\u00e9es que l'utilisateur nous fournira seront trait\u00e9es aux fins suivantes :<\/p><ul><li>Traiter la demande ou la requ\u00eate de l'utilisateur via le formulaire de contact situ\u00e9 sur le site web. Nous collectons et traitons les donn\u00e9es personnelles de l'utilisateur afin de pouvoir traiter et g\u00e9rer sa demande, sa consultation ou toute requ\u00eate qu'il effectue via ledit formulaire. Nous conserverons ces donn\u00e9es pendant le temps n\u00e9cessaire pour satisfaire sa requ\u00eate et pendant la dur\u00e9e \u00e9tablie par la loi, d'une dur\u00e9e minimale de 3 ans.<\/li><\/ul><p style=\"padding-left: 40px;\">La base l\u00e9gale du traitement des donn\u00e9es sera le consentement que l'utilisateur donne en cochant la case d'acceptation de notre politique de confidentialit\u00e9 avant d'envoyer la requ\u00eate. L'utilisateur a le droit de retirer son consentement \u00e0 tout moment sans que cela n'affecte la lic\u00e9it\u00e9 du traitement bas\u00e9 sur le consentement pr\u00e9alable \u00e0 son retrait.<\/p><ul><li>Am\u00e9liorer votre exp\u00e9rience de navigation sur le web. Ces donn\u00e9es seront conserv\u00e9es jusqu'\u00e0 ce que vous r\u00e9voquiez votre consentement au traitement de celles-ci en supprimant les cookies et pendant la dur\u00e9e \u00e9tablie par la loi, avec une dur\u00e9e minimale de 3 ans.<\/li><\/ul><p style=\"padding-left: 40px;\">La base juridique de l'am\u00e9lioration de votre exp\u00e9rience de navigation sur le web est le consentement que vous donnez en acceptant les cookies. Vous avez le droit de retirer votre consentement \u00e0 tout moment sans que cela n'affecte la lic\u00e9it\u00e9 du traitement fond\u00e9 sur le consentement pr\u00e9alablement donn\u00e9 \u00e0 son retrait.<\/p><ul><li>G\u00e9rer nos<strong> r\u00e9seaux sociaux<\/strong> et lui envoyer des informations sur nos activit\u00e9s et nos produits. Ces donn\u00e9es seront conserv\u00e9es aussi longtemps que l'utilisateur n'aura pas r\u00e9voqu\u00e9 son consentement au traitement de celles-ci et pendant la dur\u00e9e l\u00e9gale, avec une dur\u00e9e minimale de 3 ans.<\/li><\/ul><p style=\"padding-left: 40px;\">La base l\u00e9gitime pour g\u00e9rer nos r\u00e9seaux sociaux et vous envoyer nos activit\u00e9s et nouveaut\u00e9s est le consentement que vous nous accordez \u00e0 cet effet. L'utilisateur a le droit de r\u00e9voquer son consentement \u00e0 tout moment sans que cela n'affecte la lic\u00e9it\u00e9 du traitement bas\u00e9 sur le consentement avant son retrait.<\/p><ul><li>G\u00e9rer les exp\u00e9riences ou opinions concernant les produits et\/ou services par le biais des <strong>t\u00e9moignages<\/strong> des utilisateurs qui seront publi\u00e9s sur le site web et ainsi pouvoir aider d'autres utilisateurs. Les seules donn\u00e9es personnelles qui seront publi\u00e9es du t\u00e9moignage seront le nom et la ville de l'utilisateur. Les donn\u00e9es fournies seront conserv\u00e9es tant que l'utilisateur n'en demandera pas la r\u00e9vocation et pendant la dur\u00e9e \u00e9tablie par la loi, avec une dur\u00e9e minimale de 3 ans.<\/li><\/ul><p style=\"padding-left: 40px;\">La base de l\u00e9gitimation du traitement des donn\u00e9es sera le consentement que l'utilisateur donne lors de son enregistrement via le formulaire pr\u00e9vu \u00e0 cet effet sur le site web et lors de la s\u00e9lection de la case d'acceptation de notre politique de confidentialit\u00e9 avant l'envoi de sa demande.<\/p><ul><li><strong>Envoyer des communications, des bulletins d'information ou des newsletters<\/strong> sur les produits de R&amp;G METAL SHAPING S.L.U.. Avec le consentement de l'utilisateur, nous collectons et traitons ses donn\u00e9es personnelles afin de pouvoir lui envoyer des informations sur nos produits et services. Nous conserverons ces donn\u00e9es tant que l'utilisateur ne r\u00e9voquera pas son consentement au traitement de celles-ci et pendant la dur\u00e9e \u00e9tablie par la loi, avec une dur\u00e9e minimale de 3 ans.<\/li><\/ul><p style=\"padding-left: 40px;\">La base de l\u00e9gitimation du traitement des donn\u00e9es sera le consentement que l'utilisateur donne en cochant la case d'acceptation de notre politique de confidentialit\u00e9 avant de s'abonner \u00e0 la newsletter dans le formulaire pr\u00e9vu \u00e0 cet effet sur le site web. L'utilisateur a le droit de r\u00e9voquer son consentement \u00e0 tout moment sans que cela n'affecte la lic\u00e9it\u00e9 du traitement bas\u00e9 sur le consentement pr\u00e9alable \u00e0 son retrait.<\/p><ul><li>G\u00e9rer le <strong>curriculum vitae<\/strong> soumis par la personne int\u00e9ress\u00e9e via le formulaire pr\u00e9vu \u00e0 cet effet et l'inclure dans la base de donn\u00e9es des candidats de l'entreprise. Ces donn\u00e9es seront trait\u00e9es pendant une p\u00e9riode maximale d'un an, au terme de laquelle elles seront bloqu\u00e9es pendant la dur\u00e9e l\u00e9galeement d\u00e9finie, vous garantissant un respect total de la confidentialit\u00e9 tant dans le traitement que dans leur destruction ult\u00e9rieure.<\/li><\/ul><p style=\"padding-left: 40px;\">La base l\u00e9gitime pour g\u00e9rer et traiter le curriculum vitae de la personne int\u00e9ress\u00e9e est son consentement, qu'elle exprime en effectuant un acte affirmatif d'envoi de celui-ci et en cochant la case d'acceptation de notre politique de confidentialit\u00e9 avant son envoi. L'utilisateur a le droit de r\u00e9voquer son consentement \u00e0 tout moment sans que cela n'affecte la lic\u00e9it\u00e9 du traitement bas\u00e9 sur le consentement pr\u00e9alable \u00e0 son retrait.<\/p><ul><li>G\u00e9rer les communications soumises par le biais du <strong>canal de d\u00e9nonciation<\/strong> mis en \u0153uvre par le responsable. Nous traiterons les donn\u00e9es personnelles (si la communication n'est pas anonyme) et les informations fournies par la personne concern\u00e9e dans le but de g\u00e9rer et de r\u00e9soudre la r\u00e9clamation effectu\u00e9e par le biais du canal et auquel on acc\u00e8de via le site Web.<\/li><\/ul><p style=\"padding-left: 40px;\">La base de l\u00e9gitimation du traitement des donn\u00e9es est l'ex\u00e9cution d'une mission d'int\u00e9r\u00eat public, ainsi que le respect d'une obligation l\u00e9gale. Les donn\u00e9es ne seront conserv\u00e9es que le temps n\u00e9cessaire pour d\u00e9cider d'ouvrir ou non une enqu\u00eate sur les faits rapport\u00e9s. En tout \u00e9tat de cause, trois mois apr\u00e8s l'introduction des donn\u00e9es, si la plainte n'a pas abouti, celles-ci peuvent \u00eatre conserv\u00e9es uniquement aux fins de laisser une preuve du syst\u00e8me, sous une forme anonyme. Si la r\u00e9clamation aboutit, les donn\u00e9es sont effac\u00e9es et bloqu\u00e9es du syst\u00e8me interne de r\u00e9clamation et sont conserv\u00e9es pendant une p\u00e9riode n'exc\u00e9dant pas dix ans. Les donn\u00e9es peuvent continuer \u00e0 \u00eatre trait\u00e9es par l'autorit\u00e9 et l'organe comp\u00e9tents en cas d'enqu\u00eate sur les faits signal\u00e9s et ne sont communiqu\u00e9es \u00e0 des tiers que lorsque cela est n\u00e9cessaire pour l'adoption de mesures disciplinaires ou pour le d\u00e9roulement de toute proc\u00e9dure judiciaire appropri\u00e9e, sans pr\u00e9judice de la notification \u00e0 l'autorit\u00e9 comp\u00e9tente de faits constitutifs d'une infraction p\u00e9nale ou administrative.<\/p><h3>Cession ou communication de donn\u00e9es personnelles et transferts internationaux<\/h3><p>Vos donn\u00e9es ne seront ni communiqu\u00e9es ni c\u00e9d\u00e9es \u00e0 des tiers, sauf obligation l\u00e9gale ou \u00e0 des prestataires li\u00e9s au Responsable qui agissent en tant que sous-traitants.<\/p><p>Nos serveurs sont situ\u00e9s dans l'Union europ\u00e9enne, et en r\u00e8gle g\u00e9n\u00e9rale, nous faisons appel \u00e0 des prestataires de services \u00e9galement situ\u00e9s dans l'Espace \u00e9conomique europ\u00e9en ou dans des pays ayant un niveau de protection ad\u00e9quat.<\/p><p>Si nous devons faire appel \u00e0 des prestataires de services externes qui n\u00e9cessitent le transfert de donn\u00e9es personnelles en dehors de l'Union europ\u00e9enne ou vers des pays n'ayant pas fait l'objet d'une d\u00e9cision d'ad\u00e9quation, nous veillerons \u00e0 garantir la s\u00e9curit\u00e9 et la lic\u00e9it\u00e9 du traitement de vos donn\u00e9es par le biais de d\u00e9cisions d'ad\u00e9quation, de clauses types, de r\u00e8gles d'entreprise contraignantes, d'exceptions ou de tout autre instrument approuv\u00e9 par l'autorit\u00e9 de contr\u00f4le qui offre des garanties appropri\u00e9es pour la r\u00e9alisation du transfert international de donn\u00e9es.<\/p><h3>\u00a0<\/h3><h3>Mise \u00e0 jour des donn\u00e9es<\/h3><p>Il est important que pour que nous puissions maintenir les donn\u00e9es personnelles \u00e0 jour, l'utilisateur nous informe de toute modification les concernant, faute de quoi nous ne pouvons garantir leur v\u00e9racit\u00e9.<\/p><p>L'utilisateur garantit que les donn\u00e9es personnelles fournies sont v\u00e9ridiques, assurant que toutes les informations fournies correspondent \u00e0 la situation r\u00e9elle, qu'elles sont \u00e0 jour et exactes, et s'engage \u00e0 communiquer toute modification.<\/p><h3>Donn\u00e9es tierces<\/h3><p>Si l'utilisateur fournit des donn\u00e9es de tiers \u00e0 R&amp;G METAL SHAPING S.L.U. \u00e0 quelque fin que ce soit, il garantit qu'il a obtenu ces donn\u00e9es de mani\u00e8re licite, qu'il a pr\u00e9alablement inform\u00e9 les personnes concern\u00e9es, obtenu leur consentement pour les communiquer, et que les informations fournies sont exactes et v\u00e9ridiques.<\/p><h3>Caract\u00e8re obligatoire des informations demand\u00e9es<\/h3><p>Tous nos formulaires comportent un ast\u00e9risque (*) pour les donn\u00e9es obligatoires. Si l'utilisateur ne remplit pas ces champs, ou ne coche pas la case d'acceptation de la politique de confidentialit\u00e9, l'envoi des informations ne sera pas autoris\u00e9.<\/p><h3>Droits des personnes int\u00e9ress\u00e9es<\/h3><p>Vous avez le droit d'acc\u00e9der \u00e0 vos donn\u00e9es et d'obtenir confirmation de leur traitement, ainsi qu'une copie des donn\u00e9es personnelles faisant l'objet d'un traitement. Vous avez le droit de les mettre \u00e0 jour et de demander la rectification des donn\u00e9es inexactes ou de demander leur suppression lorsque les donn\u00e9es ne sont pas n\u00e9cessaires aux fins pour lesquelles elles ont \u00e9t\u00e9 collect\u00e9es. Vous pouvez demander la limitation du traitement de vos donn\u00e9es et vous opposer \u00e0 leur traitement en retirant votre consentement, ainsi qu'exercer le droit \u00e0 la portabilit\u00e9 des donn\u00e9es. De m\u00eame, vous avez le droit de ne pas faire l'objet de d\u00e9cisions fond\u00e9es uniquement sur un traitement automatis\u00e9 de vos donn\u00e9es personnelles. Vous pouvez exercer vos droits en nous contactant \u00e0 l'adresse gemma@rgmetalshaping.com Si vous estimez que vos droits n'ont pas \u00e9t\u00e9 respect\u00e9s, vous avez le droit de d\u00e9poser une r\u00e9clamation aupr\u00e8s de l'autorit\u00e9 de contr\u00f4le \u00e0 l'adresse www.aepd.es.<\/p><h3>Traitement des donn\u00e9es des mineurs<\/h3><p>Celui qui communique des donn\u00e9es via les formulaires de ce site web et accepte leur traitement d\u00e9clare \u00eatre majeur, l'acc\u00e8s et l'utilisation du portail \u00e9tant interdits aux mineurs dudit \u00e2ge. Si, \u00e0 un moment donn\u00e9, le Responsable d\u00e9tecte qu'un mineur de moins de 14 ans a fourni des donn\u00e9es \u00e0 caract\u00e8re personnel, nous proc\u00e9derons \u00e0 leur annulation. De m\u00eame, les parents ou tuteurs pourront dans tous les cas s'adresser \u00e0 R&amp;G METAL SHAPING S.L.U. pour bloquer le compte d'acc\u00e8s des mineurs sous leur responsabilit\u00e9 qui se seraient inscrits en falsifiant leur identit\u00e9.<\/p><h3>R\u00e9seaux sociaux<\/h3><p>L'objet des outils tels que Facebook, Twitter, Instagram, etc., ou d'autres r\u00e9seaux sociaux est de donner de la visibilit\u00e9 et de la diffusion aux activit\u00e9s d\u00e9velopp\u00e9es par notre organisation. Ces outils stockent des donn\u00e9es personnelles sur les serveurs des services respectifs et sont r\u00e9gis par leur propre politique de confidentialit\u00e9. Il est recommand\u00e9 de r\u00e9viser et de lire les conditions d'utilisation et la politique de confidentialit\u00e9 du r\u00e9seau social au moment de l'inscription, en tenant compte des diff\u00e9rentes possibilit\u00e9s de configuration relatives au degr\u00e9 de confidentialit\u00e9 du profil utilisateur sur le r\u00e9seau social.<\/p><p>En outre, le Responsable se r\u00e9serve le droit de supprimer de ses r\u00e9seaux sociaux toute information publi\u00e9e par des tiers qui violerait la l\u00e9galit\u00e9, inciterait \u00e0 le faire ou contiendrait des messages portant atteinte \u00e0 la dignit\u00e9 de personnes ou d'institutions. Ainsi que le droit de bloquer ou de signaler le profil auteur de ces messages.<\/p><h3>Traitement des cookies<\/h3><p>Un cookie est un petit fichier qui est t\u00e9l\u00e9charg\u00e9 et stock\u00e9 sur l'ordinateur de l'utilisateur lorsqu'il acc\u00e8de \u00e0 une page web. Les cookies permettent au site web, entre autres choses, de stocker et de r\u00e9cup\u00e9rer des informations sur les habitudes de navigation de l'utilisateur ou de son appareil et, en fonction des informations qu'ils contiennent et de la mani\u00e8re dont il utilise son appareil, ils peuvent \u00eatre utilis\u00e9s pour reconna\u00eetre l'utilisateur.<\/p><p>L'utilisateur a la possibilit\u00e9 de refuser la g\u00e9n\u00e9ration de cookies en s\u00e9lectionnant l'option correspondante dans son navigateur. Il peut en savoir plus en consultant notre <a href=\"https:\/\/rgmetalshaping.com\/fr\/politique-de-cookies\/\">Politique de cookies<\/a>.<\/p><p><em>Date de mise \u00e0 jour : 09\/03\/2026<\/em><\/p>\t\t\t\t\t\t\t\t<\/div>\n\t\t\t\t<\/div>\n\t\t\t\t<div class=\"elementor-element elementor-element-6f8b6c4 elementor-widget elementor-widget-spacer\" data-id=\"6f8b6c4\" data-element_type=\"widget\" data-e-type=\"widget\" data-widget_type=\"spacer.default\">\n\t\t\t\t<div class=\"elementor-widget-container\">\n\t\t\t\t\t\t\t<div class=\"elementor-spacer\">\n\t\t\t<div class=\"elementor-spacer-inner\"><\/div>\n\t\t<\/div>\n\t\t\t\t\t\t<\/div>\n\t\t\t\t<\/div>\n\t\t\t\t\t<\/div>\n\t\t\t\t<\/div>\n\t\t\t\t<\/div>","protected":false},"excerpt":{"rendered":"<p>Responsable del Tratamiento La empresa responsable del tratamiento de sus datos en virtud de esta Pol\u00edtica de privacidad es: R&amp;G METAL SHAPING S.L.U.NIF: B66381211Domicilio: Pol. Ind. Malloles, C\/ Esquirol, 4, 08500, Vic, Espa\u00f1aDirecci\u00f3n de correo electr\u00f3nico: lopd@rgmetalshaping.com.Web: rgmetalshaping.com\/Tel\u00e9fono: +34 938 122 744Inscrita en el Registro Mercantil de Barcelona, tomo 44508, folio 125, hoja 458178, inscripci\u00f3n [&hellip;]<\/p>\n","protected":false},"author":3,"featured_media":0,"parent":0,"menu_order":0,"comment_status":"closed","ping_status":"closed","template":"","meta":{"footnotes":""},"class_list":["post-2922","page","type-page","status-publish","hentry"],"yoast_head":"<!-- This site is optimized with the Yoast SEO plugin v27.3 - https:\/\/yoast.com\/product\/yoast-seo-wordpress\/ -->\n<title>Pol\u00edtica de Privacidad &#8226; R&amp;G Metal Shaping<\/title>\n<meta name=\"robots\" content=\"index, follow, max-snippet:-1, max-image-preview:large, max-video-preview:-1\" \/>\n<link rel=\"canonical\" href=\"https:\/\/rgmetalshaping.com\/fr\/politique-de-confidentialite\/\" \/>\n<meta property=\"og:locale\" content=\"fr_FR\" \/>\n<meta property=\"og:type\" content=\"article\" \/>\n<meta property=\"og:title\" content=\"Pol\u00edtica de Privacidad &#8226; R&amp;G Metal Shaping\" \/>\n<meta property=\"og:description\" content=\"Responsable del Tratamiento La empresa responsable del tratamiento de sus datos en virtud de esta Pol\u00edtica de privacidad es: R&amp;G METAL SHAPING S.L.U.NIF: B66381211Domicilio: Pol. Ind. Malloles, C\/ Esquirol, 4, 08500, Vic, Espa\u00f1aDirecci\u00f3n de correo electr\u00f3nico: lopd@rgmetalshaping.com.Web: rgmetalshaping.com\/Tel\u00e9fono: +34 938 122 744Inscrita en el Registro Mercantil de Barcelona, tomo 44508, folio 125, hoja 458178, inscripci\u00f3n [&hellip;]\" \/>\n<meta property=\"og:url\" content=\"https:\/\/rgmetalshaping.com\/fr\/politique-de-confidentialite\/\" \/>\n<meta property=\"og:site_name\" content=\"R&amp;G Metal Shaping\" \/>\n<meta property=\"article:publisher\" content=\"https:\/\/www.facebook.com\/rgmetalshaping\" \/>\n<meta property=\"article:modified_time\" content=\"2026-04-10T07:37:48+00:00\" \/>\n<meta name=\"twitter:card\" content=\"summary_large_image\" \/>\n<script type=\"application\/ld+json\" class=\"yoast-schema-graph\">{\"@context\":\"https:\\\/\\\/schema.org\",\"@graph\":[{\"@type\":\"WebPage\",\"@id\":\"https:\\\/\\\/rgmetalshaping.com\\\/politica-de-privacidad\\\/\",\"url\":\"https:\\\/\\\/rgmetalshaping.com\\\/politica-de-privacidad\\\/\",\"name\":\"Pol\u00edtica de Privacidad &#8226; R&amp;G Metal Shaping\",\"isPartOf\":{\"@id\":\"https:\\\/\\\/rgmetalshaping.com\\\/#website\"},\"datePublished\":\"2023-02-28T14:30:28+00:00\",\"dateModified\":\"2026-04-10T07:37:48+00:00\",\"breadcrumb\":{\"@id\":\"https:\\\/\\\/rgmetalshaping.com\\\/politica-de-privacidad\\\/#breadcrumb\"},\"inLanguage\":\"fr-FR\",\"potentialAction\":[{\"@type\":\"ReadAction\",\"target\":[\"https:\\\/\\\/rgmetalshaping.com\\\/politica-de-privacidad\\\/\"]}]},{\"@type\":\"BreadcrumbList\",\"@id\":\"https:\\\/\\\/rgmetalshaping.com\\\/politica-de-privacidad\\\/#breadcrumb\",\"itemListElement\":[{\"@type\":\"ListItem\",\"position\":1,\"name\":\"Inici\",\"item\":\"https:\\\/\\\/rgmetalshaping.com\\\/\"},{\"@type\":\"ListItem\",\"position\":2,\"name\":\"Pol\u00edtica de Privacidad\"}]},{\"@type\":\"WebSite\",\"@id\":\"https:\\\/\\\/rgmetalshaping.com\\\/#website\",\"url\":\"https:\\\/\\\/rgmetalshaping.com\\\/\",\"name\":\"R&G Metal Shaping\",\"description\":\"Planchisteria industrial de precisi\u00f3n\",\"publisher\":{\"@id\":\"https:\\\/\\\/rgmetalshaping.com\\\/#organization\"},\"alternateName\":\"RG Metal Shaping\",\"potentialAction\":[{\"@type\":\"SearchAction\",\"target\":{\"@type\":\"EntryPoint\",\"urlTemplate\":\"https:\\\/\\\/rgmetalshaping.com\\\/?s={search_term_string}\"},\"query-input\":{\"@type\":\"PropertyValueSpecification\",\"valueRequired\":true,\"valueName\":\"search_term_string\"}}],\"inLanguage\":\"fr-FR\"},{\"@type\":\"Organization\",\"@id\":\"https:\\\/\\\/rgmetalshaping.com\\\/#organization\",\"name\":\"R&G Metal Shaping\",\"alternateName\":\"R&G Metal Shaping\",\"url\":\"https:\\\/\\\/rgmetalshaping.com\\\/\",\"logo\":{\"@type\":\"ImageObject\",\"inLanguage\":\"fr-FR\",\"@id\":\"https:\\\/\\\/rgmetalshaping.com\\\/#\\\/schema\\\/logo\\\/image\\\/\",\"url\":\"https:\\\/\\\/rgmetalshaping.com\\\/wp-content\\\/uploads\\\/2023\\\/01\\\/RG-Logo-Dark.svg\",\"contentUrl\":\"https:\\\/\\\/rgmetalshaping.com\\\/wp-content\\\/uploads\\\/2023\\\/01\\\/RG-Logo-Dark.svg\",\"width\":101,\"height\":54,\"caption\":\"R&G Metal Shaping\"},\"image\":{\"@id\":\"https:\\\/\\\/rgmetalshaping.com\\\/#\\\/schema\\\/logo\\\/image\\\/\"},\"sameAs\":[\"https:\\\/\\\/www.facebook.com\\\/rgmetalshaping\",\"https:\\\/\\\/www.linkedin.com\\\/company\\\/r&g-metal-shaping-sl\\\/\",\"https:\\\/\\\/www.instagram.com\\\/rgmetalshaping\\\/\"]}]}<\/script>\n<!-- \/ Yoast SEO plugin. -->","yoast_head_json":{"title":"Politique de confidentialit\u00e9 - R&amp;G Metal Shaping","robots":{"index":"index","follow":"follow","max-snippet":"max-snippet:-1","max-image-preview":"max-image-preview:large","max-video-preview":"max-video-preview:-1"},"canonical":"https:\/\/rgmetalshaping.com\/fr\/politique-de-confidentialite\/","og_locale":"fr_FR","og_type":"article","og_title":"Pol\u00edtica de Privacidad &#8226; R&amp;G Metal Shaping","og_description":"Responsable del Tratamiento La empresa responsable del tratamiento de sus datos en virtud de esta Pol\u00edtica de privacidad es: R&amp;G METAL SHAPING S.L.U.NIF: B66381211Domicilio: Pol. Ind. Malloles, C\/ Esquirol, 4, 08500, Vic, Espa\u00f1aDirecci\u00f3n de correo electr\u00f3nico: lopd@rgmetalshaping.com.Web: rgmetalshaping.com\/Tel\u00e9fono: +34 938 122 744Inscrita en el Registro Mercantil de Barcelona, tomo 44508, folio 125, hoja 458178, inscripci\u00f3n [&hellip;]","og_url":"https:\/\/rgmetalshaping.com\/fr\/politique-de-confidentialite\/","og_site_name":"R&amp;G Metal Shaping","article_publisher":"https:\/\/www.facebook.com\/rgmetalshaping","article_modified_time":"2026-04-10T07:37:48+00:00","twitter_card":"summary_large_image","schema":{"@context":"https:\/\/schema.org","@graph":[{"@type":"WebPage","@id":"https:\/\/rgmetalshaping.com\/politica-de-privacidad\/","url":"https:\/\/rgmetalshaping.com\/politica-de-privacidad\/","name":"Politique de confidentialit\u00e9 - R&amp;G Metal Shaping","isPartOf":{"@id":"https:\/\/rgmetalshaping.com\/#website"},"datePublished":"2023-02-28T14:30:28+00:00","dateModified":"2026-04-10T07:37:48+00:00","breadcrumb":{"@id":"https:\/\/rgmetalshaping.com\/politica-de-privacidad\/#breadcrumb"},"inLanguage":"fr-FR","potentialAction":[{"@type":"ReadAction","target":["https:\/\/rgmetalshaping.com\/politica-de-privacidad\/"]}]},{"@type":"BreadcrumbList","@id":"https:\/\/rgmetalshaping.com\/politica-de-privacidad\/#breadcrumb","itemListElement":[{"@type":"ListItem","position":1,"name":"Inici","item":"https:\/\/rgmetalshaping.com\/"},{"@type":"ListItem","position":2,"name":"Pol\u00edtica de Privacidad"}]},{"@type":"WebSite","@id":"https:\/\/rgmetalshaping.com\/#website","url":"https:\/\/rgmetalshaping.com\/","name":"R&amp;G Metal Shaping","description":"Ferronnerie industrielle de pr\u00e9cision","publisher":{"@id":"https:\/\/rgmetalshaping.com\/#organization"},"alternateName":"RG Metal Shaping","potentialAction":[{"@type":"SearchAction","target":{"@type":"EntryPoint","urlTemplate":"https:\/\/rgmetalshaping.com\/?s={search_term_string}"},"query-input":{"@type":"PropertyValueSpecification","valueRequired":true,"valueName":"search_term_string"}}],"inLanguage":"fr-FR"},{"@type":"Organization","@id":"https:\/\/rgmetalshaping.com\/#organization","name":"R&amp;G Metal Shaping","alternateName":"R&G Metal Shaping","url":"https:\/\/rgmetalshaping.com\/","logo":{"@type":"ImageObject","inLanguage":"fr-FR","@id":"https:\/\/rgmetalshaping.com\/#\/schema\/logo\/image\/","url":"https:\/\/rgmetalshaping.com\/wp-content\/uploads\/2023\/01\/RG-Logo-Dark.svg","contentUrl":"https:\/\/rgmetalshaping.com\/wp-content\/uploads\/2023\/01\/RG-Logo-Dark.svg","width":101,"height":54,"caption":"R&G Metal Shaping"},"image":{"@id":"https:\/\/rgmetalshaping.com\/#\/schema\/logo\/image\/"},"sameAs":["https:\/\/www.facebook.com\/rgmetalshaping","https:\/\/www.linkedin.com\/company\/r&g-metal-shaping-sl\/","https:\/\/www.instagram.com\/rgmetalshaping\/"]}]}},"_links":{"self":[{"href":"https:\/\/rgmetalshaping.com\/fr\/wp-json\/wp\/v2\/pages\/2922","targetHints":{"allow":["GET"]}}],"collection":[{"href":"https:\/\/rgmetalshaping.com\/fr\/wp-json\/wp\/v2\/pages"}],"about":[{"href":"https:\/\/rgmetalshaping.com\/fr\/wp-json\/wp\/v2\/types\/page"}],"author":[{"embeddable":true,"href":"https:\/\/rgmetalshaping.com\/fr\/wp-json\/wp\/v2\/users\/3"}],"replies":[{"embeddable":true,"href":"https:\/\/rgmetalshaping.com\/fr\/wp-json\/wp\/v2\/comments?post=2922"}],"version-history":[{"count":30,"href":"https:\/\/rgmetalshaping.com\/fr\/wp-json\/wp\/v2\/pages\/2922\/revisions"}],"predecessor-version":[{"id":9163,"href":"https:\/\/rgmetalshaping.com\/fr\/wp-json\/wp\/v2\/pages\/2922\/revisions\/9163"}],"wp:attachment":[{"href":"https:\/\/rgmetalshaping.com\/fr\/wp-json\/wp\/v2\/media?parent=2922"}],"curies":[{"name":"wp","href":"https:\/\/api.w.org\/{rel}","templated":true}]}}