{"id":3820,"date":"2023-05-08T09:29:15","date_gmt":"2023-05-08T09:29:15","guid":{"rendered":"https:\/\/rgmetalshaping.com\/?page_id=3820"},"modified":"2023-05-09T08:36:53","modified_gmt":"2023-05-09T08:36:53","slug":"merci-de-nous-avoir-contacte","status":"publish","type":"page","link":"https:\/\/rgmetalshaping.com\/fr\/gracias-por-contactarnos\/","title":{"rendered":"Merci pour nous contacter"},"content":{"rendered":"<div data-elementor-type=\"wp-page\" data-elementor-id=\"3820\" class=\"elementor elementor-3820\">\n\t\t\t\t\t\t<section class=\"elementor-section elementor-top-section elementor-element elementor-element-21d7615f elementor-section-boxed elementor-section-height-default elementor-section-height-default\" data-id=\"21d7615f\" data-element_type=\"section\" data-e-type=\"section\">\n\t\t\t\t\t\t<div class=\"elementor-container elementor-column-gap-default\">\n\t\t\t\t\t<div class=\"elementor-column elementor-col-100 elementor-top-column elementor-element elementor-element-7967f344\" data-id=\"7967f344\" data-element_type=\"column\" data-e-type=\"column\">\n\t\t\t<div class=\"elementor-widget-wrap elementor-element-populated\">\n\t\t\t\t\t\t<div class=\"elementor-element elementor-element-02db43c elementor-widget elementor-widget-spacer\" data-id=\"02db43c\" data-element_type=\"widget\" data-e-type=\"widget\" data-widget_type=\"spacer.default\">\n\t\t\t\t<div class=\"elementor-widget-container\">\n\t\t\t\t\t\t\t<div class=\"elementor-spacer\">\n\t\t\t<div class=\"elementor-spacer-inner\"><\/div>\n\t\t<\/div>\n\t\t\t\t\t\t<\/div>\n\t\t\t\t<\/div>\n\t\t\t\t<div class=\"elementor-element elementor-element-61cbb4d elementor-widget elementor-widget-heading\" data-id=\"61cbb4d\" data-element_type=\"widget\" data-e-type=\"widget\" data-widget_type=\"heading.default\">\n\t\t\t\t<div class=\"elementor-widget-container\">\n\t\t\t\t\t<h1 class=\"elementor-heading-title elementor-size-default\">Merci pour nous contacter<\/h1>\t\t\t\t<\/div>\n\t\t\t\t<\/div>\n\t\t\t\t<div class=\"elementor-element elementor-element-7bc5aae4 elementor-widget elementor-widget-text-editor\" data-id=\"7bc5aae4\" data-element_type=\"widget\" data-e-type=\"widget\" data-widget_type=\"text-editor.default\">\n\t\t\t\t<div class=\"elementor-widget-container\">\n\t\t\t\t\t\t\t\t\t\n<p>Merci de remplir le formulaire de contact et de nous envoyer votre message. Nous appr\u00e9cions l'int\u00e9r\u00eat que vous portez \u00e0 nos services et produits.<\/p>\n<p>Nous tenons \u00e0 vous informer que nous avons re\u00e7u votre message et que nous l'examinons attentivement afin de pouvoir r\u00e9pondre \u00e0 toutes vos questions et \u00e0 tous vos commentaires de la mani\u00e8re la plus compl\u00e8te et la plus pr\u00e9cise possible. Nous vous assurons que nous ferons de notre mieux pour vous r\u00e9pondre dans les plus brefs d\u00e9lais.<\/p>\n<p>Chez R&amp;G Metal Shaping, nous prenons tr\u00e8s au s\u00e9rieux la satisfaction de nos clients et nous nous engageons \u00e0 vous fournir un service exceptionnel. Vous pouvez donc \u00eatre assur\u00e9 que votre message sera trait\u00e9 avec l'attention et le soin qu'il m\u00e9rite.<\/p>\n<p>Encore une fois, nous vous remercions de l'int\u00e9r\u00eat que vous portez \u00e0 nos produits et services. Nous esp\u00e9rons avoir bient\u00f4t l'occasion de travailler avec vous.<\/p>\n\t\t\t\t\t\t\t\t<\/div>\n\t\t\t\t<\/div>\n\t\t\t\t<div class=\"elementor-element elementor-element-52613b0 elementor-widget elementor-widget-image\" data-id=\"52613b0\" data-element_type=\"widget\" data-e-type=\"widget\" data-widget_type=\"image.default\">\n\t\t\t\t<div class=\"elementor-widget-container\">\n\t\t\t\t\t\t\t\t\t\t\t\t\t\t\t<img fetchpriority=\"high\" decoding=\"async\" width=\"800\" height=\"605\" src=\"https:\/\/rgmetalshaping.com\/wp-content\/uploads\/2019\/01\/A036323-1024x775.jpg\" class=\"attachment-large size-large wp-image-1687\" alt=\"R&amp;G Metal Shaping\" srcset=\"https:\/\/rgmetalshaping.com\/wp-content\/uploads\/2019\/01\/A036323-1024x775.jpg 1024w, https:\/\/rgmetalshaping.com\/wp-content\/uploads\/2019\/01\/A036323-300x227.jpg 300w, https:\/\/rgmetalshaping.com\/wp-content\/uploads\/2019\/01\/A036323-780x590.jpg 780w, https:\/\/rgmetalshaping.com\/wp-content\/uploads\/2019\/01\/A036323-1120x847.jpg 1120w\" sizes=\"(max-width: 800px) 100vw, 800px\" \/>\t\t\t\t\t\t\t\t\t\t\t\t\t\t\t<\/div>\n\t\t\t\t<\/div>\n\t\t\t\t\t<\/div>\n\t\t<\/div>\n\t\t\t\t\t<\/div>\n\t\t<\/section>\n\t\t\t\t<\/div>","protected":false},"excerpt":{"rendered":"<p>Gracias por contactarnos Muchas gracias por rellenar el formulario de contacto y enviarnos su mensaje. Agradecemos su inter\u00e9s en nuestros servicios y productos. Nos gustar\u00eda hacerle saber que hemos recibido su mensaje y que lo estamos revisando cuidadosamente para poder responder a todas sus preguntas y comentarios de la manera m\u00e1s completa y precisa posible. [&hellip;]<\/p>\n","protected":false},"author":4,"featured_media":0,"parent":0,"menu_order":0,"comment_status":"closed","ping_status":"closed","template":"","meta":{"footnotes":""},"class_list":["post-3820","page","type-page","status-publish","hentry"],"yoast_head":"<!-- This site is optimized with the Yoast SEO plugin v27.3 - https:\/\/yoast.com\/product\/yoast-seo-wordpress\/ -->\n<title>Gracias por contactarnos &#8226; R&amp;G Metal Shaping<\/title>\n<meta name=\"robots\" content=\"index, follow, max-snippet:-1, max-image-preview:large, max-video-preview:-1\" \/>\n<link rel=\"canonical\" href=\"https:\/\/rgmetalshaping.com\/fr\/merci-de-nous-avoir-contacte\/\" \/>\n<meta property=\"og:locale\" content=\"fr_FR\" \/>\n<meta property=\"og:type\" content=\"article\" \/>\n<meta property=\"og:title\" content=\"Gracias por contactarnos &#8226; R&amp;G Metal Shaping\" \/>\n<meta property=\"og:description\" content=\"Gracias por contactarnos Muchas gracias por rellenar el formulario de contacto y enviarnos su mensaje. Agradecemos su inter\u00e9s en nuestros servicios y productos. Nos gustar\u00eda hacerle saber que hemos recibido su mensaje y que lo estamos revisando cuidadosamente para poder responder a todas sus preguntas y comentarios de la manera m\u00e1s completa y precisa posible. [&hellip;]\" \/>\n<meta property=\"og:url\" content=\"https:\/\/rgmetalshaping.com\/fr\/merci-de-nous-avoir-contacte\/\" \/>\n<meta property=\"og:site_name\" content=\"R&amp;G Metal Shaping\" \/>\n<meta property=\"article:publisher\" content=\"https:\/\/www.facebook.com\/rgmetalshaping\" \/>\n<meta property=\"article:modified_time\" content=\"2023-05-09T08:36:53+00:00\" \/>\n<meta property=\"og:image\" content=\"https:\/\/rgmetalshaping.com\/wp-content\/uploads\/2019\/01\/A036323-1024x775.jpg\" \/>\n<meta name=\"twitter:card\" content=\"summary_large_image\" \/>\n<script type=\"application\/ld+json\" class=\"yoast-schema-graph\">{\"@context\":\"https:\\\/\\\/schema.org\",\"@graph\":[{\"@type\":\"WebPage\",\"@id\":\"https:\\\/\\\/rgmetalshaping.com\\\/gracias-por-contactarnos\\\/\",\"url\":\"https:\\\/\\\/rgmetalshaping.com\\\/gracias-por-contactarnos\\\/\",\"name\":\"Gracias por contactarnos &#8226; R&amp;G Metal Shaping\",\"isPartOf\":{\"@id\":\"https:\\\/\\\/rgmetalshaping.com\\\/#website\"},\"primaryImageOfPage\":{\"@id\":\"https:\\\/\\\/rgmetalshaping.com\\\/gracias-por-contactarnos\\\/#primaryimage\"},\"image\":{\"@id\":\"https:\\\/\\\/rgmetalshaping.com\\\/gracias-por-contactarnos\\\/#primaryimage\"},\"thumbnailUrl\":\"https:\\\/\\\/rgmetalshaping.com\\\/wp-content\\\/uploads\\\/2019\\\/01\\\/A036323-1024x775.jpg\",\"datePublished\":\"2023-05-08T09:29:15+00:00\",\"dateModified\":\"2023-05-09T08:36:53+00:00\",\"breadcrumb\":{\"@id\":\"https:\\\/\\\/rgmetalshaping.com\\\/gracias-por-contactarnos\\\/#breadcrumb\"},\"inLanguage\":\"fr-FR\",\"potentialAction\":[{\"@type\":\"ReadAction\",\"target\":[\"https:\\\/\\\/rgmetalshaping.com\\\/gracias-por-contactarnos\\\/\"]}]},{\"@type\":\"ImageObject\",\"inLanguage\":\"fr-FR\",\"@id\":\"https:\\\/\\\/rgmetalshaping.com\\\/gracias-por-contactarnos\\\/#primaryimage\",\"url\":\"https:\\\/\\\/rgmetalshaping.com\\\/wp-content\\\/uploads\\\/2019\\\/01\\\/A036323-1024x775.jpg\",\"contentUrl\":\"https:\\\/\\\/rgmetalshaping.com\\\/wp-content\\\/uploads\\\/2019\\\/01\\\/A036323-1024x775.jpg\"},{\"@type\":\"BreadcrumbList\",\"@id\":\"https:\\\/\\\/rgmetalshaping.com\\\/gracias-por-contactarnos\\\/#breadcrumb\",\"itemListElement\":[{\"@type\":\"ListItem\",\"position\":1,\"name\":\"Inici\",\"item\":\"https:\\\/\\\/rgmetalshaping.com\\\/\"},{\"@type\":\"ListItem\",\"position\":2,\"name\":\"Gracias por contactarnos\"}]},{\"@type\":\"WebSite\",\"@id\":\"https:\\\/\\\/rgmetalshaping.com\\\/#website\",\"url\":\"https:\\\/\\\/rgmetalshaping.com\\\/\",\"name\":\"R&G Metal Shaping\",\"description\":\"Planchisteria industrial de precisi\u00f3n\",\"publisher\":{\"@id\":\"https:\\\/\\\/rgmetalshaping.com\\\/#organization\"},\"alternateName\":\"RG Metal Shaping\",\"potentialAction\":[{\"@type\":\"SearchAction\",\"target\":{\"@type\":\"EntryPoint\",\"urlTemplate\":\"https:\\\/\\\/rgmetalshaping.com\\\/?s={search_term_string}\"},\"query-input\":{\"@type\":\"PropertyValueSpecification\",\"valueRequired\":true,\"valueName\":\"search_term_string\"}}],\"inLanguage\":\"fr-FR\"},{\"@type\":\"Organization\",\"@id\":\"https:\\\/\\\/rgmetalshaping.com\\\/#organization\",\"name\":\"R&G Metal Shaping\",\"alternateName\":\"R&G Metal Shaping\",\"url\":\"https:\\\/\\\/rgmetalshaping.com\\\/\",\"logo\":{\"@type\":\"ImageObject\",\"inLanguage\":\"fr-FR\",\"@id\":\"https:\\\/\\\/rgmetalshaping.com\\\/#\\\/schema\\\/logo\\\/image\\\/\",\"url\":\"https:\\\/\\\/rgmetalshaping.com\\\/wp-content\\\/uploads\\\/2023\\\/01\\\/RG-Logo-Dark.svg\",\"contentUrl\":\"https:\\\/\\\/rgmetalshaping.com\\\/wp-content\\\/uploads\\\/2023\\\/01\\\/RG-Logo-Dark.svg\",\"width\":101,\"height\":54,\"caption\":\"R&G Metal Shaping\"},\"image\":{\"@id\":\"https:\\\/\\\/rgmetalshaping.com\\\/#\\\/schema\\\/logo\\\/image\\\/\"},\"sameAs\":[\"https:\\\/\\\/www.facebook.com\\\/rgmetalshaping\",\"https:\\\/\\\/www.linkedin.com\\\/company\\\/r&g-metal-shaping-sl\\\/\",\"https:\\\/\\\/www.instagram.com\\\/rgmetalshaping\\\/\"]}]}<\/script>\n<!-- \/ Yoast SEO plugin. -->","yoast_head_json":{"title":"Merci de nous contacter - R&amp;G Metal Shaping","robots":{"index":"index","follow":"follow","max-snippet":"max-snippet:-1","max-image-preview":"max-image-preview:large","max-video-preview":"max-video-preview:-1"},"canonical":"https:\/\/rgmetalshaping.com\/fr\/merci-de-nous-avoir-contacte\/","og_locale":"fr_FR","og_type":"article","og_title":"Gracias por contactarnos &#8226; R&amp;G Metal Shaping","og_description":"Gracias por contactarnos Muchas gracias por rellenar el formulario de contacto y enviarnos su mensaje. Agradecemos su inter\u00e9s en nuestros servicios y productos. Nos gustar\u00eda hacerle saber que hemos recibido su mensaje y que lo estamos revisando cuidadosamente para poder responder a todas sus preguntas y comentarios de la manera m\u00e1s completa y precisa posible. [&hellip;]","og_url":"https:\/\/rgmetalshaping.com\/fr\/merci-de-nous-avoir-contacte\/","og_site_name":"R&amp;G Metal Shaping","article_publisher":"https:\/\/www.facebook.com\/rgmetalshaping","article_modified_time":"2023-05-09T08:36:53+00:00","og_image":[{"url":"https:\/\/rgmetalshaping.com\/wp-content\/uploads\/2019\/01\/A036323-1024x775.jpg","type":"","width":"","height":""}],"twitter_card":"summary_large_image","schema":{"@context":"https:\/\/schema.org","@graph":[{"@type":"WebPage","@id":"https:\/\/rgmetalshaping.com\/gracias-por-contactarnos\/","url":"https:\/\/rgmetalshaping.com\/gracias-por-contactarnos\/","name":"Merci de nous contacter - R&amp;G Metal Shaping","isPartOf":{"@id":"https:\/\/rgmetalshaping.com\/#website"},"primaryImageOfPage":{"@id":"https:\/\/rgmetalshaping.com\/gracias-por-contactarnos\/#primaryimage"},"image":{"@id":"https:\/\/rgmetalshaping.com\/gracias-por-contactarnos\/#primaryimage"},"thumbnailUrl":"https:\/\/rgmetalshaping.com\/wp-content\/uploads\/2019\/01\/A036323-1024x775.jpg","datePublished":"2023-05-08T09:29:15+00:00","dateModified":"2023-05-09T08:36:53+00:00","breadcrumb":{"@id":"https:\/\/rgmetalshaping.com\/gracias-por-contactarnos\/#breadcrumb"},"inLanguage":"fr-FR","potentialAction":[{"@type":"ReadAction","target":["https:\/\/rgmetalshaping.com\/gracias-por-contactarnos\/"]}]},{"@type":"ImageObject","inLanguage":"fr-FR","@id":"https:\/\/rgmetalshaping.com\/gracias-por-contactarnos\/#primaryimage","url":"https:\/\/rgmetalshaping.com\/wp-content\/uploads\/2019\/01\/A036323-1024x775.jpg","contentUrl":"https:\/\/rgmetalshaping.com\/wp-content\/uploads\/2019\/01\/A036323-1024x775.jpg"},{"@type":"BreadcrumbList","@id":"https:\/\/rgmetalshaping.com\/gracias-por-contactarnos\/#breadcrumb","itemListElement":[{"@type":"ListItem","position":1,"name":"Inici","item":"https:\/\/rgmetalshaping.com\/"},{"@type":"ListItem","position":2,"name":"Gracias por contactarnos"}]},{"@type":"WebSite","@id":"https:\/\/rgmetalshaping.com\/#website","url":"https:\/\/rgmetalshaping.com\/","name":"R&amp;G Metal Shaping","description":"Ferronnerie industrielle de pr\u00e9cision","publisher":{"@id":"https:\/\/rgmetalshaping.com\/#organization"},"alternateName":"RG Metal Shaping","potentialAction":[{"@type":"SearchAction","target":{"@type":"EntryPoint","urlTemplate":"https:\/\/rgmetalshaping.com\/?s={search_term_string}"},"query-input":{"@type":"PropertyValueSpecification","valueRequired":true,"valueName":"search_term_string"}}],"inLanguage":"fr-FR"},{"@type":"Organization","@id":"https:\/\/rgmetalshaping.com\/#organization","name":"R&amp;G Metal Shaping","alternateName":"R&G Metal Shaping","url":"https:\/\/rgmetalshaping.com\/","logo":{"@type":"ImageObject","inLanguage":"fr-FR","@id":"https:\/\/rgmetalshaping.com\/#\/schema\/logo\/image\/","url":"https:\/\/rgmetalshaping.com\/wp-content\/uploads\/2023\/01\/RG-Logo-Dark.svg","contentUrl":"https:\/\/rgmetalshaping.com\/wp-content\/uploads\/2023\/01\/RG-Logo-Dark.svg","width":101,"height":54,"caption":"R&G Metal Shaping"},"image":{"@id":"https:\/\/rgmetalshaping.com\/#\/schema\/logo\/image\/"},"sameAs":["https:\/\/www.facebook.com\/rgmetalshaping","https:\/\/www.linkedin.com\/company\/r&g-metal-shaping-sl\/","https:\/\/www.instagram.com\/rgmetalshaping\/"]}]}},"_links":{"self":[{"href":"https:\/\/rgmetalshaping.com\/fr\/wp-json\/wp\/v2\/pages\/3820","targetHints":{"allow":["GET"]}}],"collection":[{"href":"https:\/\/rgmetalshaping.com\/fr\/wp-json\/wp\/v2\/pages"}],"about":[{"href":"https:\/\/rgmetalshaping.com\/fr\/wp-json\/wp\/v2\/types\/page"}],"author":[{"embeddable":true,"href":"https:\/\/rgmetalshaping.com\/fr\/wp-json\/wp\/v2\/users\/4"}],"replies":[{"embeddable":true,"href":"https:\/\/rgmetalshaping.com\/fr\/wp-json\/wp\/v2\/comments?post=3820"}],"version-history":[{"count":7,"href":"https:\/\/rgmetalshaping.com\/fr\/wp-json\/wp\/v2\/pages\/3820\/revisions"}],"predecessor-version":[{"id":3854,"href":"https:\/\/rgmetalshaping.com\/fr\/wp-json\/wp\/v2\/pages\/3820\/revisions\/3854"}],"wp:attachment":[{"href":"https:\/\/rgmetalshaping.com\/fr\/wp-json\/wp\/v2\/media?parent=3820"}],"curies":[{"name":"wp","href":"https:\/\/api.w.org\/{rel}","templated":true}]}}