{"id":572,"date":"2015-04-02T15:09:07","date_gmt":"2015-04-02T15:09:07","guid":{"rendered":"http:\/\/rgmetalshaping.com\/?page_id=572"},"modified":"2026-04-10T07:41:30","modified_gmt":"2026-04-10T07:41:30","slug":"politique-de-cookies","status":"publish","type":"page","link":"https:\/\/rgmetalshaping.com\/fr\/politica-de-cookies\/","title":{"rendered":"Politique de cookies"},"content":{"rendered":"<div data-elementor-type=\"wp-page\" data-elementor-id=\"572\" class=\"elementor elementor-572\">\n\t\t\t\t<div class=\"elementor-element elementor-element-49a6e5b5 e-flex e-con-boxed e-con e-parent\" data-id=\"49a6e5b5\" data-element_type=\"container\" data-e-type=\"container\">\n\t\t\t\t\t<div class=\"e-con-inner\">\n\t\t\t\t<div class=\"elementor-element elementor-element-4f37054b elementor-widget elementor-widget-text-editor\" data-id=\"4f37054b\" data-element_type=\"widget\" data-e-type=\"widget\" data-widget_type=\"text-editor.default\">\n\t\t\t\t<div class=\"elementor-widget-container\">\n\t\t\t\t\t\t\t\t\t\n<p>Cette politique de cookies vise \u00e0 informer de mani\u00e8re claire et pr\u00e9cise sur les cookies utilis\u00e9s sur notre site web.<\/p>\n<p>Nous utilisons des cookies propres et de tiers pour am\u00e9liorer nos services, personnaliser notre site Web, faciliter la navigation de nos utilisateurs, vous offrir une meilleure exp\u00e9rience d'utilisation du site Web, identifier les probl\u00e8mes pour l'am\u00e9liorer, effectuer des mesures et des statistiques d'utilisation et vous montrer des publicit\u00e9s li\u00e9es \u00e0 vos pr\u00e9f\u00e9rences en analysant l'utilisation du site Web.<\/p>\n<p>Nous vous informons que nous pouvons utiliser des cookies sur votre ordinateur, \u00e0 condition que l'utilisateur ait donn\u00e9 son consentement, sauf dans les cas o\u00f9 les cookies sont n\u00e9cessaires \u00e0 la navigation sur notre site web. Si vous donnez votre consentement, nous pourrons utiliser des cookies qui nous permettront d'en savoir plus sur vos pr\u00e9f\u00e9rences et de personnaliser notre site web en fonction de vos int\u00e9r\u00eats individuels.<\/p>\n<div>\u00a0<\/div>\n<h4><strong>Qu'est-ce qu'un biscuit ?<\/strong><\/h4>\n<div>Les cookies et autres technologies similaires telles que les objets locaux partag\u00e9s, les cookies Flash ou les pixels sont des outils utilis\u00e9s par les serveurs Web pour stocker et r\u00e9cup\u00e9rer des informations sur leurs visiteurs, ainsi que pour assurer le bon fonctionnement du site.<\/div>\n<div>\u00a0<\/div>\n<h4><strong>Types de cookies<\/strong><\/h4>\n<div>Types de cookies en fonction de l'entit\u00e9 qui les g\u00e8re :<\/div>\n<ul>\n<li><strong>Cookies propri\u00e9taires<\/strong> sont celles qui sont envoy\u00e9es \u00e0 l'\u00e9quipement terminal de l'utilisateur depuis un \u00e9quipement ou un domaine g\u00e9r\u00e9 par le titulaire du site Web et \u00e0 partir desquelles le service demand\u00e9 par l'utilisateur est fourni.<\/li>\n<li><strong>Cookies tiers :<\/strong> sont celles qui sont envoy\u00e9es \u00e0 l'\u00e9quipement terminal de l'utilisateur \u00e0 partir d'un \u00e9quipement ou d'un domaine qui n'est pas g\u00e9r\u00e9 par le propri\u00e9taire du site Web \u00e0 partir duquel le service demand\u00e9 par l'utilisateur est fourni, mais par une autre entit\u00e9 qui traite les donn\u00e9es obtenues via les cookies. De m\u00eame, si les cookies sont install\u00e9s \u00e0 partir d'un \u00e9quipement ou d'un domaine g\u00e9r\u00e9 par le propri\u00e9taire du site Web lui-m\u00eame, mais que les informations collect\u00e9es par leur interm\u00e9diaire sont g\u00e9r\u00e9es par un tiers, ils seront \u00e9galement consid\u00e9r\u00e9s comme des cookies de tiers.<\/li>\n<\/ul>\n<p>\u00a0<\/p>\n<h4><strong>Types de cookies selon leur finalit\u00e9 :<\/strong><\/h4>\n<ul>\n<li><strong>Cookies techniques :<\/strong> sont ceux qui permettent \u00e0 l'utilisateur de naviguer sur un site web, une plateforme ou une application et d'utiliser les diff\u00e9rentes options ou services qui y existent, y compris ceux que l'\u00e9diteur utilise pour permettre la gestion et l'exploitation du site web et permettre ses fonctions et services, tels que, par exemple, le contr\u00f4le du trafic et de la communication des donn\u00e9es, l'identification de la session, l'acc\u00e8s aux parties \u00e0 acc\u00e8s restreint, la m\u00e9morisation des \u00e9l\u00e9ments constitutifs d'une commande, la r\u00e9alisation du processus d'achat d'une commande, la gestion du paiement, la lutte contre la fraude li\u00e9e \u00e0 la s\u00e9curit\u00e9 du service, la r\u00e9alisation d'une demande d'inscription ou de participation \u00e0 un \u00e9v\u00e9nement, le d\u00e9compte des visites aux fins de facturation des licences du logiciel avec lequel le service fonctionne (site web, plateforme ou application), g\u00e9rer le paiement, contr\u00f4ler la fraude li\u00e9e \u00e0 la s\u00e9curit\u00e9 du service, effectuer la demande d'inscription ou de participation \u00e0 un \u00e9v\u00e9nement, comptabiliser les visites aux fins de la facturation des licences du logiciel avec lequel fonctionne le service (site web, plateforme ou application), utiliser des dispositifs de s\u00e9curit\u00e9 lors de la navigation, stocker des contenus pour la diffusion de vid\u00e9os ou de sons, activer des contenus dynamiques (par exemple, l'animation du chargement d'un texte ou d'une image) ou partager des contenus par l'interm\u00e9diaire des r\u00e9seaux sociaux.<\/li>\n<\/ul>\n<p style=\"padding-left: 40px;\">Elles appartiennent \u00e9galement \u00e0 cette cat\u00e9gorie, de par leur nature technique, les cookies qui permettent la gestion, de la mani\u00e8re la plus efficace possible, des espaces publicitaires que, comme un \u00e9l\u00e9ment de plus de conception ou de \u201c mise en page \u201d du service offert \u00e0 l'utilisateur, l'\u00e9diteur ait inclus dans une page web, une application ou une plateforme sur la base de crit\u00e8res tels que le contenu \u00e9dit\u00e9, sans que des informations soient collect\u00e9es aupr\u00e8s des utilisateurs \u00e0 des fins autres, comme la personnalisation de ce contenu publicitaire ou d'autres contenus.<\/p>\n<ul>\n<li><strong>Cookies de pr\u00e9f\u00e9rences ou de personnalisation :<\/strong> sont celles qui permettent de se souvenir d'informations afin que l'utilisateur acc\u00e8de au service avec certaines caract\u00e9ristiques qui peuvent diff\u00e9rencier son exp\u00e9rience de celle des autres utilisateurs, comme, par exemple, la langue, le nombre de r\u00e9sultats \u00e0 afficher lorsque l'utilisateur effectue une recherche, l'apparence ou le contenu du service en fonction du type de navigateur par lequel l'utilisateur acc\u00e8de au service ou de la r\u00e9gion depuis laquelle il acc\u00e8de au service, etc.<\/li>\n<li><strong>Cookies d'analyse ou de mesure<\/strong>: sont celles qui permettent au responsable de celles-ci de suivre et d'analyser le comportement des utilisateurs des sites Web auxquels ils sont li\u00e9s, y compris la quantification des impacts des publicit\u00e9s. Les informations recueillies par ce type de cookies sont utilis\u00e9es pour mesurer l'activit\u00e9 des sites Web, des applications ou des plateformes, afin d'apporter des am\u00e9liorations bas\u00e9es sur l'analyse des donn\u00e9es d'utilisation des services par les utilisateurs.<\/li>\n<li><strong>Cookies publicitaires comportementaux :<\/strong> sont celles qui permettent de g\u00e9rer, de la mani\u00e8re la plus efficace possible, les espaces publicitaires pr\u00e9sents sur le site web. Ces cookies stockent des informations sur le comportement des utilisateurs obtenues par l'observation continue de leurs habitudes de navigation, ce qui permet de d\u00e9velopper un profil sp\u00e9cifique pour afficher de la publicit\u00e9 en fonction de celui-ci.<\/li>\n<li><strong>Cookies de g\u00e9olocalisation :<\/strong> sont utilis\u00e9es pour savoir o\u00f9 se trouve un utilisateur lorsqu'il demande un service. Ce cookie est anonyme et est utilis\u00e9, par exemple, pour lui fournir les informations appropri\u00e9es en fonction du pays dans lequel il se trouve.<\/li>\n<\/ul>\n<div>\u00a0<\/div>\n<h4><strong>Types de cookies selon la dur\u00e9e pendant laquelle ils restent activ\u00e9s :<\/strong><\/h4>\n<ul>\n<li><strong>Cookies de session :<\/strong> elles sont con\u00e7ues pour collecter et stocker des donn\u00e9es pendant que l'utilisateur acc\u00e8de \u00e0 une page web. Elles sont g\u00e9n\u00e9ralement utilis\u00e9es pour stocker des informations qui n'int\u00e9ressent que pour la fourniture du service demand\u00e9 par l'utilisateur une seule fois (par exemple, une liste des produits achet\u00e9s) et disparaissent \u00e0 la fin de la session.<\/li>\n<li><strong>Cookies persistants :<\/strong> sont celles pour lesquelles les donn\u00e9es sont toujours stock\u00e9es dans le terminal et peuvent \u00eatre consult\u00e9es et trait\u00e9es pendant une p\u00e9riode d\u00e9finie par le responsable du cookie, et qui peut aller de quelques minutes \u00e0 plusieurs ann\u00e9es.<\/li>\n<\/ul>\n<div>\u00a0<\/div>\n<div>\u00a0<\/div>\n<h4><strong>Cookies utilis\u00e9es sur notre site web<\/strong><\/h4>\n<div>\u00a0<\/div>\n\n<figure class=\"wp-block-table\">\n<table>\n<tbody>\n<tr>\n<td><strong>D\u00e9nomination<\/strong><\/td>\n<td><strong>Titulaire<\/strong><\/td>\n<td><strong>Les gars<\/strong><\/td>\n<td><strong>Objectifs<\/strong><\/td>\n<td><strong>Dur\u00e9e<\/strong><\/td>\n<\/tr>\n<tr>\n<td>WordPress_sec_*<\/td>\n<td>WordPress<\/td>\n<td>Fonctionnel<\/td>\n<td>Pour vous prot\u00e9ger contre les pirates informatiques, stockez les donn\u00e9es de votre compte.<\/td>\n<td>15 jours<\/td>\n<\/tr>\n<tr>\n<td><br \/>WordPress_logged_in_<br \/><br \/><br \/>Param\u00e8tres Wp<br \/><br \/><\/td>\n<td>WordPress<\/td>\n<td>Technique<\/td>\n<td>Permet au site web de se souvenir<br \/>les informations choisies par l'utilisateur pour acc\u00e9der au service avec certaines caract\u00e9ristiques qui peuvent diff\u00e9rencier l'exp\u00e9rience de l'utilisateur de celle des autres utilisateurs.<\/td>\n<td>Ils persistent<\/td>\n<\/tr>\n<tr>\n<td><br \/>_cliquez<\/td>\n<td>Clart\u00e9 Microsoft<\/td>\n<td>Commercialisation<\/td>\n<td>Microsoft Clarity utilise ce cookie pour stocker un identifiant utilisateur unique.<br \/>Cette p\u00e9riode indique la dur\u00e9e pendant laquelle un service peut stocker et\/ou lire certaines donn\u00e9es de votre ordinateur \u00e0 l'aide d'un cookie, d'un pixel, d'une API, d'un suivi sans cookie ou d'autres ressources.<\/td>\n<td>1 an<\/td>\n<\/tr>\n<tr>\n<td><br \/>_clsk<\/td>\n<td>Clart\u00e9 Microsoft<\/td>\n<td>Analyse<\/td>\n<td>Microsoft Clarity installe ce cookie pour stocker des informations sur la fa\u00e7on dont les visiteurs interagissent avec le site web. Le cookie permet de fournir un rapport d'analyse. Les donn\u00e9es collect\u00e9es comprennent le nombre de visiteurs, l'endroit o\u00f9 ils visitent le site web et les pages visit\u00e9es.<\/td>\n<td>1 jour<\/td>\n<\/tr>\n<tr>\n<td>_G\u00e9orgie<br \/><br \/><br \/>_ga_EETZB3LBR5<\/td>\n<td>Google Analytics<\/td>\n<td>Analyse<\/td>\n<td>Ils permettent de conna\u00eetre le nombre d'utilisateurs qui visitent le site web.<br \/>Elles permettent \u00e9galement une analyse statistique de l'utilisation faite par les utilisateurs du service offert par le site web. Les donn\u00e9es obtenues dans le cadre de cette analyse<br \/>seront utilis\u00e9es pour d\u00e9tecter les am\u00e9liorations potentielles des services offerts sur ce site web.<\/td>\n<td>1 an<\/td>\n<\/tr>\n<\/tbody>\n<\/table>\n<\/figure>\n\n<p>\u00a0<\/p>\n<h4><strong>Comment d\u00e9sactiver les cookies dans les navigateurs ?<\/strong><\/h4>\n<p>L'utilisateur peut, \u00e0 tout moment, autoriser, bloquer ou supprimer les cookies install\u00e9s sur son \u00e9quipement en modifiant les param\u00e8tres de configuration du navigateur install\u00e9 sur son ordinateur :<\/p>\n<ul>\n<li><a href=\"https:\/\/support.google.com\/chrome\/answer\/95647?hl=es&amp;sc_ref_bbva=https%3A%2F%2Fwww.bbva.es%2Fsistema%2Fmeta%2Faviso-legal%2Findex.jsp\">Chrome<\/a>Configuration -&gt; Afficher les options avanc\u00e9es -&gt; Confidentialit\u00e9 -&gt; Param\u00e8tres du contenu.<br \/>Pour plus d'informations, vous pouvez consulter le <a href=\"https:\/\/support.google.com\/chrome\/answer\/95647?hl=es&amp;ref_topic=3434352\">assistance Google<\/a> o l'Aide du navigateur.<\/li>\n<li><a href=\"https:\/\/www.microsoft.com\/es-es\/edge\/?form=MA13FJ\">Bord<\/a>Outils -&gt; Options Internet -&gt; Confidentialit\u00e9 -&gt; Param\u00e8tres.<br \/>Pour plus d'informations, vous pouvez consulter le <a href=\"https:\/\/support.microsoft.com\/es-ES\/internet-explorer\/internet-explorer-help#ie=ie-11\">support Microsoft<\/a> o l'Aide du navigateur.<\/li>\n<li><a href=\"https:\/\/support.mozilla.org\/es\/kb\/Protecci%C3%B3n-contra-el-rastreo-mejorada-en-Firefox-para-escritorio?sc_ref_bbva=https%3A%2F%2Fwww.bbva.es%2Fsistema%2Fmeta%2Faviso-legal%2Findex.jsp&amp;redirectslug=enable-and-disable-cookies-website-preferences&amp;redirectlocale=en-US\">Firefox<\/a>Outils -&gt; Options -&gt; Confidentialit\u00e9 -&gt; Historique -&gt; Param\u00e8tres personnalis\u00e9s.<br \/>Pour plus d'informations, vous pouvez consulter le <a href=\"https:\/\/support.mozilla.org\/es\/\">assistance Mozilla<\/a> o l'Aide du navigateur.<\/li>\n<li><a href=\"https:\/\/support.apple.com\/es-es\/guide\/safari\/sfri11471\/mac\">Safari<\/a>: Pr\u00e9f\u00e9rences -&gt; S\u00e9curit\u00e9.<br \/>Pour plus d'informations, vous pouvez consulter le <a href=\"https:\/\/support.apple.com\/es-es\/105082\">assistance Apple<\/a> o l'Aide du navigateur.<\/li>\n<\/ul>\n<p>\u00a0<\/p>\n<p>La d\u00e9sactivation des cookies n'emp\u00eache pas la navigation sur le site web, bien que l'utilisation de certains de ses services puisse \u00eatre limit\u00e9e et, par cons\u00e9quent, votre exp\u00e9rience de navigation puisse \u00eatre moins satisfaisante.<\/p>\n<p>\u00a0<\/p>\n<h4><strong>Retirer le consentement<\/strong><\/h4>\n<p>L'utilisateur pourra retirer \u00e0 tout moment son consentement relatif \u00e0 la Politique relative aux Cookies, et pourra supprimer les cookies stock\u00e9s sur son \u00e9quipement via les param\u00e8tres et configurations de son navigateur Internet, indiqu\u00e9s ci-dessus, ainsi qu'en acc\u00e9dant \u00e0 notre panneau de configuration : <a href=\"https:\/\/rgmetalshaping.com\/fr\/#cmplz-cookies-overview\">Panneau de configuration<\/a><\/p>\n<p>La pr\u00e9sente Politique de Cookies pourra \u00eatre modifi\u00e9e lorsque la l\u00e9gislation en vigueur l'exigera \u00e0 tout moment ou lorsqu'il y aura une variation dans le type de cookies utilis\u00e9s sur le site web. Par cons\u00e9quent, nous vous recommandons de consulter cette politique chaque fois que vous acc\u00e9dez \u00e0 notre site web afin d'\u00eatre d\u00fbment inform\u00e9 de la mani\u00e8re et des raisons pour lesquelles nous utilisons les cookies.<\/p>\n\t\t\t\t\t\t\t\t<\/div>\n\t\t\t\t<\/div>\n\t\t\t\t\t<\/div>\n\t\t\t\t<\/div>\n\t\t<div class=\"elementor-element elementor-element-7dcc856 e-flex e-con-boxed e-con e-parent\" data-id=\"7dcc856\" data-element_type=\"container\" data-e-type=\"container\">\n\t\t\t\t\t<div class=\"e-con-inner\">\n\t\t\t\t<div class=\"elementor-element elementor-element-d2f1f94 elementor-widget elementor-widget-spacer\" data-id=\"d2f1f94\" data-element_type=\"widget\" data-e-type=\"widget\" data-widget_type=\"spacer.default\">\n\t\t\t\t<div class=\"elementor-widget-container\">\n\t\t\t\t\t\t\t<div class=\"elementor-spacer\">\n\t\t\t<div class=\"elementor-spacer-inner\"><\/div>\n\t\t<\/div>\n\t\t\t\t\t\t<\/div>\n\t\t\t\t<\/div>\n\t\t\t\t\t<\/div>\n\t\t\t\t<\/div>\n\t\t\t\t<\/div>","protected":false},"excerpt":{"rendered":"","protected":false},"author":1,"featured_media":0,"parent":0,"menu_order":0,"comment_status":"closed","ping_status":"open","template":"","meta":{"footnotes":""},"class_list":["post-572","page","type-page","status-publish","hentry"],"yoast_head":"<!-- This site is optimized with the Yoast SEO plugin v27.3 - https:\/\/yoast.com\/product\/yoast-seo-wordpress\/ -->\n<title>Pol\u00edtica de Cookies &#8226; R&amp;G Metal Shaping<\/title>\n<meta name=\"robots\" content=\"index, follow, max-snippet:-1, max-image-preview:large, max-video-preview:-1\" \/>\n<link rel=\"canonical\" href=\"https:\/\/rgmetalshaping.com\/fr\/politique-de-cookies\/\" \/>\n<meta property=\"og:locale\" content=\"fr_FR\" \/>\n<meta property=\"og:type\" content=\"article\" \/>\n<meta property=\"og:title\" content=\"Pol\u00edtica de Cookies &#8226; R&amp;G Metal Shaping\" \/>\n<meta property=\"og:url\" content=\"https:\/\/rgmetalshaping.com\/fr\/politique-de-cookies\/\" \/>\n<meta property=\"og:site_name\" content=\"R&amp;G Metal Shaping\" \/>\n<meta property=\"article:publisher\" content=\"https:\/\/www.facebook.com\/rgmetalshaping\" \/>\n<meta property=\"article:modified_time\" content=\"2026-04-10T07:41:30+00:00\" \/>\n<meta name=\"twitter:card\" content=\"summary_large_image\" \/>\n<script type=\"application\/ld+json\" class=\"yoast-schema-graph\">{\"@context\":\"https:\\\/\\\/schema.org\",\"@graph\":[{\"@type\":\"WebPage\",\"@id\":\"https:\\\/\\\/rgmetalshaping.com\\\/politica-de-cookies\\\/\",\"url\":\"https:\\\/\\\/rgmetalshaping.com\\\/politica-de-cookies\\\/\",\"name\":\"Pol\u00edtica de Cookies &#8226; R&amp;G Metal Shaping\",\"isPartOf\":{\"@id\":\"https:\\\/\\\/rgmetalshaping.com\\\/#website\"},\"datePublished\":\"2015-04-02T15:09:07+00:00\",\"dateModified\":\"2026-04-10T07:41:30+00:00\",\"breadcrumb\":{\"@id\":\"https:\\\/\\\/rgmetalshaping.com\\\/politica-de-cookies\\\/#breadcrumb\"},\"inLanguage\":\"fr-FR\",\"potentialAction\":[{\"@type\":\"ReadAction\",\"target\":[\"https:\\\/\\\/rgmetalshaping.com\\\/politica-de-cookies\\\/\"]}]},{\"@type\":\"BreadcrumbList\",\"@id\":\"https:\\\/\\\/rgmetalshaping.com\\\/politica-de-cookies\\\/#breadcrumb\",\"itemListElement\":[{\"@type\":\"ListItem\",\"position\":1,\"name\":\"Inici\",\"item\":\"https:\\\/\\\/rgmetalshaping.com\\\/\"},{\"@type\":\"ListItem\",\"position\":2,\"name\":\"Pol\u00edtica de Cookies\"}]},{\"@type\":\"WebSite\",\"@id\":\"https:\\\/\\\/rgmetalshaping.com\\\/#website\",\"url\":\"https:\\\/\\\/rgmetalshaping.com\\\/\",\"name\":\"R&G Metal Shaping\",\"description\":\"Planchisteria industrial de precisi\u00f3n\",\"publisher\":{\"@id\":\"https:\\\/\\\/rgmetalshaping.com\\\/#organization\"},\"alternateName\":\"RG Metal Shaping\",\"potentialAction\":[{\"@type\":\"SearchAction\",\"target\":{\"@type\":\"EntryPoint\",\"urlTemplate\":\"https:\\\/\\\/rgmetalshaping.com\\\/?s={search_term_string}\"},\"query-input\":{\"@type\":\"PropertyValueSpecification\",\"valueRequired\":true,\"valueName\":\"search_term_string\"}}],\"inLanguage\":\"fr-FR\"},{\"@type\":\"Organization\",\"@id\":\"https:\\\/\\\/rgmetalshaping.com\\\/#organization\",\"name\":\"R&G Metal Shaping\",\"alternateName\":\"R&G Metal Shaping\",\"url\":\"https:\\\/\\\/rgmetalshaping.com\\\/\",\"logo\":{\"@type\":\"ImageObject\",\"inLanguage\":\"fr-FR\",\"@id\":\"https:\\\/\\\/rgmetalshaping.com\\\/#\\\/schema\\\/logo\\\/image\\\/\",\"url\":\"https:\\\/\\\/rgmetalshaping.com\\\/wp-content\\\/uploads\\\/2023\\\/01\\\/RG-Logo-Dark.svg\",\"contentUrl\":\"https:\\\/\\\/rgmetalshaping.com\\\/wp-content\\\/uploads\\\/2023\\\/01\\\/RG-Logo-Dark.svg\",\"width\":101,\"height\":54,\"caption\":\"R&G Metal Shaping\"},\"image\":{\"@id\":\"https:\\\/\\\/rgmetalshaping.com\\\/#\\\/schema\\\/logo\\\/image\\\/\"},\"sameAs\":[\"https:\\\/\\\/www.facebook.com\\\/rgmetalshaping\",\"https:\\\/\\\/www.linkedin.com\\\/company\\\/r&g-metal-shaping-sl\\\/\",\"https:\\\/\\\/www.instagram.com\\\/rgmetalshaping\\\/\"]}]}<\/script>\n<!-- \/ Yoast SEO plugin. -->","yoast_head_json":{"title":"Politique en mati\u00e8re de cookies - R&amp;G Metal Shaping","robots":{"index":"index","follow":"follow","max-snippet":"max-snippet:-1","max-image-preview":"max-image-preview:large","max-video-preview":"max-video-preview:-1"},"canonical":"https:\/\/rgmetalshaping.com\/fr\/politique-de-cookies\/","og_locale":"fr_FR","og_type":"article","og_title":"Pol\u00edtica de Cookies &#8226; R&amp;G Metal Shaping","og_url":"https:\/\/rgmetalshaping.com\/fr\/politique-de-cookies\/","og_site_name":"R&amp;G Metal Shaping","article_publisher":"https:\/\/www.facebook.com\/rgmetalshaping","article_modified_time":"2026-04-10T07:41:30+00:00","twitter_card":"summary_large_image","schema":{"@context":"https:\/\/schema.org","@graph":[{"@type":"WebPage","@id":"https:\/\/rgmetalshaping.com\/politica-de-cookies\/","url":"https:\/\/rgmetalshaping.com\/politica-de-cookies\/","name":"Politique en mati\u00e8re de cookies - R&amp;G Metal Shaping","isPartOf":{"@id":"https:\/\/rgmetalshaping.com\/#website"},"datePublished":"2015-04-02T15:09:07+00:00","dateModified":"2026-04-10T07:41:30+00:00","breadcrumb":{"@id":"https:\/\/rgmetalshaping.com\/politica-de-cookies\/#breadcrumb"},"inLanguage":"fr-FR","potentialAction":[{"@type":"ReadAction","target":["https:\/\/rgmetalshaping.com\/politica-de-cookies\/"]}]},{"@type":"BreadcrumbList","@id":"https:\/\/rgmetalshaping.com\/politica-de-cookies\/#breadcrumb","itemListElement":[{"@type":"ListItem","position":1,"name":"Inici","item":"https:\/\/rgmetalshaping.com\/"},{"@type":"ListItem","position":2,"name":"Pol\u00edtica de Cookies"}]},{"@type":"WebSite","@id":"https:\/\/rgmetalshaping.com\/#website","url":"https:\/\/rgmetalshaping.com\/","name":"R&amp;G Metal Shaping","description":"Ferronnerie industrielle de pr\u00e9cision","publisher":{"@id":"https:\/\/rgmetalshaping.com\/#organization"},"alternateName":"RG Metal Shaping","potentialAction":[{"@type":"SearchAction","target":{"@type":"EntryPoint","urlTemplate":"https:\/\/rgmetalshaping.com\/?s={search_term_string}"},"query-input":{"@type":"PropertyValueSpecification","valueRequired":true,"valueName":"search_term_string"}}],"inLanguage":"fr-FR"},{"@type":"Organization","@id":"https:\/\/rgmetalshaping.com\/#organization","name":"R&amp;G Metal Shaping","alternateName":"R&G Metal Shaping","url":"https:\/\/rgmetalshaping.com\/","logo":{"@type":"ImageObject","inLanguage":"fr-FR","@id":"https:\/\/rgmetalshaping.com\/#\/schema\/logo\/image\/","url":"https:\/\/rgmetalshaping.com\/wp-content\/uploads\/2023\/01\/RG-Logo-Dark.svg","contentUrl":"https:\/\/rgmetalshaping.com\/wp-content\/uploads\/2023\/01\/RG-Logo-Dark.svg","width":101,"height":54,"caption":"R&G Metal Shaping"},"image":{"@id":"https:\/\/rgmetalshaping.com\/#\/schema\/logo\/image\/"},"sameAs":["https:\/\/www.facebook.com\/rgmetalshaping","https:\/\/www.linkedin.com\/company\/r&g-metal-shaping-sl\/","https:\/\/www.instagram.com\/rgmetalshaping\/"]}]}},"_links":{"self":[{"href":"https:\/\/rgmetalshaping.com\/fr\/wp-json\/wp\/v2\/pages\/572","targetHints":{"allow":["GET"]}}],"collection":[{"href":"https:\/\/rgmetalshaping.com\/fr\/wp-json\/wp\/v2\/pages"}],"about":[{"href":"https:\/\/rgmetalshaping.com\/fr\/wp-json\/wp\/v2\/types\/page"}],"author":[{"embeddable":true,"href":"https:\/\/rgmetalshaping.com\/fr\/wp-json\/wp\/v2\/users\/1"}],"replies":[{"embeddable":true,"href":"https:\/\/rgmetalshaping.com\/fr\/wp-json\/wp\/v2\/comments?post=572"}],"version-history":[{"count":23,"href":"https:\/\/rgmetalshaping.com\/fr\/wp-json\/wp\/v2\/pages\/572\/revisions"}],"predecessor-version":[{"id":9169,"href":"https:\/\/rgmetalshaping.com\/fr\/wp-json\/wp\/v2\/pages\/572\/revisions\/9169"}],"wp:attachment":[{"href":"https:\/\/rgmetalshaping.com\/fr\/wp-json\/wp\/v2\/media?parent=572"}],"curies":[{"name":"wp","href":"https:\/\/api.w.org\/{rel}","templated":true}]}}