{"id":7748,"date":"2024-02-14T10:55:40","date_gmt":"2024-02-14T10:55:40","guid":{"rendered":"https:\/\/rgmetalshaping.com\/?page_id=7748"},"modified":"2024-02-15T07:43:08","modified_gmt":"2024-02-15T07:43:08","slug":"canal-ethique","status":"publish","type":"page","link":"https:\/\/rgmetalshaping.com\/fr\/canal-etico\/","title":{"rendered":"Fili\u00e8re \u00e9thique"},"content":{"rendered":"<div style=\"height:47px\" aria-hidden=\"true\" class=\"wp-block-spacer\"><\/div>\n\n\n\n<p><strong>I.- SYSTEME D'INFORMATION INTERNE<\/strong><\/p>\n\n\n\n<p>En vertu de la loi 2\/2023 du 20 f\u00e9vrier relative \u00e0 la protection des personnes qui signalent des violations de la r\u00e9glementation et \u00e0 la lutte contre la corruption (ci-apr\u00e8s d\u00e9nomm\u00e9e \"loi 2\/2023\"), <strong>R&amp;G FA\u00c7ONNAGE DE M\u00c9TAUX, SL<\/strong>(ci-apr\u00e8s \"R&amp;G METAL SHAPING\" ou \"la soci\u00e9t\u00e9\") d\u00e9clare par la pr\u00e9sente qu'elle dispose d'un syst\u00e8me d'information interne et qu'elle est responsable du traitement des donn\u00e9es \u00e0 caract\u00e8re personnel conform\u00e9ment aux dispositions de la l\u00e9gislation en vigueur dans ce domaine.<\/p>\n\n\n\n<p>Afin de renforcer la culture de l'information et les infrastructures d'int\u00e9grit\u00e9 de R&amp;G METAL SHAPING, et de promouvoir la culture de la communication en tant que m\u00e9canisme de pr\u00e9vention des activit\u00e9s ou des omissions susceptibles de constituer des infractions dans le domaine du droit de l'Union europ\u00e9enne, l'entreprise dispose d'un responsable de la conformit\u00e9 p\u00e9nale (CCO), qui est \u00e9galement responsable des infractions professionnelles en mati\u00e8re de sant\u00e9 et de s\u00e9curit\u00e9 au travail, des infractions p\u00e9nales ou administratives graves ou tr\u00e8s graves, ainsi que des infractions professionnelles dans le domaine de la sant\u00e9 et de la s\u00e9curit\u00e9 au travail, R&amp;G METAL SHAPING dispose d'une personne charg\u00e9e de la conformit\u00e9 p\u00e9nale (CCO), qui est \u00e9galement responsable du syst\u00e8me d'information interne (SII) de l'entreprise (ci-apr\u00e8s, la personne \"CCO\/SII\"). \u00c0 cette fin, R&amp;G METAL SHAPING a nomm\u00e9 la personne qui occupe le poste de responsable de la qualit\u00e9 de l'entreprise.<\/p>\n\n\n\n<p>Les infractions relatives aux domaines d\u00e9crits dans le paragraphe pr\u00e9c\u00e9dent peuvent \u00eatre signal\u00e9es au PCR\/RSII par l'un des moyens suivants du canal d'\u00e9thique (canal de signalement interne) :<\/p>\n\n\n\n<figure class=\"wp-block-table\"><table><tbody><tr><td>- Par courrier \u00e9lectronique \u00e0 l'adresse suivante : <a href=\"mailto:canaletic@rgmetalshaping.com\">canaletic@rgmetalshaping.com<\/a><br><br>- Par courrier ordinaire \u00e0 l'adresse de la soci\u00e9t\u00e9 : Pol. Ind. Malloles, C. Esquirol, 4, 08500 Vic \uf02da \u00e0 l'attention de la personne RCP\/RSII-.<br><br>- Par \u00e9crit \u00e0 la personne responsable du RCP\/RSII.<\/td><\/tr><\/tbody><\/table><\/figure>\n\n\n\n<p>Les d\u00e9clarants peuvent \u00e9galement demander une visite en personne avec le PCR\/la personne charg\u00e9e de l'enqu\u00eate dans un d\u00e9lai maximum de sept jours.<\/p>\n\n\n\n<p>Les informations communiqu\u00e9es verbalement lors d'une r\u00e9union en face \u00e0 face avec le PCR\/la personne charg\u00e9e du rapport doivent \u00eatre document\u00e9es de l'une des mani\u00e8res suivantes, sous r\u00e9serve de l'accord de la personne charg\u00e9e du rapport :<\/p>\n\n\n\n<p>a) par un enregistrement de la conversation dans un format s\u00e9curis\u00e9, durable et accessible.<\/p>\n\n\n\n<p><em>Dans ce cas, la personne d\u00e9clarante sera avertie que la communication sera enregistr\u00e9e et sera inform\u00e9e du traitement de ses donn\u00e9es conform\u00e9ment aux dispositions du r\u00e8glement (UE) 2016\/679 du Parlement europ\u00e9en et du Conseil du 27 avril 2016 (r\u00e8glement g\u00e9n\u00e9ral sur la protection des donn\u00e9es ou RGPD).<\/em><\/p>\n\n\n\n<p>b) par le biais d'une transcription compl\u00e8te et pr\u00e9cise de la conversation faite par la personne du PCR\/SII.<\/p>\n\n\n\n<p><em>Sans pr\u00e9judice des droits que lui conf\u00e8re la r\u00e9glementation en mati\u00e8re de protection des donn\u00e9es, la personne concern\u00e9e a la possibilit\u00e9 de v\u00e9rifier, de rectifier et d'approuver la transcription de la conversation en la signant.<\/em><\/p>\n\n\n\n<p>Le syst\u00e8me d'information interne de R&amp;G METAL SHAPING est conforme aux exigences de l'article 5.2 de la loi 2\/2023, \u00e0 savoir<\/p>\n\n\n\n<p>a) Permet aux personnes auxquelles s'applique la loi 2\/2023 de communiquer, par divers moyens, des informations sur les infractions pr\u00e9vues \u00e0 l'article 2 de la loi.<\/p>\n\n\n\n<p>b) - Elle est g\u00e9r\u00e9e de mani\u00e8re s\u00e9curis\u00e9e, en garantissant le traitement efficace des communications au sein de l'entreprise, ainsi que la confidentialit\u00e9 de l'identit\u00e9 de l'informateur et de tout tiers mentionn\u00e9 dans la communication et des actions men\u00e9es dans le cadre de la gestion et du traitement de la communication, ainsi que la protection des donn\u00e9es, en emp\u00eachant l'acc\u00e8s par du personnel non autoris\u00e9.<\/p>\n\n\n\n<p>c) Elle dispose d'un protocole pour le syst\u00e8me d'information interne, pour l'utilisation du canal d'\u00e9thique et pour les actions du responsable de la conformit\u00e9 p\u00e9nale et du syst\u00e8me d'information interne, qui \u00e9tablit des garanties pour la protection des informateurs, essentiellement :<\/p>\n\n\n\n<ul class=\"wp-block-list\">\n<li>Preuve de r\u00e9ception dans les sept jours calendaires suivant la r\u00e9ception de l'information.<\/li>\n\n\n\n<li>D\u00e9lai ordinaire maximum de trois mois pour r\u00e9pondre aux proc\u00e9dures de l'enqu\u00eate, conform\u00e9ment aux termes de l'article 9 de la loi, en remplissant et en conservant avec diligence un registre d'information.<\/li>\n\n\n\n<li>Possibilit\u00e9 de maintenir la communication avec l'informateur.<\/li>\n\n\n\n<li>Instauration du droit de la personne concern\u00e9e d&#039;\u00eatre inform\u00e9e des actions ou omissions qui lui sont imput\u00e9es et d&#039;\u00eatre entendue.<\/li>\n\n\n\n<li>Garantie de confidentialit\u00e9 lorsque la communication est envoy\u00e9e par des voies hi\u00e9rarchiques non \u00e9tablies ou au personnel non responsable de son traitement, ainsi que l'obligation pour la personne qui la re\u00e7oit de la transmettre imm\u00e9diatement \u00e0 la personne du PCR\/RSII.<\/li>\n\n\n\n<li>Respect de la pr\u00e9somption d'innocence et de l'honneur des personnes concern\u00e9es.<\/li>\n\n\n\n<li>Respect des dispositions relatives \u00e0 la protection des donn\u00e9es (titre VI de la loi 2\/2023).<\/li>\n\n\n\n<li>Engagement \u00e0 transmettre imm\u00e9diatement l'information au minist\u00e8re public, lorsque les faits peuvent \u00eatre r\u00e9v\u00e9lateurs d'un d\u00e9lit.<\/li>\n<\/ul>\n\n\n\n<div style=\"height:24px\" aria-hidden=\"true\" class=\"wp-block-spacer\"><\/div>\n\n\n\n<p><strong>II.- TRAITEMENT DES DONN\u00c9ES PERSONNELLES<\/strong><\/p>\n\n\n\n<p>R&amp;G METAL SHAPING traitera les donn\u00e9es personnelles incluses dans les communications re\u00e7ues et vis\u00e9es par la loi 2\/2023, en tant que responsable du traitement, afin de pouvoir les g\u00e9rer et engager, le cas \u00e9ch\u00e9ant, la proc\u00e9dure d'enqu\u00eate correspondante et adopter les mesures correctives appropri\u00e9es.<\/p>\n\n\n\n<p>La base juridique du traitement est le respect des obligations impos\u00e9es par la loi 2\/2023. Si la communication contient des donn\u00e9es de nature particuli\u00e8re, celles-ci ne seront trait\u00e9es que si cela est strictement n\u00e9cessaire \u00e0 l'adoption de mesures correctives et\/ou \u00e0 l'ouverture de la proc\u00e9dure d'enqu\u00eate correspondante et\/ou au d\u00e9roulement de la proc\u00e9dure de sanction ou de la proc\u00e9dure p\u00e9nale, selon le cas, conform\u00e9ment \u00e0 la l\u00e9gislation en vigueur, et, dans ces cas, la base juridique sera l'int\u00e9r\u00eat public essentiel. Le traitement des donn\u00e9es personnelles sera essentiel, dans la mesure o\u00f9 les objectifs et les obligations pr\u00e9vus par la loi 2\/2023 ne peuvent \u00eatre remplis sans elles.<\/p>\n\n\n\n<p>Nous vous informons \u00e9galement que ces donn\u00e9es personnelles peuvent \u00eatre trait\u00e9es par du personnel autoris\u00e9 uniquement lorsque cela est n\u00e9cessaire \u00e0 la recherche de violations du r\u00e8glement int\u00e9rieur de l'entreprise, d'infractions au droit de l'Union europ\u00e9enne, d'infractions p\u00e9nales ou administratives graves ou tr\u00e8s graves, ainsi que d'infractions en mati\u00e8re de sant\u00e9 et de s\u00e9curit\u00e9 au travail, \u00e0 l'adoption de mesures correctives ou au traitement des proc\u00e9dures disciplinaires ou p\u00e9nales qui, le cas \u00e9ch\u00e9ant, peuvent \u00eatre applicables. De m\u00eame, les donn\u00e9es personnelles peuvent \u00eatre communiqu\u00e9es \u00e0 des tiers en cas d'obligation l\u00e9gale, et peuvent \u00eatre communiqu\u00e9es \u00e0 l'autorit\u00e9 judiciaire, au minist\u00e8re public ou aux autorit\u00e9s administratives comp\u00e9tentes dans le cadre d'une telle enqu\u00eate.<\/p>\n\n\n\n<p>Les donn\u00e9es \u00e0 caract\u00e8re personnel sont conserv\u00e9es pendant la dur\u00e9e n\u00e9cessaire pour d\u00e9cider s'il y a lieu d'ouvrir une enqu\u00eate sur les faits signal\u00e9s. S'il y a lieu de prendre des mesures correctives, les donn\u00e9es sont conserv\u00e9es pendant la dur\u00e9e de la mise en \u0153uvre de ces mesures. En outre, s'il est n\u00e9cessaire d'engager une proc\u00e9dure disciplinaire ou p\u00e9nale, les donn\u00e9es sont conserv\u00e9es pendant la dur\u00e9e de la proc\u00e9dure disciplinaire ou p\u00e9nale.<\/p>\n\n\n\n<p>En tout \u00e9tat de cause, si la d\u00e9cision sur l'opportunit\u00e9 d'ouvrir une enqu\u00eate sur les faits signal\u00e9s n'est pas prise dans les trois mois, les donn\u00e9es personnelles contenues dans la communication seront supprim\u00e9es, \u00e0 l'exception des donn\u00e9es qu'il est strictement n\u00e9cessaire de conserver bloqu\u00e9es dans le but de maintenir la preuve du fonctionnement du syst\u00e8me d'information interne de l'entreprise, conform\u00e9ment \u00e0 la loi 2\/2023.<\/p>\n\n\n\n<p>Toute donn\u00e9e personnelle r\u00e9v\u00e9lant un comportement qui n'entre pas dans le champ d'application de la loi 2\/2023 sera \u00e9galement supprim\u00e9e, de m\u00eame que toute donn\u00e9e personnelle qui n'est pas consid\u00e9r\u00e9e comme v\u00e9ridique, sauf si cette v\u00e9ridicit\u00e9 peut constituer un d\u00e9lit p\u00e9nal, auquel cas l'information sera conserv\u00e9e pendant la dur\u00e9e n\u00e9cessaire \u00e0 la mise en \u0153uvre de la proc\u00e9dure judiciaire correspondante.<\/p>\n\n\n\n<p>Enfin, il est pr\u00e9cis\u00e9 qu'\u00e0 tout moment, la personne communicante peut demander au responsable du traitement l'acc\u00e8s \u00e0 ses donn\u00e9es personnelles, leur rectification ou leur suppression, la limitation de leur traitement, ou s'y opposer, ainsi que le droit \u00e0 la portabilit\u00e9 des donn\u00e9es, en envoyant une lettre \u00e0 l'adresse \u00e9lectronique info@rgmetalshaping.com. En cas de d\u00e9saccord avec le traitement de vos donn\u00e9es, vous pouvez introduire une r\u00e9clamation aupr\u00e8s de l'Agence espagnole de protection des donn\u00e9es, l'organisme qui d\u00e9tient l'autorit\u00e9 de contr\u00f4le en la mati\u00e8re, situ\u00e9 \u00e0 C\/ Jorge Juan, 6 (28001) Madrid (<a href=\"http:\/\/www.aepd.es\/\">www.aepd.es<\/a>).<\/p>\n\n\n\n<div style=\"height:24px\" aria-hidden=\"true\" class=\"wp-block-spacer\"><\/div>\n\n\n\n<p><strong>III.- NON-RESPONSABILIT\u00c9S<\/strong><\/p>\n\n\n\n<p>R&amp;G METAL SHAPING s'engage express\u00e9ment \u00e0 ne pas effectuer d'actes constituant des repr\u00e9sailles, y compris des menaces ou des tentatives de repr\u00e9sailles, \u00e0 l'encontre des personnes qui soumettent une communication conform\u00e9ment aux dispositions de la loi 2\/2023, et \u00e0 mettre en \u0153uvre des mesures de protection lors du traitement d'un dossier, \u00e0 l'\u00e9gard des personnes concern\u00e9es par une \u00e9ventuelle communication.<\/p>\n\n\n\n<div style=\"height:24px\" aria-hidden=\"true\" class=\"wp-block-spacer\"><\/div>\n\n\n\n<p><strong>IV - EXEMPTION ET ATT\u00c9NUATION DE LA SANCTION<\/strong><\/p>\n\n\n\n<p>Conform\u00e9ment aux dispositions de la loi 2\/2023, lorsqu'une personne ayant particip\u00e9 \u00e0 la commission de l'infraction administrative faisant l'objet de l'information est celle qui en signale l'existence en soumettant l'information, et \u00e0 condition que l'information ait \u00e9t\u00e9 soumise avant la notification de l'ouverture de la proc\u00e9dure d'enqu\u00eate ou de sanction, l'organe administratif comp\u00e9tent pour r\u00e9soudre la proc\u00e9dure, par le biais d'une d\u00e9cision motiv\u00e9e, peut l'exempter du respect de la sanction administrative correspondante, \u00e0 condition que les points mentionn\u00e9s \u00e0 l'article 40 de la loi 2\/2023 soient accr\u00e9dit\u00e9s.<\/p>\n\n\n\n<hr class=\"wp-block-separator has-alpha-channel-opacity\"\/>\n\n\n\n<p><em>(*) Le canal de signalement interne permet des soumissions anonymes.<\/em><\/p>\n\n\n\n<p> (**) Bien que l'utilisation du canal interne soit privil\u00e9gi\u00e9e dans la mesure du possible, en fonction des circonstances et de la gravit\u00e9 de l'information, les communications peuvent \u00e9galement \u00eatre envoy\u00e9es, le cas \u00e9ch\u00e9ant, \u00e0 l'Autorit\u00e9 ind\u00e9pendante de protection des d\u00e9nonciateurs (dans la Communaut\u00e9 autonome de Catalogne, \u00e0 l'Office de lutte antifraude de Catalogne), ou aux autorit\u00e9s ou organes r\u00e9gionaux correspondants, au minist\u00e8re public, au minist\u00e8re public europ\u00e9en ou \u00e0 l'autorit\u00e9 comp\u00e9tente, selon le cas.<\/p>\n\n\n\n<p><\/p>\n\n\n\n<div style=\"height:78px\" aria-hidden=\"true\" class=\"wp-block-spacer\"><\/div>\n\n\n\n<p><\/p>","protected":false},"excerpt":{"rendered":"<p>I.- SISTEMA INTERNO DE INFORMACI\u00d3N En cumplimiento de la Ley 2\/2023, de 20 de febrero, reguladora de la protecci\u00f3n de las personas que informen sobre infracciones normativas y de lucha contra la corrupci\u00f3n (en adelante, la \u201cLey 2\/2023\u201d), R&amp;G METAL SHAPING, S.L.(en adelante, \u201cR&amp;G METAL SHAPING\u201d o \u201cla empresa\u201d) hace constar que cuenta con un [&hellip;]<\/p>\n","protected":false},"author":4,"featured_media":0,"parent":0,"menu_order":0,"comment_status":"closed","ping_status":"closed","template":"","meta":{"footnotes":""},"class_list":["post-7748","page","type-page","status-publish","hentry"],"yoast_head":"<!-- This site is optimized with the Yoast SEO plugin v27.3 - https:\/\/yoast.com\/product\/yoast-seo-wordpress\/ -->\n<title>Canal \u00e9tico &#8226; R&amp;G Metal Shaping<\/title>\n<meta name=\"robots\" content=\"index, follow, max-snippet:-1, max-image-preview:large, max-video-preview:-1\" \/>\n<link rel=\"canonical\" href=\"https:\/\/rgmetalshaping.com\/fr\/canal-ethique\/\" \/>\n<meta property=\"og:locale\" content=\"fr_FR\" \/>\n<meta property=\"og:type\" content=\"article\" \/>\n<meta property=\"og:title\" content=\"Canal \u00e9tico &#8226; R&amp;G Metal Shaping\" \/>\n<meta property=\"og:description\" content=\"I.- SISTEMA INTERNO DE INFORMACI\u00d3N En cumplimiento de la Ley 2\/2023, de 20 de febrero, reguladora de la protecci\u00f3n de las personas que informen sobre infracciones normativas y de lucha contra la corrupci\u00f3n (en adelante, la \u201cLey 2\/2023\u201d), R&amp;G METAL SHAPING, S.L.(en adelante, \u201cR&amp;G METAL SHAPING\u201d o \u201cla empresa\u201d) hace constar que cuenta con un [&hellip;]\" \/>\n<meta property=\"og:url\" content=\"https:\/\/rgmetalshaping.com\/fr\/canal-ethique\/\" \/>\n<meta property=\"og:site_name\" content=\"R&amp;G Metal Shaping\" \/>\n<meta property=\"article:publisher\" content=\"https:\/\/www.facebook.com\/rgmetalshaping\" \/>\n<meta property=\"article:modified_time\" content=\"2024-02-15T07:43:08+00:00\" \/>\n<meta name=\"twitter:card\" content=\"summary_large_image\" \/>\n<script type=\"application\/ld+json\" class=\"yoast-schema-graph\">{\"@context\":\"https:\\\/\\\/schema.org\",\"@graph\":[{\"@type\":\"WebPage\",\"@id\":\"https:\\\/\\\/rgmetalshaping.com\\\/canal-etico\\\/\",\"url\":\"https:\\\/\\\/rgmetalshaping.com\\\/canal-etico\\\/\",\"name\":\"Canal \u00e9tico &#8226; R&amp;G Metal Shaping\",\"isPartOf\":{\"@id\":\"https:\\\/\\\/rgmetalshaping.com\\\/#website\"},\"datePublished\":\"2024-02-14T10:55:40+00:00\",\"dateModified\":\"2024-02-15T07:43:08+00:00\",\"breadcrumb\":{\"@id\":\"https:\\\/\\\/rgmetalshaping.com\\\/canal-etico\\\/#breadcrumb\"},\"inLanguage\":\"fr-FR\",\"potentialAction\":[{\"@type\":\"ReadAction\",\"target\":[\"https:\\\/\\\/rgmetalshaping.com\\\/canal-etico\\\/\"]}]},{\"@type\":\"BreadcrumbList\",\"@id\":\"https:\\\/\\\/rgmetalshaping.com\\\/canal-etico\\\/#breadcrumb\",\"itemListElement\":[{\"@type\":\"ListItem\",\"position\":1,\"name\":\"Inici\",\"item\":\"https:\\\/\\\/rgmetalshaping.com\\\/\"},{\"@type\":\"ListItem\",\"position\":2,\"name\":\"Canal \u00e9tico\"}]},{\"@type\":\"WebSite\",\"@id\":\"https:\\\/\\\/rgmetalshaping.com\\\/#website\",\"url\":\"https:\\\/\\\/rgmetalshaping.com\\\/\",\"name\":\"R&G Metal Shaping\",\"description\":\"Planchisteria industrial de precisi\u00f3n\",\"publisher\":{\"@id\":\"https:\\\/\\\/rgmetalshaping.com\\\/#organization\"},\"alternateName\":\"RG Metal Shaping\",\"potentialAction\":[{\"@type\":\"SearchAction\",\"target\":{\"@type\":\"EntryPoint\",\"urlTemplate\":\"https:\\\/\\\/rgmetalshaping.com\\\/?s={search_term_string}\"},\"query-input\":{\"@type\":\"PropertyValueSpecification\",\"valueRequired\":true,\"valueName\":\"search_term_string\"}}],\"inLanguage\":\"fr-FR\"},{\"@type\":\"Organization\",\"@id\":\"https:\\\/\\\/rgmetalshaping.com\\\/#organization\",\"name\":\"R&G Metal Shaping\",\"alternateName\":\"R&G Metal Shaping\",\"url\":\"https:\\\/\\\/rgmetalshaping.com\\\/\",\"logo\":{\"@type\":\"ImageObject\",\"inLanguage\":\"fr-FR\",\"@id\":\"https:\\\/\\\/rgmetalshaping.com\\\/#\\\/schema\\\/logo\\\/image\\\/\",\"url\":\"https:\\\/\\\/rgmetalshaping.com\\\/wp-content\\\/uploads\\\/2023\\\/01\\\/RG-Logo-Dark.svg\",\"contentUrl\":\"https:\\\/\\\/rgmetalshaping.com\\\/wp-content\\\/uploads\\\/2023\\\/01\\\/RG-Logo-Dark.svg\",\"width\":101,\"height\":54,\"caption\":\"R&G Metal Shaping\"},\"image\":{\"@id\":\"https:\\\/\\\/rgmetalshaping.com\\\/#\\\/schema\\\/logo\\\/image\\\/\"},\"sameAs\":[\"https:\\\/\\\/www.facebook.com\\\/rgmetalshaping\",\"https:\\\/\\\/www.linkedin.com\\\/company\\\/r&g-metal-shaping-sl\\\/\",\"https:\\\/\\\/www.instagram.com\\\/rgmetalshaping\\\/\"]}]}<\/script>\n<!-- \/ Yoast SEO plugin. -->","yoast_head_json":{"title":"Canal \u00e9thique - R&amp;G Metal Shaping","robots":{"index":"index","follow":"follow","max-snippet":"max-snippet:-1","max-image-preview":"max-image-preview:large","max-video-preview":"max-video-preview:-1"},"canonical":"https:\/\/rgmetalshaping.com\/fr\/canal-ethique\/","og_locale":"fr_FR","og_type":"article","og_title":"Canal \u00e9tico &#8226; R&amp;G Metal Shaping","og_description":"I.- SISTEMA INTERNO DE INFORMACI\u00d3N En cumplimiento de la Ley 2\/2023, de 20 de febrero, reguladora de la protecci\u00f3n de las personas que informen sobre infracciones normativas y de lucha contra la corrupci\u00f3n (en adelante, la \u201cLey 2\/2023\u201d), R&amp;G METAL SHAPING, S.L.(en adelante, \u201cR&amp;G METAL SHAPING\u201d o \u201cla empresa\u201d) hace constar que cuenta con un [&hellip;]","og_url":"https:\/\/rgmetalshaping.com\/fr\/canal-ethique\/","og_site_name":"R&amp;G Metal Shaping","article_publisher":"https:\/\/www.facebook.com\/rgmetalshaping","article_modified_time":"2024-02-15T07:43:08+00:00","twitter_card":"summary_large_image","schema":{"@context":"https:\/\/schema.org","@graph":[{"@type":"WebPage","@id":"https:\/\/rgmetalshaping.com\/canal-etico\/","url":"https:\/\/rgmetalshaping.com\/canal-etico\/","name":"Canal \u00e9thique - R&amp;G Metal Shaping","isPartOf":{"@id":"https:\/\/rgmetalshaping.com\/#website"},"datePublished":"2024-02-14T10:55:40+00:00","dateModified":"2024-02-15T07:43:08+00:00","breadcrumb":{"@id":"https:\/\/rgmetalshaping.com\/canal-etico\/#breadcrumb"},"inLanguage":"fr-FR","potentialAction":[{"@type":"ReadAction","target":["https:\/\/rgmetalshaping.com\/canal-etico\/"]}]},{"@type":"BreadcrumbList","@id":"https:\/\/rgmetalshaping.com\/canal-etico\/#breadcrumb","itemListElement":[{"@type":"ListItem","position":1,"name":"Inici","item":"https:\/\/rgmetalshaping.com\/"},{"@type":"ListItem","position":2,"name":"Canal \u00e9tico"}]},{"@type":"WebSite","@id":"https:\/\/rgmetalshaping.com\/#website","url":"https:\/\/rgmetalshaping.com\/","name":"R&amp;G Metal Shaping","description":"Ferronnerie industrielle de pr\u00e9cision","publisher":{"@id":"https:\/\/rgmetalshaping.com\/#organization"},"alternateName":"RG Metal Shaping","potentialAction":[{"@type":"SearchAction","target":{"@type":"EntryPoint","urlTemplate":"https:\/\/rgmetalshaping.com\/?s={search_term_string}"},"query-input":{"@type":"PropertyValueSpecification","valueRequired":true,"valueName":"search_term_string"}}],"inLanguage":"fr-FR"},{"@type":"Organization","@id":"https:\/\/rgmetalshaping.com\/#organization","name":"R&amp;G Metal Shaping","alternateName":"R&G Metal Shaping","url":"https:\/\/rgmetalshaping.com\/","logo":{"@type":"ImageObject","inLanguage":"fr-FR","@id":"https:\/\/rgmetalshaping.com\/#\/schema\/logo\/image\/","url":"https:\/\/rgmetalshaping.com\/wp-content\/uploads\/2023\/01\/RG-Logo-Dark.svg","contentUrl":"https:\/\/rgmetalshaping.com\/wp-content\/uploads\/2023\/01\/RG-Logo-Dark.svg","width":101,"height":54,"caption":"R&G Metal Shaping"},"image":{"@id":"https:\/\/rgmetalshaping.com\/#\/schema\/logo\/image\/"},"sameAs":["https:\/\/www.facebook.com\/rgmetalshaping","https:\/\/www.linkedin.com\/company\/r&g-metal-shaping-sl\/","https:\/\/www.instagram.com\/rgmetalshaping\/"]}]}},"_links":{"self":[{"href":"https:\/\/rgmetalshaping.com\/fr\/wp-json\/wp\/v2\/pages\/7748","targetHints":{"allow":["GET"]}}],"collection":[{"href":"https:\/\/rgmetalshaping.com\/fr\/wp-json\/wp\/v2\/pages"}],"about":[{"href":"https:\/\/rgmetalshaping.com\/fr\/wp-json\/wp\/v2\/types\/page"}],"author":[{"embeddable":true,"href":"https:\/\/rgmetalshaping.com\/fr\/wp-json\/wp\/v2\/users\/4"}],"replies":[{"embeddable":true,"href":"https:\/\/rgmetalshaping.com\/fr\/wp-json\/wp\/v2\/comments?post=7748"}],"version-history":[{"count":4,"href":"https:\/\/rgmetalshaping.com\/fr\/wp-json\/wp\/v2\/pages\/7748\/revisions"}],"predecessor-version":[{"id":7760,"href":"https:\/\/rgmetalshaping.com\/fr\/wp-json\/wp\/v2\/pages\/7748\/revisions\/7760"}],"wp:attachment":[{"href":"https:\/\/rgmetalshaping.com\/fr\/wp-json\/wp\/v2\/media?parent=7748"}],"curies":[{"name":"wp","href":"https:\/\/api.w.org\/{rel}","templated":true}]}}