{"id":8879,"date":"2025-04-24T08:08:35","date_gmt":"2025-04-24T08:08:35","guid":{"rendered":"https:\/\/rgmetalshaping.com\/terms-and-conditions\/"},"modified":"2025-04-24T08:08:35","modified_gmt":"2025-04-24T08:08:35","slug":"terms-and-conditions","status":"publish","type":"page","link":"https:\/\/rgmetalshaping.com\/fr\/terms-and-conditions\/","title":{"rendered":"Conditions g\u00e9n\u00e9rales d'utilisation"},"content":{"rendered":"<!-- This legal document was generated by Complianz Terms &amp; Conditions https:\/\/wordpress.org\/plugins\/complianz-terms-conditions -->\n<div id=\"cmplz-document\" class=\"cmplz-document cmplz-terms-conditions\"><p><i>Les conditions g\u00e9n\u00e9rales ont \u00e9t\u00e9 mises \u00e0 jour pour la derni\u00e8re fois le 27 mai 2025.<\/i><\/p><h2>1. introduction<\/h2><p>Les pr\u00e9sentes conditions g\u00e9n\u00e9rales s'appliquent \u00e0 ce site web et aux transactions relatives \u00e0 nos produits et services. Vous pouvez \u00eatre li\u00e9 par des contrats suppl\u00e9mentaires relatifs \u00e0 votre relation avec nous ou \u00e0 tout produit ou service que vous recevez de notre part. Si les dispositions des contrats suppl\u00e9mentaires sont en conflit avec les dispositions des pr\u00e9sentes conditions g\u00e9n\u00e9rales, les dispositions de ces contrats suppl\u00e9mentaires pr\u00e9vaudront.<\/p><h2>2. Obligatoire<\/h2><p>En vous inscrivant sur ce site, en y acc\u00e9dant ou en l'utilisant d'une autre mani\u00e8re, vous acceptez d'\u00eatre li\u00e9 par les conditions g\u00e9n\u00e9rales \u00e9nonc\u00e9es ci-dessous. La simple utilisation de ce site web implique la connaissance et l'acceptation de ces conditions g\u00e9n\u00e9rales. Dans certains cas sp\u00e9cifiques, nous pouvons \u00e9galement vous demander de donner votre accord explicite.<\/p><h2>3. Communication \u00e9lectronique<\/h2><p>En utilisant ce site web ou en communiquant avec nous par voie \u00e9lectronique, vous acceptez et reconnaissez que nous pouvons communiquer avec vous par voie \u00e9lectronique sur notre site web ou en vous envoyant un courrier \u00e9lectronique, et vous acceptez que tous les accords, Vous acceptez que tous les accords, notifications, publications et autres communications que nous vous fournissons par voie \u00e9lectronique soient conformes \u00e0 toutes les exigences l\u00e9gales, y compris, mais sans s'y limiter, l'exigence que ces communications soient faites par \u00e9crit.<\/p><h2>4. La propri\u00e9t\u00e9 intellectuelle<\/h2><p>Nous ou nos conc\u00e9dants de licence d\u00e9tenons et contr\u00f4lons tous les droits d'auteur et autres droits de propri\u00e9t\u00e9 intellectuelle relatifs au site web et aux donn\u00e9es, informations et autres ressources affich\u00e9es sur le site web ou accessibles par celui-ci.<\/p><p class=\"cmplz-subtitle\">4.1 Tous droits r\u00e9serv\u00e9s<\/p><p>Sauf indication contraire dans le contenu, aucune licence ni aucun autre droit ne vous sont accord\u00e9s en ce qui concerne les droits d'auteur, les marques, l'habillage commercial ou d'autres droits de propri\u00e9t\u00e9 intellectuelle. Cela signifie que vous ne devez pas utiliser, copier, reproduire, exporter, afficher, distribuer, int\u00e9grer dans un support \u00e9lectronique, modifier, faire de l'ing\u00e9nierie inverse, de la compilation inverse, d\u00e9compiler, transf\u00e9rer, t\u00e9l\u00e9charger, transmettre, stocker, vendre, commercialiser ou commercialiser les ressources de ce site web sous quelque forme que ce soit, sans avoir obtenu au pr\u00e9alable l'autorisation de la Commission europ\u00e9enne, commercialiser les ressources de ce site web sous quelque forme que ce soit, sans notre autorisation \u00e9crite pr\u00e9alable, sauf et seulement dans la mesure o\u00f9 la loi applicable en dispose autrement (comme le droit de citation).<\/p><h2>5. Lettre d'informations<\/h2><p>Nonobstant ce qui pr\u00e9c\u00e8de, vous pouvez transmettre notre lettre d'information par voie \u00e9lectronique \u00e0 d'autres personnes susceptibles d'\u00eatre int\u00e9ress\u00e9es par notre site web.<\/p><h2>6. Propri\u00e9t\u00e9 de tierce partie<\/h2><p>Notre site web peut contenir des hyperliens ou d'autres r\u00e9f\u00e9rences \u00e0 des sites web de tiers. Nous ne contr\u00f4lons ni n'examinons le contenu des sites web de tiers li\u00e9s \u00e0 ce site web. Les produits ou services offerts par d'autres sites sont soumis aux conditions g\u00e9n\u00e9rales applicables \u00e0 ces sites. Les opinions exprim\u00e9es ou les \u00e9l\u00e9ments apparaissant sur ces sites ne sont pas n\u00e9cessairement partag\u00e9s ou approuv\u00e9s par nous.<\/p><p>Nous ne sommes pas responsables des pratiques en mati\u00e8re de protection de la vie priv\u00e9e ou du contenu de ces sites. Vous assumez tous les risques li\u00e9s \u00e0 l'utilisation de ces sites web et de tout service de tiers. Nous n'acceptons aucune responsabilit\u00e9 pour toute perte ou dommage, quelle qu'en soit la cause, r\u00e9sultant de la divulgation de vos informations personnelles \u00e0 des tiers.<\/p><h2>7. Utilisation responsable<\/h2><p>En visitant notre site web, vous acceptez de l'utiliser uniquement aux fins pr\u00e9vues et autoris\u00e9es par les pr\u00e9sentes conditions g\u00e9n\u00e9rales, par tout accord suppl\u00e9mentaire conclu avec nous, et par les lois et r\u00e9glementations applicables, ainsi que par les pratiques en ligne g\u00e9n\u00e9ralement accept\u00e9es et les lignes directrices de l'industrie. Vous ne devez pas utiliser notre site web ou nos services pour utiliser, publier ou distribuer quoi que ce soit qui consiste en (ou est li\u00e9 \u00e0) un logiciel malveillant ; pour utiliser les donn\u00e9es collect\u00e9es sur notre site web pour toute activit\u00e9 de marketing direct, ou pour vous engager dans toute activit\u00e9 de collecte de donn\u00e9es syst\u00e9matique ou automatis\u00e9e sur ou en relation avec notre site web.<\/p><p>Il est strictement interdit de se livrer \u00e0 toute activit\u00e9 qui cause, ou pourrait causer, des dommages au site web ou qui interf\u00e8re avec les performances, la disponibilit\u00e9 ou l'accessibilit\u00e9 du site web.<\/p><h2>8. Inscription<\/h2><p>Vous pouvez ouvrir un compte sur notre site web. Au cours de cette proc\u00e9dure, il peut vous \u00eatre demand\u00e9 de choisir un mot de passe. Vous \u00eates responsable de la confidentialit\u00e9 de vos mots de passe et des informations relatives \u00e0 votre compte et vous vous engagez \u00e0 ne pas partager vos mots de passe, les informations relatives \u00e0 votre compte ou l'acc\u00e8s s\u00e9curis\u00e9 \u00e0 notre site web ou \u00e0 nos services avec qui que ce soit d'autre. Vous ne devez pas autoriser une autre personne \u00e0 utiliser votre compte pour acc\u00e9der au site web, car vous \u00eates responsable de toutes les activit\u00e9s qui se produisent par l'utilisation de vos mots de passe ou de vos comptes. Vous devez nous informer imm\u00e9diatement si vous avez connaissance de la divulgation de votre mot de passe.<\/p><p>Apr\u00e8s avoir cl\u00f4tur\u00e9 le compte, n'essayez pas d'ouvrir un nouveau compte sans notre autorisation.<\/p><h2>9. Soumission d'id\u00e9e<\/h2><p>Ne soumettez pas d'id\u00e9es, d'inventions, de travaux d'auteur ou d'autres informations pouvant \u00eatre consid\u00e9r\u00e9es comme votre propre propri\u00e9t\u00e9 intellectuelle que vous souhaitez nous soumettre, \u00e0 moins que nous n'ayons sign\u00e9 un accord de propri\u00e9t\u00e9 intellectuelle ou de non-divulgation. Si vous nous le divulguez en l'absence d'un tel accord \u00e9crit, vous nous accordez une licence mondiale, non r\u00e9vocable, non exclusive et non remboursable pour utiliser, reproduire, stocker, adapter, publier, traduire et distribuer votre contenu sur tout support existant ou futur.<\/p><h2>10. Fin d'utilisation<\/h2><p>Nous pouvons, \u00e0 notre seule discr\u00e9tion, modifier ou interrompre \u00e0 tout moment l'acc\u00e8s, de mani\u00e8re temporaire ou permanente, au site web ou \u00e0 tout service qui s'y trouve. Vous acceptez que nous ne soyons pas responsables envers vous ou un tiers de toute modification, suspension ou interruption de votre acc\u00e8s ou de votre utilisation du site web ou de tout contenu que vous pouvez publier sur le site web. Vous n'aurez droit \u00e0 aucune indemnit\u00e9 ou autre paiement, m\u00eame si certaines fonctionnalit\u00e9s, certaines r\u00e8gles et\/ou tout contenu auquel vous avez contribu\u00e9 ou sur lequel vous vous \u00eates appuy\u00e9 sont d\u00e9finitivement perdus. Vous ne pouvez pas contourner ou d\u00e9sactiver, ou tenter de contourner ou de d\u00e9sactiver, les mesures limitant l'acc\u00e8s \u00e0 notre site web.<\/p><h2>11. Garanties et responsabilit\u00e9<\/h2><p>Aucune disposition de la pr\u00e9sente section ne limite ou n'exclut une garantie l\u00e9gale implicite qu'il serait ill\u00e9gal de limiter ou d'exclure. Ce site web et tout son contenu sont fournis \"en l'\u00e9tat\" et \"tels que disponibles\" et peuvent contenir des inexactitudes ou des erreurs typographiques. Nous d\u00e9clinons express\u00e9ment toute garantie de quelque nature que ce soit, expresse ou implicite, quant \u00e0 la disponibilit\u00e9, l'exactitude ou l'exhaustivit\u00e9 du contenu. Nous ne le garantissons pas :<\/p><p><ul>\n                    <li>que ce site web ou son contenu r\u00e9pondra \u00e0 vos besoins ;<\/li>\n                    <li>ce site web sera disponible de mani\u00e8re ininterrompue, opportune, s\u00fbre ou sans erreur.<\/li>\n        <\/ul><\/p><p>Rien sur ce site ne constitue ou n'est destin\u00e9 \u00e0 constituer un conseil juridique, financier ou m\u00e9dical de quelque nature que ce soit. Si vous avez besoin d'un conseil, vous devez consulter un professionnel appropri\u00e9.<\/p><p>Les dispositions suivantes de la pr\u00e9sente section s'appliquent dans toute la mesure permise par la loi applicable et ne limitent ni n'excluent notre responsabilit\u00e9 \u00e0 l'\u00e9gard de toute question pour laquelle il serait ill\u00e9gal ou illicite pour nous de limiter ou d'exclure notre responsabilit\u00e9. Nous ne serons en aucun cas responsables des dommages directs ou indirects (y compris les dommages r\u00e9sultant d'une perte de b\u00e9n\u00e9fices ou de revenus, d'une perte ou d'une corruption de donn\u00e9es, de logiciels ou de bases de donn\u00e9es, ou d'une perte ou d'un dommage \u00e0 des biens ou \u00e0 des donn\u00e9es) subis par vous ou par un tiers \u00e0 la suite de votre acc\u00e8s \u00e0 notre site web ou de votre utilisation de celui-ci.<\/p><p>Sauf dans la mesure o\u00f9 un contrat suppl\u00e9mentaire stipule express\u00e9ment le contraire, notre responsabilit\u00e9 maximale envers vous pour tout dommage d\u00e9coulant de ou li\u00e9 au site web ou \u00e0 tout produit et service commercialis\u00e9 ou vendu par l'interm\u00e9diaire du site web, quelle que soit la forme de l'action en justice qui impose la responsabilit\u00e9 (qu'il s'agisse d'un contrat, d'un d\u00e9lit, d'une n\u00e9gligence, d'une faute intentionnelle, d'une n\u00e9gligence ou autre) sera limit\u00e9e au prix total pay\u00e9 par vous pour l'achat de ces produits ou services ou pour l'utilisation du site web. Cette limitation s'applique globalement \u00e0 l'ensemble de vos r\u00e9clamations, actions et causes d'action de tout type et de toute nature.<\/p><h2>12. Confidentialit\u00e9<\/h2><p>Pour acc\u00e9der \u00e0 notre site web et\/ou \u00e0 nos services, il peut vous \u00eatre demand\u00e9 de fournir certaines informations vous concernant dans le cadre de la proc\u00e9dure d'enregistrement. Vous acceptez que toutes les informations que vous fournissez soient toujours exactes, correctes et \u00e0 jour.<\/p><p>Nous avons \u00e9labor\u00e9 une politique visant \u00e0 r\u00e9pondre \u00e0 toutes vos pr\u00e9occupations en mati\u00e8re de protection de la vie priv\u00e9e. Pour plus d'informations, veuillez consulter notre <a href=\"#?cmplz_region_redirect=true\">d\u00e9claration de confidentialit\u00e9<\/a> et notre <a href=\"https:\/\/rgmetalshaping.com\/fr\/politique-de-cookies\/\">Politique en mati\u00e8re de cookies<\/a>.<\/p><h2>13. Restrictions \u00e0 l'exportation \/ Conformit\u00e9 l\u00e9gale<\/h2><p>L'acc\u00e8s au site web \u00e0 partir de territoires ou de pays o\u00f9 le contenu ou l'achat de produits ou de services vendus sur le site web est ill\u00e9gal est interdit. Vous ne pouvez pas utiliser ce site web en violation des lois et r\u00e9glementations espagnoles en mati\u00e8re d'exportation.<\/p><h2>14. Affectation<\/h2><p>Vous ne pouvez pas c\u00e9der, transf\u00e9rer ou conc\u00e9der une sous-licence de vos droits et\/ou obligations en vertu des pr\u00e9sentes conditions g\u00e9n\u00e9rales, en tout ou en partie, \u00e0 un tiers sans notre consentement \u00e9crit expr\u00e8s. Toute cession jug\u00e9e contraire \u00e0 la pr\u00e9sente section sera nulle et non avenue.<\/p><h2>15. Violation des pr\u00e9sentes conditions g\u00e9n\u00e9rales<\/h2><p>Sans pr\u00e9judice de nos autres droits en vertu des pr\u00e9sentes conditions g\u00e9n\u00e9rales, si vous enfreignez les pr\u00e9sentes conditions g\u00e9n\u00e9rales de quelque mani\u00e8re que ce soit, nous pouvons prendre les mesures que nous jugeons appropri\u00e9es pour rem\u00e9dier \u00e0 l'infraction, y compris la suspension temporaire ou permanente de votre acc\u00e8s au site web, la prise de contact avec votre fournisseur d'acc\u00e8s Internet pour lui demander de bloquer votre acc\u00e8s au site web, et\/ou engager une action en justice contre vous.<\/p><h2>16. Indemnisation<\/h2><p>Vous acceptez de nous indemniser, de nous d\u00e9fendre et de nous d\u00e9gager de toute responsabilit\u00e9 en cas de r\u00e9clamation, de responsabilit\u00e9, de dommages, de pertes et de d\u00e9penses li\u00e9s \u00e0 votre violation des pr\u00e9sentes conditions g\u00e9n\u00e9rales et des lois applicables, y compris les droits de propri\u00e9t\u00e9 intellectuelle et les droits en mati\u00e8re de protection de la vie priv\u00e9e. Vous nous rembourserez rapidement tous les dommages, pertes, co\u00fbts et d\u00e9penses li\u00e9s \u00e0 ces r\u00e9clamations ou en cas de violation.<\/p><h2>17. D\u00e9rogation<\/h2><p>Le fait de ne pas appliquer l'une des dispositions des pr\u00e9sentes conditions g\u00e9n\u00e9rales et de tout accord, ou de ne pas exercer une option de retrait, ne doit pas \u00eatre interpr\u00e9t\u00e9 comme une renonciation \u00e0 ces dispositions et n'affecte pas la validit\u00e9 des pr\u00e9sentes conditions g\u00e9n\u00e9rales ou de tout accord ou d'une partie de ceux-ci, ni le droit d'appliquer l'une de ces dispositions.<\/p><h2>18. Langue<\/h2><p>Les pr\u00e9sentes conditions g\u00e9n\u00e9rales seront traduites exclusivement en espagnol, le castillan. Toutes les notifications et la correspondance seront r\u00e9dig\u00e9es exclusivement dans cette langue.<\/p><h2>19. Accord int\u00e9gral<\/h2><p>Ces conditions g\u00e9n\u00e9rales, ainsi que nos <a href=\"#?cmplz_region_redirect=true\">d\u00e9claration de confidentialit\u00e9<\/a> et <a href=\"https:\/\/rgmetalshaping.com\/fr\/politique-de-cookies\/\">Politique en mati\u00e8re de cookies<\/a>Ces termes et conditions constituent l'int\u00e9gralit\u00e9 de l'accord entre vous et R&amp;G Metal Shaping S.L. concernant votre utilisation de ce site web.<\/p><h2>20. mise \u00e0 jour des pr\u00e9sentes conditions g\u00e9n\u00e9rales<\/h2><p>Nous pouvons de temps \u00e0 autre mettre \u00e0 jour les pr\u00e9sentes conditions g\u00e9n\u00e9rales. La date indiqu\u00e9e au d\u00e9but des pr\u00e9sentes conditions g\u00e9n\u00e9rales est la date de r\u00e9vision la plus r\u00e9cente. Nous vous informerons par \u00e9crit de toute modification ou mise \u00e0 jour, et les conditions g\u00e9n\u00e9rales r\u00e9vis\u00e9es entreront en vigueur \u00e0 la date \u00e0 laquelle nous vous en informerons. Le fait de continuer \u00e0 utiliser ce site web apr\u00e8s la publication de modifications ou de mises \u00e0 jour sera consid\u00e9r\u00e9 comme une notification de votre acceptation de respecter et d'\u00eatre li\u00e9 par ces conditions g\u00e9n\u00e9rales. Pour demander une version ant\u00e9rieure de ces conditions g\u00e9n\u00e9rales, veuillez nous contacter.<\/p><h2>21. Choix de la loi et de la juridiction<\/h2><p>Les pr\u00e9sentes conditions g\u00e9n\u00e9rales sont r\u00e9gies par les lois espagnoles. Tout litige relatif \u00e0 ces conditions g\u00e9n\u00e9rales sera soumis \u00e0 la juridiction des tribunaux espagnols. Si une partie ou une disposition des pr\u00e9sentes conditions g\u00e9n\u00e9rales est jug\u00e9e invalide et\/ou inapplicable par un tribunal ou une autre autorit\u00e9 en vertu de la loi applicable, cette partie ou disposition sera modifi\u00e9e, supprim\u00e9e et\/ou appliqu\u00e9e dans toute la mesure du possible de mani\u00e8re \u00e0 donner effet \u00e0 l'intention des pr\u00e9sentes conditions g\u00e9n\u00e9rales. Les autres dispositions ne seront pas affect\u00e9es.<\/p><h2>22. coordonn\u00e9es<\/h2><p>Ce site web est g\u00e9r\u00e9 et exploit\u00e9 par R&amp;G Metal Shaping S.L..<\/p><p>Vous pouvez nous contacter au sujet des pr\u00e9sentes conditions g\u00e9n\u00e9rales en nous \u00e9crivant ou en nous envoyant un e-mail \u00e0 l\u2019adresse suivante\u00a0: l&#111;pd&#064;r&#103;&#109;&#101;&#116;&#097;&#108;s&#104;&#097;pi&#110;g&#046;c&#111;&#109;<br>Pol. Ind. Malloles \u00b7 C\/ Esquirol, 4 \u00b7 08500 VIC <\/p><h2>23. t\u00e9l\u00e9chargement<\/h2><p>Vous pouvez \u00e9galement <a href=\"https:\/\/rgmetalshaping.com\/wp-content\/plugins\/complianz-terms-conditions\/download.php\">t\u00e9l\u00e9charger<\/a> nos conditions g\u00e9n\u00e9rales au format PDF.<\/p><\/div>","protected":false},"excerpt":{"rendered":"","protected":false},"author":4,"featured_media":0,"parent":0,"menu_order":0,"comment_status":"closed","ping_status":"closed","template":"","meta":{"footnotes":""},"class_list":["post-8879","page","type-page","status-publish","hentry"],"yoast_head":"<!-- This site is optimized with the Yoast SEO plugin v27.3 - https:\/\/yoast.com\/product\/yoast-seo-wordpress\/ -->\n<title>Terms and Conditions &#8226; R&amp;G Metal Shaping<\/title>\n<meta name=\"robots\" content=\"index, follow, max-snippet:-1, max-image-preview:large, max-video-preview:-1\" \/>\n<link rel=\"canonical\" href=\"https:\/\/rgmetalshaping.com\/fr\/terms-and-conditions\/\" \/>\n<meta property=\"og:locale\" content=\"fr_FR\" \/>\n<meta property=\"og:type\" content=\"article\" \/>\n<meta property=\"og:title\" content=\"Terms and Conditions &#8226; R&amp;G Metal Shaping\" \/>\n<meta property=\"og:url\" content=\"https:\/\/rgmetalshaping.com\/fr\/terms-and-conditions\/\" \/>\n<meta property=\"og:site_name\" content=\"R&amp;G Metal Shaping\" \/>\n<meta property=\"article:publisher\" content=\"https:\/\/www.facebook.com\/rgmetalshaping\" \/>\n<meta name=\"twitter:card\" content=\"summary_large_image\" \/>\n<script type=\"application\/ld+json\" class=\"yoast-schema-graph\">{\"@context\":\"https:\\\/\\\/schema.org\",\"@graph\":[{\"@type\":\"WebPage\",\"@id\":\"https:\\\/\\\/rgmetalshaping.com\\\/terms-and-conditions\\\/\",\"url\":\"https:\\\/\\\/rgmetalshaping.com\\\/terms-and-conditions\\\/\",\"name\":\"Terms and Conditions &#8226; R&amp;G Metal Shaping\",\"isPartOf\":{\"@id\":\"https:\\\/\\\/rgmetalshaping.com\\\/#website\"},\"datePublished\":\"2025-04-24T08:08:35+00:00\",\"breadcrumb\":{\"@id\":\"https:\\\/\\\/rgmetalshaping.com\\\/terms-and-conditions\\\/#breadcrumb\"},\"inLanguage\":\"fr-FR\",\"potentialAction\":[{\"@type\":\"ReadAction\",\"target\":[\"https:\\\/\\\/rgmetalshaping.com\\\/terms-and-conditions\\\/\"]}]},{\"@type\":\"BreadcrumbList\",\"@id\":\"https:\\\/\\\/rgmetalshaping.com\\\/terms-and-conditions\\\/#breadcrumb\",\"itemListElement\":[{\"@type\":\"ListItem\",\"position\":1,\"name\":\"Inici\",\"item\":\"https:\\\/\\\/rgmetalshaping.com\\\/\"},{\"@type\":\"ListItem\",\"position\":2,\"name\":\"Terms and Conditions\"}]},{\"@type\":\"WebSite\",\"@id\":\"https:\\\/\\\/rgmetalshaping.com\\\/#website\",\"url\":\"https:\\\/\\\/rgmetalshaping.com\\\/\",\"name\":\"R&G Metal Shaping\",\"description\":\"Planchisteria industrial de precisi\u00f3n\",\"publisher\":{\"@id\":\"https:\\\/\\\/rgmetalshaping.com\\\/#organization\"},\"alternateName\":\"RG Metal Shaping\",\"potentialAction\":[{\"@type\":\"SearchAction\",\"target\":{\"@type\":\"EntryPoint\",\"urlTemplate\":\"https:\\\/\\\/rgmetalshaping.com\\\/?s={search_term_string}\"},\"query-input\":{\"@type\":\"PropertyValueSpecification\",\"valueRequired\":true,\"valueName\":\"search_term_string\"}}],\"inLanguage\":\"fr-FR\"},{\"@type\":\"Organization\",\"@id\":\"https:\\\/\\\/rgmetalshaping.com\\\/#organization\",\"name\":\"R&G Metal Shaping\",\"alternateName\":\"R&G Metal Shaping\",\"url\":\"https:\\\/\\\/rgmetalshaping.com\\\/\",\"logo\":{\"@type\":\"ImageObject\",\"inLanguage\":\"fr-FR\",\"@id\":\"https:\\\/\\\/rgmetalshaping.com\\\/#\\\/schema\\\/logo\\\/image\\\/\",\"url\":\"https:\\\/\\\/rgmetalshaping.com\\\/wp-content\\\/uploads\\\/2023\\\/01\\\/RG-Logo-Dark.svg\",\"contentUrl\":\"https:\\\/\\\/rgmetalshaping.com\\\/wp-content\\\/uploads\\\/2023\\\/01\\\/RG-Logo-Dark.svg\",\"width\":101,\"height\":54,\"caption\":\"R&G Metal Shaping\"},\"image\":{\"@id\":\"https:\\\/\\\/rgmetalshaping.com\\\/#\\\/schema\\\/logo\\\/image\\\/\"},\"sameAs\":[\"https:\\\/\\\/www.facebook.com\\\/rgmetalshaping\",\"https:\\\/\\\/www.linkedin.com\\\/company\\\/r&g-metal-shaping-sl\\\/\",\"https:\\\/\\\/www.instagram.com\\\/rgmetalshaping\\\/\"]}]}<\/script>\n<!-- \/ Yoast SEO plugin. -->","yoast_head_json":{"title":"Conditions g\u00e9n\u00e9rales - R&amp;G Metal Shaping","robots":{"index":"index","follow":"follow","max-snippet":"max-snippet:-1","max-image-preview":"max-image-preview:large","max-video-preview":"max-video-preview:-1"},"canonical":"https:\/\/rgmetalshaping.com\/fr\/terms-and-conditions\/","og_locale":"fr_FR","og_type":"article","og_title":"Terms and Conditions &#8226; R&amp;G Metal Shaping","og_url":"https:\/\/rgmetalshaping.com\/fr\/terms-and-conditions\/","og_site_name":"R&amp;G Metal Shaping","article_publisher":"https:\/\/www.facebook.com\/rgmetalshaping","twitter_card":"summary_large_image","schema":{"@context":"https:\/\/schema.org","@graph":[{"@type":"WebPage","@id":"https:\/\/rgmetalshaping.com\/terms-and-conditions\/","url":"https:\/\/rgmetalshaping.com\/terms-and-conditions\/","name":"Conditions g\u00e9n\u00e9rales - R&amp;G Metal Shaping","isPartOf":{"@id":"https:\/\/rgmetalshaping.com\/#website"},"datePublished":"2025-04-24T08:08:35+00:00","breadcrumb":{"@id":"https:\/\/rgmetalshaping.com\/terms-and-conditions\/#breadcrumb"},"inLanguage":"fr-FR","potentialAction":[{"@type":"ReadAction","target":["https:\/\/rgmetalshaping.com\/terms-and-conditions\/"]}]},{"@type":"BreadcrumbList","@id":"https:\/\/rgmetalshaping.com\/terms-and-conditions\/#breadcrumb","itemListElement":[{"@type":"ListItem","position":1,"name":"Inici","item":"https:\/\/rgmetalshaping.com\/"},{"@type":"ListItem","position":2,"name":"Terms and Conditions"}]},{"@type":"WebSite","@id":"https:\/\/rgmetalshaping.com\/#website","url":"https:\/\/rgmetalshaping.com\/","name":"R&amp;G Metal Shaping","description":"Ferronnerie industrielle de pr\u00e9cision","publisher":{"@id":"https:\/\/rgmetalshaping.com\/#organization"},"alternateName":"RG Metal Shaping","potentialAction":[{"@type":"SearchAction","target":{"@type":"EntryPoint","urlTemplate":"https:\/\/rgmetalshaping.com\/?s={search_term_string}"},"query-input":{"@type":"PropertyValueSpecification","valueRequired":true,"valueName":"search_term_string"}}],"inLanguage":"fr-FR"},{"@type":"Organization","@id":"https:\/\/rgmetalshaping.com\/#organization","name":"R&amp;G Metal Shaping","alternateName":"R&G Metal Shaping","url":"https:\/\/rgmetalshaping.com\/","logo":{"@type":"ImageObject","inLanguage":"fr-FR","@id":"https:\/\/rgmetalshaping.com\/#\/schema\/logo\/image\/","url":"https:\/\/rgmetalshaping.com\/wp-content\/uploads\/2023\/01\/RG-Logo-Dark.svg","contentUrl":"https:\/\/rgmetalshaping.com\/wp-content\/uploads\/2023\/01\/RG-Logo-Dark.svg","width":101,"height":54,"caption":"R&G Metal Shaping"},"image":{"@id":"https:\/\/rgmetalshaping.com\/#\/schema\/logo\/image\/"},"sameAs":["https:\/\/www.facebook.com\/rgmetalshaping","https:\/\/www.linkedin.com\/company\/r&g-metal-shaping-sl\/","https:\/\/www.instagram.com\/rgmetalshaping\/"]}]}},"_links":{"self":[{"href":"https:\/\/rgmetalshaping.com\/fr\/wp-json\/wp\/v2\/pages\/8879","targetHints":{"allow":["GET"]}}],"collection":[{"href":"https:\/\/rgmetalshaping.com\/fr\/wp-json\/wp\/v2\/pages"}],"about":[{"href":"https:\/\/rgmetalshaping.com\/fr\/wp-json\/wp\/v2\/types\/page"}],"author":[{"embeddable":true,"href":"https:\/\/rgmetalshaping.com\/fr\/wp-json\/wp\/v2\/users\/4"}],"replies":[{"embeddable":true,"href":"https:\/\/rgmetalshaping.com\/fr\/wp-json\/wp\/v2\/comments?post=8879"}],"version-history":[{"count":0,"href":"https:\/\/rgmetalshaping.com\/fr\/wp-json\/wp\/v2\/pages\/8879\/revisions"}],"wp:attachment":[{"href":"https:\/\/rgmetalshaping.com\/fr\/wp-json\/wp\/v2\/media?parent=8879"}],"curies":[{"name":"wp","href":"https:\/\/api.w.org\/{rel}","templated":true}]}}